{"id":4444,"date":"2025-11-21T13:14:21","date_gmt":"2025-11-21T12:14:21","guid":{"rendered":"https:\/\/soemods-bolcher.dk\/?post_type=product&#038;p=4444"},"modified":"2025-11-21T15:33:25","modified_gmt":"2025-11-21T14:33:25","slug":"eucalyptus-candies","status":"publish","type":"product","link":"https:\/\/soemods-bolcher.dk\/en\/product\/eucalyptus-candies\/","title":{"rendered":"Eucalyptus Candies"},"content":{"rendered":"<article class=\"text-token-text-primary w-full focus:outline-none [--shadow-height:45px] has-data-writing-block:pointer-events-none has-data-writing-block:-mt-(--shadow-height) has-data-writing-block:pt-(--shadow-height) [&amp;:has([data-writing-block])&gt;*]:pointer-events-auto [content-visibility:auto] supports-[content-visibility:auto]:[contain-intrinsic-size:auto_100lvh] scroll-mt-[calc(var(--header-height)+min(200px,max(70px,20svh)))]\" dir=\"auto\" tabindex=\"-1\" data-turn-id=\"e0ad0162-5509-475c-989e-bdf7fd60a388\" data-testid=\"conversation-turn-864\" data-scroll-anchor=\"true\" data-turn=\"assistant\">\n<div class=\"text-base my-auto mx-auto pb-10 [--thread-content-margin:--spacing(4)] thread-sm:[--thread-content-margin:--spacing(6)] thread-lg:[--thread-content-margin:--spacing(16)] px-(--thread-content-margin)\">\n<div class=\"[--thread-content-max-width:40rem] thread-lg:[--thread-content-max-width:48rem] mx-auto max-w-(--thread-content-max-width) flex-1 group\/turn-messages focus-visible:outline-hidden relative flex w-full min-w-0 flex-col agent-turn\" tabindex=\"-1\">\n<div class=\"flex max-w-full flex-col grow\">\n<div class=\"min-h-8 text-message relative flex w-full flex-col items-end gap-2 text-start break-words whitespace-normal [.text-message+&amp;]:mt-1\" dir=\"auto\" data-message-author-role=\"assistant\" data-message-id=\"d0850936-7e9f-45eb-9e0a-d2f3e5e2ff50\" data-message-model-slug=\"gpt-5-1\">\n<div class=\"flex w-full flex-col gap-1 empty:hidden first:pt-[1px]\">\n<div class=\"markdown prose dark:prose-invert w-full break-words dark markdown-new-styling\">\n<p data-start=\"0\" data-end=\"363\"><strong data-start=\"0\" data-end=\"56\">Freshness, sweetness and natural relief in one candy<\/strong><br data-start=\"56\" data-end=\"59\" \/>S\u00f8mods Eucalyptus Candies are crafted for those who enjoy a sweet, mild and refreshing candy \u2013 and who appreciate the natural soothing effect eucalyptus is known for. They are the perfect choice when your throat feels scratchy, your nose is acting up, or when you simply want a clean and uplifting taste.<\/p>\n<hr data-start=\"365\" data-end=\"368\" \/>\n<h3 data-start=\"370\" data-end=\"418\"><strong data-start=\"374\" data-end=\"416\">What do eucalyptus candies taste like?<\/strong><\/h3>\n<p data-start=\"419\" data-end=\"732\">The flavour is sweet, rounded and pleasantly fresh without being sharp. The pure eucalyptus oil provides a natural aroma that feels both gentle and uplifting. This purity is exactly what sets these candies apart from many other eucalyptus products \u2013 here you get the genuine ingredient, not an artificial essence.<\/p>\n<hr data-start=\"734\" data-end=\"737\" \/>\n<h3 data-start=\"739\" data-end=\"781\"><strong data-start=\"743\" data-end=\"779\">Where does eucalyptus come from?<\/strong><\/h3>\n<p data-start=\"782\" data-end=\"1219\">Eucalyptus originally comes from Australia and Tasmania and exists in more than 700 species. The trees are often evergreen and recognised by their distinctive leaves, which change shape as the tree ages. The fragrant oil is extracted from the leaves and is used worldwide in everything from flavourings to lifestyle products. In candies, eucalyptus delivers a fresh and clean taste experience that both invigorates and naturally soothes.<\/p>\n<hr data-start=\"1221\" data-end=\"1224\" \/>\n<h3 data-start=\"1226\" data-end=\"1269\"><strong data-start=\"1230\" data-end=\"1267\">Where does our menthol come from?<\/strong><\/h3>\n<p data-start=\"1270\" data-end=\"1336\">The word <em data-start=\"1279\" data-end=\"1288\">menthol<\/em> comes from the Latin <em data-start=\"1310\" data-end=\"1318\">mentha<\/em> (mint) and <em data-start=\"1330\" data-end=\"1335\">-ol<\/em>.<\/p>\n<p data-start=\"1338\" data-end=\"1591\">Menthol is the main component of peppermint oil, extracted from <em data-start=\"1402\" data-end=\"1419\">Mentha piperita<\/em> of the mint family. It is widely used as a flavouring in both food and pharmaceutical industries. The compound can also be produced synthetically, for example from thymol.<\/p>\n<p data-start=\"1593\" data-end=\"2084\">Menthol is an organic compound produced synthetically or derived from cornmint, peppermint or other mint oils. It is a waxy, crystalline substance, clear or white in colour, solid at room temperature and melting slightly above. The most important naturally occurring form is <strong data-start=\"1868\" data-end=\"1880\">\u2013menthol<\/strong>, which has the active configuration. Menthol has mild anaesthetic and counter-irritant properties and is widely used to ease minor throat irritation. It also acts as a weak kappa-opioid receptor agonist.<\/p>\n<p data-start=\"2086\" data-end=\"2260\">Its ability to chemically trigger the cold-sensitive TRPM8 receptors in the skin is responsible for the familiar cooling sensation when inhaled, eaten or applied to the skin.<\/p>\n<hr data-start=\"2262\" data-end=\"2265\" \/>\n<h3 data-start=\"2267\" data-end=\"2311\"><strong data-start=\"2271\" data-end=\"2309\">How we make our Eucalyptus Candies<\/strong><\/h3>\n<p data-start=\"2312\" data-end=\"2620\">Production begins with our base mixture of 20 kg of pure sugar, boiled to almost 180\u00b0C \u2013 entirely without artificial additives. The hot sugar mass is poured onto the production table, where we add natural green colouring in the form of chlorophyll \u2013 the same pigment that gives grass and leaves their colour.<\/p>\n<p data-start=\"2622\" data-end=\"2844\">When the mass is folded together and cooled to around 110\u00b0C, menthol crystals and eucalyptus oil are added. Unlike many of our other candies, this mixture is not pulled, as these candies must remain clear and evenly green.<\/p>\n<p data-start=\"2846\" data-end=\"3111\">The mass is then rolled into its final shape using one of our most iconic machines \u2013 a more than 125-year-old roller marked with the initials <strong data-start=\"2988\" data-end=\"2994\">MS<\/strong>, named after three generations of S\u00f8mod: Martin, Michael and Mike S\u00f8emod. It is genuine craftsmanship you can taste.<\/p>\n<hr data-start=\"3113\" data-end=\"3116\" \/>\n<h3 data-start=\"3118\" data-end=\"3157\"><strong data-start=\"3122\" data-end=\"3155\">A webshop-exclusive favourite<\/strong><\/h3>\n<p data-start=\"3158\" data-end=\"3380\" data-is-last-node=\"\" data-is-only-node=\"\">Eucalyptus Candies can only be purchased online in 250 g bags \u2013 or as part of our popular winter mix. The flavour is loved by both children and adults and offers a eucalyptus experience in its purest and most natural form.<\/p>\n<\/div>\n<\/div>\n<\/div>\n<\/div>\n<div class=\"z-0 flex min-h-[46px] justify-start\">\u00a0<\/div>\n<div class=\"mt-3 w-full empty:hidden\">\n<div class=\"text-center\">\u00a0<\/div>\n<\/div>\n<\/div>\n<\/div>\n<\/article>\n<div class=\"pointer-events-none h-px w-px\" aria-hidden=\"true\" data-edge=\"true\">\u00a0<\/div>\n","protected":false},"excerpt":{"rendered":"<p>Sweet, refreshing Eucalyptus Candies made with pure eucalyptus oil, menthol and natural green colouring. Handcrafted following traditional methods and available exclusively online in 250 g bags.<\/p>\n","protected":false},"featured_media":4441,"comment_status":"closed","ping_status":"closed","template":"","meta":{"_acf_changed":false,"_et_pb_use_builder":"","_et_pb_old_content":"","_et_gb_content_width":"","inline_featured_image":false},"product_brand":[],"product_cat":[345,365,722,353,704,364],"product_tag":[744,461,460,742,743],"class_list":{"0":"post-4444","1":"product","2":"type-product","3":"status-publish","4":"has-post-thumbnail","6":"product_cat-hard-boiled-sweets-gourmet-candies","7":"product_cat-occasions","8":"product_cat-black-friday-en","9":"product_cat-assorted-bags","10":"product_cat-web-only","11":"product_cat-vegan-candies","12":"product_tag-candies-to-soothe-a-cold","13":"product_tag-eucalyptus","14":"product_tag-menthol","15":"product_tag-menthol-and-eucalyptus","16":"product_tag-wintercandies","17":"farve-green","19":"first","20":"instock","21":"taxable","22":"shipping-taxable","23":"purchasable","24":"product-type-simple"},"acf":[],"yoast_head":"<!-- This site is optimized with the Yoast SEO plugin v25.3.1 - https:\/\/yoast.com\/wordpress\/plugins\/seo\/ -->\n<title>Fresh and handmade Eucalyptus Candies | S\u00f8mods Bolcher<\/title>\n<meta name=\"description\" content=\"Handcrafted Eucalyptus Candies made with pure eucalyptus oil, menthol and natural green colouring. Fresh and sweet \u2013 webshop exclusive in 250 g bags.\" \/>\n<meta name=\"robots\" content=\"index, follow, max-snippet:-1, max-image-preview:large, max-video-preview:-1\" \/>\n<link rel=\"canonical\" href=\"https:\/\/soemods-bolcher.dk\/en\/product\/eucalyptus-candies\/\" \/>\n<meta property=\"og:locale\" content=\"en_US\" \/>\n<meta property=\"og:type\" content=\"article\" \/>\n<meta property=\"og:title\" content=\"Fresh and handmade Eucalyptus Candies | S\u00f8mods Bolcher\" \/>\n<meta property=\"og:description\" content=\"Handcrafted Eucalyptus Candies made with pure eucalyptus oil, menthol and natural green colouring. Fresh and sweet \u2013 webshop exclusive in 250 g bags.\" \/>\n<meta property=\"og:url\" content=\"https:\/\/soemods-bolcher.dk\/en\/product\/eucalyptus-candies\/\" \/>\n<meta property=\"og:site_name\" content=\"S\u00f8mods Bolcher\" \/>\n<meta property=\"article:publisher\" content=\"https:\/\/www.facebook.com\/Soemodsbolcher\/\" \/>\n<meta property=\"article:modified_time\" content=\"2025-11-21T14:33:25+00:00\" \/>\n<meta property=\"og:image\" content=\"https:\/\/soemods-bolcher.dk\/wp-content\/uploads\/2025\/11\/1-100.png\" \/>\n\t<meta property=\"og:image:width\" content=\"866\" \/>\n\t<meta property=\"og:image:height\" content=\"1000\" \/>\n\t<meta property=\"og:image:type\" content=\"image\/png\" \/>\n<meta name=\"twitter:card\" content=\"summary_large_image\" \/>\n<meta name=\"twitter:label1\" content=\"Est. reading time\" \/>\n\t<meta name=\"twitter:data1\" content=\"3 minutes\" \/>\n<script type=\"application\/ld+json\" class=\"yoast-schema-graph\">{\"@context\":\"https:\/\/schema.org\",\"@graph\":[{\"@type\":\"WebPage\",\"@id\":\"https:\/\/soemods-bolcher.dk\/en\/product\/eucalyptus-candies\/\",\"url\":\"https:\/\/soemods-bolcher.dk\/en\/product\/eucalyptus-candies\/\",\"name\":\"Fresh and handmade Eucalyptus Candies | S\u00f8mods Bolcher\",\"isPartOf\":{\"@id\":\"https:\/\/soemods-bolcher.dk\/#website\"},\"primaryImageOfPage\":{\"@id\":\"https:\/\/soemods-bolcher.dk\/en\/product\/eucalyptus-candies\/#primaryimage\"},\"image\":{\"@id\":\"https:\/\/soemods-bolcher.dk\/en\/product\/eucalyptus-candies\/#primaryimage\"},\"thumbnailUrl\":\"https:\/\/soemods-bolcher.dk\/wp-content\/uploads\/2025\/11\/1-100.png\",\"datePublished\":\"2025-11-21T12:14:21+00:00\",\"dateModified\":\"2025-11-21T14:33:25+00:00\",\"description\":\"Handcrafted Eucalyptus Candies made with pure eucalyptus oil, menthol and natural green colouring. Fresh and sweet \u2013 webshop exclusive in 250 g bags.\",\"breadcrumb\":{\"@id\":\"https:\/\/soemods-bolcher.dk\/en\/product\/eucalyptus-candies\/#breadcrumb\"},\"inLanguage\":\"en-US\",\"potentialAction\":[{\"@type\":\"ReadAction\",\"target\":[\"https:\/\/soemods-bolcher.dk\/en\/product\/eucalyptus-candies\/\"]}]},{\"@type\":\"ImageObject\",\"inLanguage\":\"en-US\",\"@id\":\"https:\/\/soemods-bolcher.dk\/en\/product\/eucalyptus-candies\/#primaryimage\",\"url\":\"https:\/\/soemods-bolcher.dk\/wp-content\/uploads\/2025\/11\/1-100.png\",\"contentUrl\":\"https:\/\/soemods-bolcher.dk\/wp-content\/uploads\/2025\/11\/1-100.png\",\"width\":866,\"height\":1000,\"caption\":\"Eukalyptusbolcher i glas \u2013 frisk, naturlig og h\u00e5ndlavet kvalitet.\"},{\"@type\":\"BreadcrumbList\",\"@id\":\"https:\/\/soemods-bolcher.dk\/en\/product\/eucalyptus-candies\/#breadcrumb\",\"itemListElement\":[{\"@type\":\"ListItem\",\"position\":1,\"name\":\"Hjem\",\"item\":\"https:\/\/soemods-bolcher.dk\/en\/\"},{\"@type\":\"ListItem\",\"position\":2,\"name\":\"Shop\",\"item\":\"https:\/\/soemods-bolcher.dk\/produkter\/\"},{\"@type\":\"ListItem\",\"position\":3,\"name\":\"Eucalyptus Candies\"}]},{\"@type\":\"WebSite\",\"@id\":\"https:\/\/soemods-bolcher.dk\/#website\",\"url\":\"https:\/\/soemods-bolcher.dk\/\",\"name\":\"S\u00f8mods Bolcher\",\"description\":\"Kongelig Hofleverand\u00f8r - Bolcher i N\u00f8rregade\",\"publisher\":{\"@id\":\"https:\/\/soemods-bolcher.dk\/#organization\"},\"potentialAction\":[{\"@type\":\"SearchAction\",\"target\":{\"@type\":\"EntryPoint\",\"urlTemplate\":\"https:\/\/soemods-bolcher.dk\/?s={search_term_string}\"},\"query-input\":{\"@type\":\"PropertyValueSpecification\",\"valueRequired\":true,\"valueName\":\"search_term_string\"}}],\"inLanguage\":\"en-US\"},{\"@type\":\"Organization\",\"@id\":\"https:\/\/soemods-bolcher.dk\/#organization\",\"name\":\"S\u00f8mods Bolcher\",\"url\":\"https:\/\/soemods-bolcher.dk\/\",\"logo\":{\"@type\":\"ImageObject\",\"inLanguage\":\"en-US\",\"@id\":\"https:\/\/soemods-bolcher.dk\/#\/schema\/logo\/image\/\",\"url\":\"https:\/\/soemods-bolcher.dk\/wp-content\/uploads\/2024\/06\/Layer_1.svg\",\"contentUrl\":\"https:\/\/soemods-bolcher.dk\/wp-content\/uploads\/2024\/06\/Layer_1.svg\",\"width\":207,\"height\":69,\"caption\":\"S\u00f8mods Bolcher\"},\"image\":{\"@id\":\"https:\/\/soemods-bolcher.dk\/#\/schema\/logo\/image\/\"},\"sameAs\":[\"https:\/\/www.facebook.com\/Soemodsbolcher\/\",\"https:\/\/www.instagram.com\/soemodsbolcher\/?hl=da\"]}]}<\/script>\n<!-- \/ Yoast SEO plugin. -->","yoast_head_json":{"title":"Fresh and handmade Eucalyptus Candies | S\u00f8mods Bolcher","description":"Handcrafted Eucalyptus Candies made with pure eucalyptus oil, menthol and natural green colouring. Fresh and sweet \u2013 webshop exclusive in 250 g bags.","robots":{"index":"index","follow":"follow","max-snippet":"max-snippet:-1","max-image-preview":"max-image-preview:large","max-video-preview":"max-video-preview:-1"},"canonical":"https:\/\/soemods-bolcher.dk\/en\/product\/eucalyptus-candies\/","og_locale":"en_US","og_type":"article","og_title":"Fresh and handmade Eucalyptus Candies | S\u00f8mods Bolcher","og_description":"Handcrafted Eucalyptus Candies made with pure eucalyptus oil, menthol and natural green colouring. Fresh and sweet \u2013 webshop exclusive in 250 g bags.","og_url":"https:\/\/soemods-bolcher.dk\/en\/product\/eucalyptus-candies\/","og_site_name":"S\u00f8mods Bolcher","article_publisher":"https:\/\/www.facebook.com\/Soemodsbolcher\/","article_modified_time":"2025-11-21T14:33:25+00:00","og_image":[{"width":866,"height":1000,"url":"https:\/\/soemods-bolcher.dk\/wp-content\/uploads\/2025\/11\/1-100.png","type":"image\/png"}],"twitter_card":"summary_large_image","twitter_misc":{"Est. reading time":"3 minutes"},"schema":{"@context":"https:\/\/schema.org","@graph":[{"@type":"WebPage","@id":"https:\/\/soemods-bolcher.dk\/en\/product\/eucalyptus-candies\/","url":"https:\/\/soemods-bolcher.dk\/en\/product\/eucalyptus-candies\/","name":"Fresh and handmade Eucalyptus Candies | S\u00f8mods Bolcher","isPartOf":{"@id":"https:\/\/soemods-bolcher.dk\/#website"},"primaryImageOfPage":{"@id":"https:\/\/soemods-bolcher.dk\/en\/product\/eucalyptus-candies\/#primaryimage"},"image":{"@id":"https:\/\/soemods-bolcher.dk\/en\/product\/eucalyptus-candies\/#primaryimage"},"thumbnailUrl":"https:\/\/soemods-bolcher.dk\/wp-content\/uploads\/2025\/11\/1-100.png","datePublished":"2025-11-21T12:14:21+00:00","dateModified":"2025-11-21T14:33:25+00:00","description":"Handcrafted Eucalyptus Candies made with pure eucalyptus oil, menthol and natural green colouring. Fresh and sweet \u2013 webshop exclusive in 250 g bags.","breadcrumb":{"@id":"https:\/\/soemods-bolcher.dk\/en\/product\/eucalyptus-candies\/#breadcrumb"},"inLanguage":"en-US","potentialAction":[{"@type":"ReadAction","target":["https:\/\/soemods-bolcher.dk\/en\/product\/eucalyptus-candies\/"]}]},{"@type":"ImageObject","inLanguage":"en-US","@id":"https:\/\/soemods-bolcher.dk\/en\/product\/eucalyptus-candies\/#primaryimage","url":"https:\/\/soemods-bolcher.dk\/wp-content\/uploads\/2025\/11\/1-100.png","contentUrl":"https:\/\/soemods-bolcher.dk\/wp-content\/uploads\/2025\/11\/1-100.png","width":866,"height":1000,"caption":"Eukalyptusbolcher i glas \u2013 frisk, naturlig og h\u00e5ndlavet kvalitet."},{"@type":"BreadcrumbList","@id":"https:\/\/soemods-bolcher.dk\/en\/product\/eucalyptus-candies\/#breadcrumb","itemListElement":[{"@type":"ListItem","position":1,"name":"Hjem","item":"https:\/\/soemods-bolcher.dk\/en\/"},{"@type":"ListItem","position":2,"name":"Shop","item":"https:\/\/soemods-bolcher.dk\/produkter\/"},{"@type":"ListItem","position":3,"name":"Eucalyptus Candies"}]},{"@type":"WebSite","@id":"https:\/\/soemods-bolcher.dk\/#website","url":"https:\/\/soemods-bolcher.dk\/","name":"S\u00f8mods Bolcher","description":"Kongelig Hofleverand\u00f8r - Bolcher i N\u00f8rregade","publisher":{"@id":"https:\/\/soemods-bolcher.dk\/#organization"},"potentialAction":[{"@type":"SearchAction","target":{"@type":"EntryPoint","urlTemplate":"https:\/\/soemods-bolcher.dk\/?s={search_term_string}"},"query-input":{"@type":"PropertyValueSpecification","valueRequired":true,"valueName":"search_term_string"}}],"inLanguage":"en-US"},{"@type":"Organization","@id":"https:\/\/soemods-bolcher.dk\/#organization","name":"S\u00f8mods Bolcher","url":"https:\/\/soemods-bolcher.dk\/","logo":{"@type":"ImageObject","inLanguage":"en-US","@id":"https:\/\/soemods-bolcher.dk\/#\/schema\/logo\/image\/","url":"https:\/\/soemods-bolcher.dk\/wp-content\/uploads\/2024\/06\/Layer_1.svg","contentUrl":"https:\/\/soemods-bolcher.dk\/wp-content\/uploads\/2024\/06\/Layer_1.svg","width":207,"height":69,"caption":"S\u00f8mods Bolcher"},"image":{"@id":"https:\/\/soemods-bolcher.dk\/#\/schema\/logo\/image\/"},"sameAs":["https:\/\/www.facebook.com\/Soemodsbolcher\/","https:\/\/www.instagram.com\/soemodsbolcher\/?hl=da"]}]}},"_links":{"self":[{"href":"https:\/\/soemods-bolcher.dk\/en\/wp-json\/wp\/v2\/product\/4444","targetHints":{"allow":["GET"]}}],"collection":[{"href":"https:\/\/soemods-bolcher.dk\/en\/wp-json\/wp\/v2\/product"}],"about":[{"href":"https:\/\/soemods-bolcher.dk\/en\/wp-json\/wp\/v2\/types\/product"}],"replies":[{"embeddable":true,"href":"https:\/\/soemods-bolcher.dk\/en\/wp-json\/wp\/v2\/comments?post=4444"}],"wp:featuredmedia":[{"embeddable":true,"href":"https:\/\/soemods-bolcher.dk\/en\/wp-json\/wp\/v2\/media\/4441"}],"wp:attachment":[{"href":"https:\/\/soemods-bolcher.dk\/en\/wp-json\/wp\/v2\/media?parent=4444"}],"wp:term":[{"taxonomy":"product_brand","embeddable":true,"href":"https:\/\/soemods-bolcher.dk\/en\/wp-json\/wp\/v2\/product_brand?post=4444"},{"taxonomy":"product_cat","embeddable":true,"href":"https:\/\/soemods-bolcher.dk\/en\/wp-json\/wp\/v2\/product_cat?post=4444"},{"taxonomy":"product_tag","embeddable":true,"href":"https:\/\/soemods-bolcher.dk\/en\/wp-json\/wp\/v2\/product_tag?post=4444"}],"curies":[{"name":"wp","href":"https:\/\/api.w.org\/{rel}","templated":true}]}}