{"id":3625,"date":"2025-10-10T20:00:21","date_gmt":"2025-10-10T18:00:21","guid":{"rendered":"https:\/\/soemods-bolcher.dk\/?post_type=product&#038;p=3625"},"modified":"2025-12-01T23:01:46","modified_gmt":"2025-12-01T22:01:46","slug":"culture-night-candies-2025","status":"publish","type":"product","link":"https:\/\/soemods-bolcher.dk\/en\/product\/culture-night-candies-2025\/","title":{"rendered":"Culture Night Candies 2025"},"content":{"rendered":"<article class=\"text-token-text-primary w-full focus:outline-none [--shadow-height:45px] has-data-writing-block:pointer-events-none has-data-writing-block:-mt-(--shadow-height) has-data-writing-block:pt-(--shadow-height) [&amp;:has([data-writing-block])&gt;*]:pointer-events-auto scroll-mt-[calc(var(--header-height)+min(200px,max(70px,20svh)))]\" dir=\"auto\" tabindex=\"-1\" data-turn-id=\"request-67ac714b-8c28-800d-a538-c8a512ed5a43-21\" data-testid=\"conversation-turn-692\" data-scroll-anchor=\"true\" data-turn=\"assistant\">\n<div class=\"text-base my-auto mx-auto pb-10 [--thread-content-margin:--spacing(4)] thread-sm:[--thread-content-margin:--spacing(6)] thread-lg:[--thread-content-margin:--spacing(16)] px-(--thread-content-margin)\">\n<div class=\"[--thread-content-max-width:40rem] thread-lg:[--thread-content-max-width:48rem] mx-auto max-w-(--thread-content-max-width) flex-1 group\/turn-messages focus-visible:outline-hidden relative flex w-full min-w-0 flex-col agent-turn\" tabindex=\"-1\">\n<div class=\"flex max-w-full flex-col grow\">\n<div class=\"min-h-8 text-message relative flex w-full flex-col items-end gap-2 text-start break-words whitespace-normal [.text-message+&amp;]:mt-5\" dir=\"auto\" data-message-author-role=\"assistant\" data-message-id=\"7211fce5-c8c7-4432-aa3c-e018ed578aa8\" data-message-model-slug=\"gpt-5-mini\">\n<div class=\"flex w-full flex-col gap-1 empty:hidden first:pt-[1px]\">\n<div class=\"markdown prose dark:prose-invert w-full break-words dark markdown-new-styling\">\n<p data-start=\"0\" data-end=\"59\">This Year\u2019s Kulturnat Candy \u2013 Menthol, Cherry &amp; Liquorice<\/p>\n<p data-start=\"61\" data-end=\"357\">Celebrate Kulturnatten with S\u00f8mods Bolcher\u2019s annual Kulturnat candy, a unique handmade treat combining menthol, cherry, and liquorice. The flavour strikes the perfect balance between fruity sweetness and strong menthol, offering a refreshing, cooling sensation and an exciting taste experience.<\/p>\n<p data-start=\"359\" data-end=\"745\">A favourite for menthol lovers<br data-start=\"389\" data-end=\"392\" \/>The candy is a harmonious blend inspired by \u201cblood drops\u201d and \u201ccough candies.\u201d It has quickly become a favourite among those who enjoy menthol-strong candies with a touch of fruit. The cooling effect of menthol enhances the deep, rich taste of liquorice, while cherry adds a fresh and slightly tangy contrast, making every bite a memorable experience.<\/p>\n<p data-start=\"747\" data-end=\"1146\">Unique design and traditional craftsmanship<br data-start=\"790\" data-end=\"793\" \/>The candy is half red and half black with subtle white stripes, creating a distinctive and eye-catching design. It is made using our classic pear-shaped roller, ensuring a smooth, round form that delights both the eye and the palate. Its striking colours and pattern make it a festive addition for Kulturnatten and a collectible for candy enthusiasts.<\/p>\n<p data-start=\"1148\" data-end=\"1466\">Handmade quality<br data-start=\"1164\" data-end=\"1167\" \/>Like all S\u00f8mods Bolcher candies, the Kulturnat candy is handmade using natural ingredients, carefully selected to guarantee authentic flavour and quality. The combination of traditional craftsmanship and innovative flavour choices makes this candy a must-have for anyone who loves handmade treats.<\/p>\n<p data-start=\"1468\" data-end=\"1488\"><strong data-start=\"1468\" data-end=\"1486\">Product Facts:<\/strong><\/p>\n<ul data-start=\"1489\" data-end=\"1690\" data-is-last-node=\"\" data-is-only-node=\"\">\n<li data-start=\"1489\" data-end=\"1532\">\n<p data-start=\"1491\" data-end=\"1532\">Flavour: Menthol, cherry, and liquorice<\/p>\n<\/li>\n<li data-start=\"1533\" data-end=\"1584\">\n<p data-start=\"1535\" data-end=\"1584\">Design: Half red, half black with white stripes<\/p>\n<\/li>\n<li data-start=\"1585\" data-end=\"1625\">\n<p data-start=\"1587\" data-end=\"1625\">Made on a classic pear-shaped roller<\/p>\n<\/li>\n<li data-start=\"1626\" data-end=\"1663\">\n<p data-start=\"1628\" data-end=\"1663\">Handmade with natural ingredients<\/p>\n<\/li>\n<li data-start=\"1664\" data-end=\"1690\" data-is-last-node=\"\">\n<p data-start=\"1666\" data-end=\"1690\" data-is-last-node=\"\">Perfect for Culture Night<\/p>\n<\/li>\n<\/ul>\n<\/div>\n<\/div>\n<\/div>\n<\/div>\n<div class=\"z-0 flex min-h-[46px] justify-start\"><\/div>\n<div class=\"mt-3 w-full empty:hidden\">\n<div class=\"text-center\"><\/div>\n<\/div>\n<\/div>\n<\/div>\n<\/article>\n<div class=\"pointer-events-none h-px w-px\" aria-hidden=\"true\" data-edge=\"true\"><\/div>\n","protected":false},"excerpt":{"rendered":"<p>This year\u2019s Culture Night candy is here! Flavoured with menthol, cherry, and liquorice!<\/p>\n","protected":false},"featured_media":3617,"comment_status":"closed","ping_status":"closed","template":"","meta":{"_acf_changed":false,"_et_pb_use_builder":"","_et_pb_old_content":"","_et_gb_content_width":"","inline_featured_image":false},"product_brand":[],"product_cat":[345,722,353,356],"product_tag":[],"class_list":{"0":"post-3625","1":"product","2":"type-product","3":"status-publish","4":"has-post-thumbnail","6":"product_cat-hard-boiled-sweets-gourmet-candies","7":"product_cat-black-friday-en","8":"product_cat-assorted-bags","9":"product_cat-liquorice-candies","10":"pa_vaegt-250-g-en","11":"pa_vaegt-500-g-en","12":"farve-black","13":"farve-red","15":"first","16":"instock","17":"taxable","18":"shipping-taxable","19":"purchasable","20":"product-type-variable","21":"has-default-attributes"},"acf":[],"yoast_head":"<!-- This site is optimized with the Yoast SEO plugin v25.3.1 - https:\/\/yoast.com\/wordpress\/plugins\/seo\/ -->\n<title>Culture Night Candies 2025 | S\u00f8mods Bolcher<\/title>\n<meta name=\"description\" content=\"ChatGPT sagde: Experience this year\u2019s Culture Night candy from S\u00f8mods Bolcher \u2013 half red, half black with white stripes, flavoured with menthol, cherry, and liquorice. Handmade, unique, and refreshingly delicious!\" \/>\n<meta name=\"robots\" content=\"index, follow, max-snippet:-1, max-image-preview:large, max-video-preview:-1\" \/>\n<link rel=\"canonical\" href=\"https:\/\/soemods-bolcher.dk\/en\/product\/culture-night-candies-2025\/\" \/>\n<meta property=\"og:locale\" content=\"en_US\" \/>\n<meta property=\"og:type\" content=\"article\" \/>\n<meta property=\"og:title\" content=\"Culture Night Candies 2025 | S\u00f8mods Bolcher\" \/>\n<meta property=\"og:description\" content=\"ChatGPT sagde: Experience this year\u2019s Culture Night candy from S\u00f8mods Bolcher \u2013 half red, half black with white stripes, flavoured with menthol, cherry, and liquorice. Handmade, unique, and refreshingly delicious!\" \/>\n<meta property=\"og:url\" content=\"https:\/\/soemods-bolcher.dk\/en\/product\/culture-night-candies-2025\/\" \/>\n<meta property=\"og:site_name\" content=\"S\u00f8mods Bolcher\" \/>\n<meta property=\"article:publisher\" content=\"https:\/\/www.facebook.com\/Soemodsbolcher\/\" \/>\n<meta property=\"article:modified_time\" content=\"2025-12-01T22:01:46+00:00\" \/>\n<meta property=\"og:image\" content=\"https:\/\/soemods-bolcher.dk\/wp-content\/uploads\/2025\/10\/1-62.png\" \/>\n\t<meta property=\"og:image:width\" content=\"866\" \/>\n\t<meta property=\"og:image:height\" content=\"1000\" \/>\n\t<meta property=\"og:image:type\" content=\"image\/png\" \/>\n<meta name=\"twitter:card\" content=\"summary_large_image\" \/>\n<meta name=\"twitter:label1\" content=\"Est. reading time\" \/>\n\t<meta name=\"twitter:data1\" content=\"2 minutes\" \/>\n<script type=\"application\/ld+json\" class=\"yoast-schema-graph\">{\"@context\":\"https:\/\/schema.org\",\"@graph\":[{\"@type\":\"WebPage\",\"@id\":\"https:\/\/soemods-bolcher.dk\/en\/product\/culture-night-candies-2025\/\",\"url\":\"https:\/\/soemods-bolcher.dk\/en\/product\/culture-night-candies-2025\/\",\"name\":\"Culture Night Candies 2025 | S\u00f8mods Bolcher\",\"isPartOf\":{\"@id\":\"https:\/\/soemods-bolcher.dk\/#website\"},\"primaryImageOfPage\":{\"@id\":\"https:\/\/soemods-bolcher.dk\/en\/product\/culture-night-candies-2025\/#primaryimage\"},\"image\":{\"@id\":\"https:\/\/soemods-bolcher.dk\/en\/product\/culture-night-candies-2025\/#primaryimage\"},\"thumbnailUrl\":\"https:\/\/soemods-bolcher.dk\/wp-content\/uploads\/2025\/10\/1-62.png\",\"datePublished\":\"2025-10-10T18:00:21+00:00\",\"dateModified\":\"2025-12-01T22:01:46+00:00\",\"description\":\"ChatGPT sagde: Experience this year\u2019s Culture Night candy from S\u00f8mods Bolcher \u2013 half red, half black with white stripes, flavoured with menthol, cherry, and liquorice. Handmade, unique, and refreshingly delicious!\",\"breadcrumb\":{\"@id\":\"https:\/\/soemods-bolcher.dk\/en\/product\/culture-night-candies-2025\/#breadcrumb\"},\"inLanguage\":\"en-US\",\"potentialAction\":[{\"@type\":\"ReadAction\",\"target\":[\"https:\/\/soemods-bolcher.dk\/en\/product\/culture-night-candies-2025\/\"]}]},{\"@type\":\"ImageObject\",\"inLanguage\":\"en-US\",\"@id\":\"https:\/\/soemods-bolcher.dk\/en\/product\/culture-night-candies-2025\/#primaryimage\",\"url\":\"https:\/\/soemods-bolcher.dk\/wp-content\/uploads\/2025\/10\/1-62.png\",\"contentUrl\":\"https:\/\/soemods-bolcher.dk\/wp-content\/uploads\/2025\/10\/1-62.png\",\"width\":866,\"height\":1000},{\"@type\":\"BreadcrumbList\",\"@id\":\"https:\/\/soemods-bolcher.dk\/en\/product\/culture-night-candies-2025\/#breadcrumb\",\"itemListElement\":[{\"@type\":\"ListItem\",\"position\":1,\"name\":\"Hjem\",\"item\":\"https:\/\/soemods-bolcher.dk\/\"},{\"@type\":\"ListItem\",\"position\":2,\"name\":\"Shop\",\"item\":\"https:\/\/soemods-bolcher.dk\/produkter\/\"},{\"@type\":\"ListItem\",\"position\":3,\"name\":\"Culture Night Candies 2025\"}]},{\"@type\":\"WebSite\",\"@id\":\"https:\/\/soemods-bolcher.dk\/#website\",\"url\":\"https:\/\/soemods-bolcher.dk\/\",\"name\":\"S\u00f8mods Bolcher\",\"description\":\"Kongelig Hofleverand\u00f8r - Bolcher i N\u00f8rregade\",\"publisher\":{\"@id\":\"https:\/\/soemods-bolcher.dk\/#organization\"},\"potentialAction\":[{\"@type\":\"SearchAction\",\"target\":{\"@type\":\"EntryPoint\",\"urlTemplate\":\"https:\/\/soemods-bolcher.dk\/?s={search_term_string}\"},\"query-input\":{\"@type\":\"PropertyValueSpecification\",\"valueRequired\":true,\"valueName\":\"search_term_string\"}}],\"inLanguage\":\"en-US\"},{\"@type\":\"Organization\",\"@id\":\"https:\/\/soemods-bolcher.dk\/#organization\",\"name\":\"S\u00f8mods Bolcher\",\"url\":\"https:\/\/soemods-bolcher.dk\/\",\"logo\":{\"@type\":\"ImageObject\",\"inLanguage\":\"en-US\",\"@id\":\"https:\/\/soemods-bolcher.dk\/#\/schema\/logo\/image\/\",\"url\":\"https:\/\/soemods-bolcher.dk\/wp-content\/uploads\/2024\/06\/Layer_1.svg\",\"contentUrl\":\"https:\/\/soemods-bolcher.dk\/wp-content\/uploads\/2024\/06\/Layer_1.svg\",\"width\":207,\"height\":69,\"caption\":\"S\u00f8mods Bolcher\"},\"image\":{\"@id\":\"https:\/\/soemods-bolcher.dk\/#\/schema\/logo\/image\/\"},\"sameAs\":[\"https:\/\/www.facebook.com\/Soemodsbolcher\/\",\"https:\/\/www.instagram.com\/soemodsbolcher\/?hl=da\"]}]}<\/script>\n<!-- \/ Yoast SEO plugin. -->","yoast_head_json":{"title":"Culture Night Candies 2025 | S\u00f8mods Bolcher","description":"ChatGPT sagde: Experience this year\u2019s Culture Night candy from S\u00f8mods Bolcher \u2013 half red, half black with white stripes, flavoured with menthol, cherry, and liquorice. Handmade, unique, and refreshingly delicious!","robots":{"index":"index","follow":"follow","max-snippet":"max-snippet:-1","max-image-preview":"max-image-preview:large","max-video-preview":"max-video-preview:-1"},"canonical":"https:\/\/soemods-bolcher.dk\/en\/product\/culture-night-candies-2025\/","og_locale":"en_US","og_type":"article","og_title":"Culture Night Candies 2025 | S\u00f8mods Bolcher","og_description":"ChatGPT sagde: Experience this year\u2019s Culture Night candy from S\u00f8mods Bolcher \u2013 half red, half black with white stripes, flavoured with menthol, cherry, and liquorice. Handmade, unique, and refreshingly delicious!","og_url":"https:\/\/soemods-bolcher.dk\/en\/product\/culture-night-candies-2025\/","og_site_name":"S\u00f8mods Bolcher","article_publisher":"https:\/\/www.facebook.com\/Soemodsbolcher\/","article_modified_time":"2025-12-01T22:01:46+00:00","og_image":[{"width":866,"height":1000,"url":"https:\/\/soemods-bolcher.dk\/wp-content\/uploads\/2025\/10\/1-62.png","type":"image\/png"}],"twitter_card":"summary_large_image","twitter_misc":{"Est. reading time":"2 minutes"},"schema":{"@context":"https:\/\/schema.org","@graph":[{"@type":"WebPage","@id":"https:\/\/soemods-bolcher.dk\/en\/product\/culture-night-candies-2025\/","url":"https:\/\/soemods-bolcher.dk\/en\/product\/culture-night-candies-2025\/","name":"Culture Night Candies 2025 | S\u00f8mods Bolcher","isPartOf":{"@id":"https:\/\/soemods-bolcher.dk\/#website"},"primaryImageOfPage":{"@id":"https:\/\/soemods-bolcher.dk\/en\/product\/culture-night-candies-2025\/#primaryimage"},"image":{"@id":"https:\/\/soemods-bolcher.dk\/en\/product\/culture-night-candies-2025\/#primaryimage"},"thumbnailUrl":"https:\/\/soemods-bolcher.dk\/wp-content\/uploads\/2025\/10\/1-62.png","datePublished":"2025-10-10T18:00:21+00:00","dateModified":"2025-12-01T22:01:46+00:00","description":"ChatGPT sagde: Experience this year\u2019s Culture Night candy from S\u00f8mods Bolcher \u2013 half red, half black with white stripes, flavoured with menthol, cherry, and liquorice. Handmade, unique, and refreshingly delicious!","breadcrumb":{"@id":"https:\/\/soemods-bolcher.dk\/en\/product\/culture-night-candies-2025\/#breadcrumb"},"inLanguage":"en-US","potentialAction":[{"@type":"ReadAction","target":["https:\/\/soemods-bolcher.dk\/en\/product\/culture-night-candies-2025\/"]}]},{"@type":"ImageObject","inLanguage":"en-US","@id":"https:\/\/soemods-bolcher.dk\/en\/product\/culture-night-candies-2025\/#primaryimage","url":"https:\/\/soemods-bolcher.dk\/wp-content\/uploads\/2025\/10\/1-62.png","contentUrl":"https:\/\/soemods-bolcher.dk\/wp-content\/uploads\/2025\/10\/1-62.png","width":866,"height":1000},{"@type":"BreadcrumbList","@id":"https:\/\/soemods-bolcher.dk\/en\/product\/culture-night-candies-2025\/#breadcrumb","itemListElement":[{"@type":"ListItem","position":1,"name":"Hjem","item":"https:\/\/soemods-bolcher.dk\/"},{"@type":"ListItem","position":2,"name":"Shop","item":"https:\/\/soemods-bolcher.dk\/produkter\/"},{"@type":"ListItem","position":3,"name":"Culture Night Candies 2025"}]},{"@type":"WebSite","@id":"https:\/\/soemods-bolcher.dk\/#website","url":"https:\/\/soemods-bolcher.dk\/","name":"S\u00f8mods Bolcher","description":"Kongelig Hofleverand\u00f8r - Bolcher i N\u00f8rregade","publisher":{"@id":"https:\/\/soemods-bolcher.dk\/#organization"},"potentialAction":[{"@type":"SearchAction","target":{"@type":"EntryPoint","urlTemplate":"https:\/\/soemods-bolcher.dk\/?s={search_term_string}"},"query-input":{"@type":"PropertyValueSpecification","valueRequired":true,"valueName":"search_term_string"}}],"inLanguage":"en-US"},{"@type":"Organization","@id":"https:\/\/soemods-bolcher.dk\/#organization","name":"S\u00f8mods Bolcher","url":"https:\/\/soemods-bolcher.dk\/","logo":{"@type":"ImageObject","inLanguage":"en-US","@id":"https:\/\/soemods-bolcher.dk\/#\/schema\/logo\/image\/","url":"https:\/\/soemods-bolcher.dk\/wp-content\/uploads\/2024\/06\/Layer_1.svg","contentUrl":"https:\/\/soemods-bolcher.dk\/wp-content\/uploads\/2024\/06\/Layer_1.svg","width":207,"height":69,"caption":"S\u00f8mods Bolcher"},"image":{"@id":"https:\/\/soemods-bolcher.dk\/#\/schema\/logo\/image\/"},"sameAs":["https:\/\/www.facebook.com\/Soemodsbolcher\/","https:\/\/www.instagram.com\/soemodsbolcher\/?hl=da"]}]}},"_links":{"self":[{"href":"https:\/\/soemods-bolcher.dk\/en\/wp-json\/wp\/v2\/product\/3625","targetHints":{"allow":["GET"]}}],"collection":[{"href":"https:\/\/soemods-bolcher.dk\/en\/wp-json\/wp\/v2\/product"}],"about":[{"href":"https:\/\/soemods-bolcher.dk\/en\/wp-json\/wp\/v2\/types\/product"}],"replies":[{"embeddable":true,"href":"https:\/\/soemods-bolcher.dk\/en\/wp-json\/wp\/v2\/comments?post=3625"}],"wp:featuredmedia":[{"embeddable":true,"href":"https:\/\/soemods-bolcher.dk\/en\/wp-json\/wp\/v2\/media\/3617"}],"wp:attachment":[{"href":"https:\/\/soemods-bolcher.dk\/en\/wp-json\/wp\/v2\/media?parent=3625"}],"wp:term":[{"taxonomy":"product_brand","embeddable":true,"href":"https:\/\/soemods-bolcher.dk\/en\/wp-json\/wp\/v2\/product_brand?post=3625"},{"taxonomy":"product_cat","embeddable":true,"href":"https:\/\/soemods-bolcher.dk\/en\/wp-json\/wp\/v2\/product_cat?post=3625"},{"taxonomy":"product_tag","embeddable":true,"href":"https:\/\/soemods-bolcher.dk\/en\/wp-json\/wp\/v2\/product_tag?post=3625"}],"curies":[{"name":"wp","href":"https:\/\/api.w.org\/{rel}","templated":true}]}}