{"id":3293,"date":"2025-08-25T15:24:23","date_gmt":"2025-08-25T13:24:23","guid":{"rendered":"https:\/\/soemods-bolcher.dk\/?post_type=product&#038;p=3293"},"modified":"2025-12-01T23:01:46","modified_gmt":"2025-12-01T22:01:46","slug":"chilled-cherry-candies","status":"publish","type":"product","link":"https:\/\/soemods-bolcher.dk\/en\/product\/chilled-cherry-candies\/","title":{"rendered":"Blod drops (cherry and menthol)"},"content":{"rendered":"<p data-start=\"0\" data-end=\"256\">Chilled Cherry \u2013 fresh, fruity and refreshing<br data-start=\"45\" data-end=\"48\" \/>Experience the perfect balance of sweetness and freshness with our Chilled Cherry sweets from S\u00f8mods Bolcher. Each sweet has an intense flavour of ripe cherries, giving it a characteristic fruity sweetness.<\/p>\n<p data-start=\"258\" data-end=\"561\">Menthol for a cooling effect<br data-start=\"286\" data-end=\"289\" \/>What makes Chilled Cherry special is the addition of menthol, which creates a cooling sensation in the mouth. The combination of cherry and menthol delivers a refreshing and pleasant taste experience that both excites the taste buds and provides a subtle cooling effect.<\/p>\n<p data-start=\"563\" data-end=\"843\">Handmade quality<br data-start=\"579\" data-end=\"582\" \/>Each sweet is handmade at S\u00f8mods Bolcher, crafted with natural ingredients and traditional confectionery techniques. The intense cherry flavour combined with cooling menthol makes these sweets a favourite for those seeking a fresh and unique taste experience.<\/p>\n<p data-start=\"845\" data-end=\"1026\">Perfect for any occasion<br data-start=\"869\" data-end=\"872\" \/>Chilled Cherry is ideal as a small snack, a refreshing treat on warm days, or whenever you want a sweet with a unique blend of fruitiness and freshness.<\/p>\n<p data-start=\"1028\" data-end=\"1187\">Allergy-friendly enjoyment<br data-start=\"1054\" data-end=\"1057\" \/>These sweets are made with natural flavourings and are both gluten-free and lactose-free, making them accessible to most people.<\/p>\n<p data-start=\"1189\" data-end=\"1296\" data-is-last-node=\"\" data-is-only-node=\"\">Chilled Cherry sweets \u2013 a refreshing mix of sweet cherries and cooling menthol, handmade at S\u00f8mods Bolcher.<\/p>\n","protected":false},"excerpt":{"rendered":"<p>Chilled Cherry candies \u2013 a refreshing mix of sweet cherries and cooling menthol, handmade at S\u00f8mods Bolcher.<\/p>\n","protected":false},"featured_media":3254,"comment_status":"closed","ping_status":"closed","template":"","meta":{"_acf_changed":false,"_et_pb_use_builder":"","_et_pb_old_content":"","_et_gb_content_width":"","inline_featured_image":false},"product_brand":[],"product_cat":[345,353,354,704],"product_tag":[515,460,702],"class_list":{"0":"post-3293","1":"product","2":"type-product","3":"status-publish","4":"has-post-thumbnail","6":"product_cat-hard-boiled-sweets-gourmet-candies","7":"product_cat-assorted-bags","8":"product_cat-fruit-candies","9":"product_cat-web-only","10":"product_tag-cherry","11":"product_tag-menthol","12":"product_tag-menthol-cherry","13":"pa_vaegt-250-g-en","14":"pa_vaegt-500-g-en","15":"farve-red","17":"first","18":"instock","19":"taxable","20":"shipping-taxable","21":"purchasable","22":"product-type-simple"},"acf":[],"yoast_head":"<!-- This site is optimized with the Yoast SEO plugin v25.3.1 - https:\/\/yoast.com\/wordpress\/plugins\/seo\/ -->\n<title>Blod drops (cherry and menthol) | S\u00f8mods Bolcher<\/title>\n<meta name=\"description\" content=\"Experience Chilled Cherry candies from S\u00f8mods Bolcher \u2013 a fresh combination of sweet cherries and cooling menthol. Handmade, gluten-free and lactose-free.\" \/>\n<meta name=\"robots\" content=\"index, follow, max-snippet:-1, max-image-preview:large, max-video-preview:-1\" \/>\n<link rel=\"canonical\" href=\"https:\/\/soemods-bolcher.dk\/en\/product\/chilled-cherry-candies\/\" \/>\n<meta property=\"og:locale\" content=\"en_US\" \/>\n<meta property=\"og:type\" content=\"article\" \/>\n<meta property=\"og:title\" content=\"Blod drops (cherry and menthol) | S\u00f8mods Bolcher\" \/>\n<meta property=\"og:description\" content=\"Experience Chilled Cherry candies from S\u00f8mods Bolcher \u2013 a fresh combination of sweet cherries and cooling menthol. Handmade, gluten-free and lactose-free.\" \/>\n<meta property=\"og:url\" content=\"https:\/\/soemods-bolcher.dk\/en\/product\/chilled-cherry-candies\/\" \/>\n<meta property=\"og:site_name\" content=\"S\u00f8mods Bolcher\" \/>\n<meta property=\"article:publisher\" content=\"https:\/\/www.facebook.com\/Soemodsbolcher\/\" \/>\n<meta property=\"article:modified_time\" content=\"2025-12-01T22:01:46+00:00\" \/>\n<meta property=\"og:image\" content=\"https:\/\/soemods-bolcher.dk\/wp-content\/uploads\/2025\/08\/1-34.png\" \/>\n\t<meta property=\"og:image:width\" content=\"866\" \/>\n\t<meta property=\"og:image:height\" content=\"1000\" \/>\n\t<meta property=\"og:image:type\" content=\"image\/png\" \/>\n<meta name=\"twitter:card\" content=\"summary_large_image\" \/>\n<meta name=\"twitter:label1\" content=\"Est. reading time\" \/>\n\t<meta name=\"twitter:data1\" content=\"2 minutes\" \/>\n<script type=\"application\/ld+json\" class=\"yoast-schema-graph\">{\"@context\":\"https:\/\/schema.org\",\"@graph\":[{\"@type\":\"WebPage\",\"@id\":\"https:\/\/soemods-bolcher.dk\/en\/product\/chilled-cherry-candies\/\",\"url\":\"https:\/\/soemods-bolcher.dk\/en\/product\/chilled-cherry-candies\/\",\"name\":\"Blod drops (cherry and menthol) | S\u00f8mods Bolcher\",\"isPartOf\":{\"@id\":\"https:\/\/soemods-bolcher.dk\/#website\"},\"primaryImageOfPage\":{\"@id\":\"https:\/\/soemods-bolcher.dk\/en\/product\/chilled-cherry-candies\/#primaryimage\"},\"image\":{\"@id\":\"https:\/\/soemods-bolcher.dk\/en\/product\/chilled-cherry-candies\/#primaryimage\"},\"thumbnailUrl\":\"https:\/\/soemods-bolcher.dk\/wp-content\/uploads\/2025\/08\/1-34.png\",\"datePublished\":\"2025-08-25T13:24:23+00:00\",\"dateModified\":\"2025-12-01T22:01:46+00:00\",\"description\":\"Experience Chilled Cherry candies from S\u00f8mods Bolcher \u2013 a fresh combination of sweet cherries and cooling menthol. Handmade, gluten-free and lactose-free.\",\"breadcrumb\":{\"@id\":\"https:\/\/soemods-bolcher.dk\/en\/product\/chilled-cherry-candies\/#breadcrumb\"},\"inLanguage\":\"en-US\",\"potentialAction\":[{\"@type\":\"ReadAction\",\"target\":[\"https:\/\/soemods-bolcher.dk\/en\/product\/chilled-cherry-candies\/\"]}]},{\"@type\":\"ImageObject\",\"inLanguage\":\"en-US\",\"@id\":\"https:\/\/soemods-bolcher.dk\/en\/product\/chilled-cherry-candies\/#primaryimage\",\"url\":\"https:\/\/soemods-bolcher.dk\/wp-content\/uploads\/2025\/08\/1-34.png\",\"contentUrl\":\"https:\/\/soemods-bolcher.dk\/wp-content\/uploads\/2025\/08\/1-34.png\",\"width\":866,\"height\":1000},{\"@type\":\"BreadcrumbList\",\"@id\":\"https:\/\/soemods-bolcher.dk\/en\/product\/chilled-cherry-candies\/#breadcrumb\",\"itemListElement\":[{\"@type\":\"ListItem\",\"position\":1,\"name\":\"Hjem\",\"item\":\"https:\/\/soemods-bolcher.dk\/en\/\"},{\"@type\":\"ListItem\",\"position\":2,\"name\":\"Shop\",\"item\":\"https:\/\/soemods-bolcher.dk\/produkter\/\"},{\"@type\":\"ListItem\",\"position\":3,\"name\":\"Blod drops (cherry and menthol)\"}]},{\"@type\":\"WebSite\",\"@id\":\"https:\/\/soemods-bolcher.dk\/#website\",\"url\":\"https:\/\/soemods-bolcher.dk\/\",\"name\":\"S\u00f8mods Bolcher\",\"description\":\"Kongelig Hofleverand\u00f8r - Bolcher i N\u00f8rregade\",\"publisher\":{\"@id\":\"https:\/\/soemods-bolcher.dk\/#organization\"},\"potentialAction\":[{\"@type\":\"SearchAction\",\"target\":{\"@type\":\"EntryPoint\",\"urlTemplate\":\"https:\/\/soemods-bolcher.dk\/?s={search_term_string}\"},\"query-input\":{\"@type\":\"PropertyValueSpecification\",\"valueRequired\":true,\"valueName\":\"search_term_string\"}}],\"inLanguage\":\"en-US\"},{\"@type\":\"Organization\",\"@id\":\"https:\/\/soemods-bolcher.dk\/#organization\",\"name\":\"S\u00f8mods Bolcher\",\"url\":\"https:\/\/soemods-bolcher.dk\/\",\"logo\":{\"@type\":\"ImageObject\",\"inLanguage\":\"en-US\",\"@id\":\"https:\/\/soemods-bolcher.dk\/#\/schema\/logo\/image\/\",\"url\":\"https:\/\/soemods-bolcher.dk\/wp-content\/uploads\/2024\/06\/Layer_1.svg\",\"contentUrl\":\"https:\/\/soemods-bolcher.dk\/wp-content\/uploads\/2024\/06\/Layer_1.svg\",\"width\":207,\"height\":69,\"caption\":\"S\u00f8mods Bolcher\"},\"image\":{\"@id\":\"https:\/\/soemods-bolcher.dk\/#\/schema\/logo\/image\/\"},\"sameAs\":[\"https:\/\/www.facebook.com\/Soemodsbolcher\/\",\"https:\/\/www.instagram.com\/soemodsbolcher\/?hl=da\"]}]}<\/script>\n<!-- \/ Yoast SEO plugin. -->","yoast_head_json":{"title":"Blod drops (cherry and menthol) | S\u00f8mods Bolcher","description":"Experience Chilled Cherry candies from S\u00f8mods Bolcher \u2013 a fresh combination of sweet cherries and cooling menthol. Handmade, gluten-free and lactose-free.","robots":{"index":"index","follow":"follow","max-snippet":"max-snippet:-1","max-image-preview":"max-image-preview:large","max-video-preview":"max-video-preview:-1"},"canonical":"https:\/\/soemods-bolcher.dk\/en\/product\/chilled-cherry-candies\/","og_locale":"en_US","og_type":"article","og_title":"Blod drops (cherry and menthol) | S\u00f8mods Bolcher","og_description":"Experience Chilled Cherry candies from S\u00f8mods Bolcher \u2013 a fresh combination of sweet cherries and cooling menthol. Handmade, gluten-free and lactose-free.","og_url":"https:\/\/soemods-bolcher.dk\/en\/product\/chilled-cherry-candies\/","og_site_name":"S\u00f8mods Bolcher","article_publisher":"https:\/\/www.facebook.com\/Soemodsbolcher\/","article_modified_time":"2025-12-01T22:01:46+00:00","og_image":[{"width":866,"height":1000,"url":"https:\/\/soemods-bolcher.dk\/wp-content\/uploads\/2025\/08\/1-34.png","type":"image\/png"}],"twitter_card":"summary_large_image","twitter_misc":{"Est. reading time":"2 minutes"},"schema":{"@context":"https:\/\/schema.org","@graph":[{"@type":"WebPage","@id":"https:\/\/soemods-bolcher.dk\/en\/product\/chilled-cherry-candies\/","url":"https:\/\/soemods-bolcher.dk\/en\/product\/chilled-cherry-candies\/","name":"Blod drops (cherry and menthol) | S\u00f8mods Bolcher","isPartOf":{"@id":"https:\/\/soemods-bolcher.dk\/#website"},"primaryImageOfPage":{"@id":"https:\/\/soemods-bolcher.dk\/en\/product\/chilled-cherry-candies\/#primaryimage"},"image":{"@id":"https:\/\/soemods-bolcher.dk\/en\/product\/chilled-cherry-candies\/#primaryimage"},"thumbnailUrl":"https:\/\/soemods-bolcher.dk\/wp-content\/uploads\/2025\/08\/1-34.png","datePublished":"2025-08-25T13:24:23+00:00","dateModified":"2025-12-01T22:01:46+00:00","description":"Experience Chilled Cherry candies from S\u00f8mods Bolcher \u2013 a fresh combination of sweet cherries and cooling menthol. Handmade, gluten-free and lactose-free.","breadcrumb":{"@id":"https:\/\/soemods-bolcher.dk\/en\/product\/chilled-cherry-candies\/#breadcrumb"},"inLanguage":"en-US","potentialAction":[{"@type":"ReadAction","target":["https:\/\/soemods-bolcher.dk\/en\/product\/chilled-cherry-candies\/"]}]},{"@type":"ImageObject","inLanguage":"en-US","@id":"https:\/\/soemods-bolcher.dk\/en\/product\/chilled-cherry-candies\/#primaryimage","url":"https:\/\/soemods-bolcher.dk\/wp-content\/uploads\/2025\/08\/1-34.png","contentUrl":"https:\/\/soemods-bolcher.dk\/wp-content\/uploads\/2025\/08\/1-34.png","width":866,"height":1000},{"@type":"BreadcrumbList","@id":"https:\/\/soemods-bolcher.dk\/en\/product\/chilled-cherry-candies\/#breadcrumb","itemListElement":[{"@type":"ListItem","position":1,"name":"Hjem","item":"https:\/\/soemods-bolcher.dk\/en\/"},{"@type":"ListItem","position":2,"name":"Shop","item":"https:\/\/soemods-bolcher.dk\/produkter\/"},{"@type":"ListItem","position":3,"name":"Blod drops (cherry and menthol)"}]},{"@type":"WebSite","@id":"https:\/\/soemods-bolcher.dk\/#website","url":"https:\/\/soemods-bolcher.dk\/","name":"S\u00f8mods Bolcher","description":"Kongelig Hofleverand\u00f8r - Bolcher i N\u00f8rregade","publisher":{"@id":"https:\/\/soemods-bolcher.dk\/#organization"},"potentialAction":[{"@type":"SearchAction","target":{"@type":"EntryPoint","urlTemplate":"https:\/\/soemods-bolcher.dk\/?s={search_term_string}"},"query-input":{"@type":"PropertyValueSpecification","valueRequired":true,"valueName":"search_term_string"}}],"inLanguage":"en-US"},{"@type":"Organization","@id":"https:\/\/soemods-bolcher.dk\/#organization","name":"S\u00f8mods Bolcher","url":"https:\/\/soemods-bolcher.dk\/","logo":{"@type":"ImageObject","inLanguage":"en-US","@id":"https:\/\/soemods-bolcher.dk\/#\/schema\/logo\/image\/","url":"https:\/\/soemods-bolcher.dk\/wp-content\/uploads\/2024\/06\/Layer_1.svg","contentUrl":"https:\/\/soemods-bolcher.dk\/wp-content\/uploads\/2024\/06\/Layer_1.svg","width":207,"height":69,"caption":"S\u00f8mods Bolcher"},"image":{"@id":"https:\/\/soemods-bolcher.dk\/#\/schema\/logo\/image\/"},"sameAs":["https:\/\/www.facebook.com\/Soemodsbolcher\/","https:\/\/www.instagram.com\/soemodsbolcher\/?hl=da"]}]}},"_links":{"self":[{"href":"https:\/\/soemods-bolcher.dk\/en\/wp-json\/wp\/v2\/product\/3293","targetHints":{"allow":["GET"]}}],"collection":[{"href":"https:\/\/soemods-bolcher.dk\/en\/wp-json\/wp\/v2\/product"}],"about":[{"href":"https:\/\/soemods-bolcher.dk\/en\/wp-json\/wp\/v2\/types\/product"}],"replies":[{"embeddable":true,"href":"https:\/\/soemods-bolcher.dk\/en\/wp-json\/wp\/v2\/comments?post=3293"}],"wp:featuredmedia":[{"embeddable":true,"href":"https:\/\/soemods-bolcher.dk\/en\/wp-json\/wp\/v2\/media\/3254"}],"wp:attachment":[{"href":"https:\/\/soemods-bolcher.dk\/en\/wp-json\/wp\/v2\/media?parent=3293"}],"wp:term":[{"taxonomy":"product_brand","embeddable":true,"href":"https:\/\/soemods-bolcher.dk\/en\/wp-json\/wp\/v2\/product_brand?post=3293"},{"taxonomy":"product_cat","embeddable":true,"href":"https:\/\/soemods-bolcher.dk\/en\/wp-json\/wp\/v2\/product_cat?post=3293"},{"taxonomy":"product_tag","embeddable":true,"href":"https:\/\/soemods-bolcher.dk\/en\/wp-json\/wp\/v2\/product_tag?post=3293"}],"curies":[{"name":"wp","href":"https:\/\/api.w.org\/{rel}","templated":true}]}}