{"id":3288,"date":"2025-08-25T11:34:24","date_gmt":"2025-08-25T09:34:24","guid":{"rendered":"https:\/\/soemods-bolcher.dk\/?post_type=product&#038;p=3288"},"modified":"2025-08-27T11:51:39","modified_gmt":"2025-08-27T09:51:39","slug":"fruit-mix-in-copper-tin","status":"publish","type":"product","link":"https:\/\/soemods-bolcher.dk\/en\/product\/fruit-mix-in-copper-tin\/","title":{"rendered":"Fruit Mix in Copper Tin"},"content":{"rendered":"","protected":false},"excerpt":{"rendered":"<p>A charming copper tin containing 350 grams of our Fruit Mix.<\/p>\n<p>Our Fruit Mix is a selection of fruity sweets combined with sweet varieties such as caramel and cacao. <em>The mix does <strong>not contain liquorice.<\/strong><\/em><\/p>\n","protected":false},"featured_media":3283,"comment_status":"closed","ping_status":"closed","template":"","meta":{"_acf_changed":false,"_et_pb_use_builder":"","_et_pb_old_content":"","_et_gb_content_width":"","inline_featured_image":false},"product_brand":[],"product_cat":[345,346,347],"product_tag":[419,421,418,423,413,414,417],"class_list":{"0":"post-3288","1":"product","2":"type-product","3":"status-publish","4":"has-post-thumbnail","6":"product_cat-hard-boiled-sweets-gourmet-candies","7":"product_cat-premixed","8":"product_cat-tins-premixed","9":"product_tag-fruit","10":"product_tag-fruit-candies","11":"product_tag-fruit-flavour","12":"product_tag-fruitmix","13":"product_tag-mix-en-2","14":"product_tag-mix-en","15":"product_tag-mixed-fruit","16":"farve-blue","17":"farve-green","18":"farve-red","19":"farve-yellow","21":"first","22":"instock","23":"taxable","24":"shipping-taxable","25":"purchasable","26":"product-type-simple"},"acf":[],"yoast_head":"<!-- This site is optimized with the Yoast SEO plugin v25.3.1 - https:\/\/yoast.com\/wordpress\/plugins\/seo\/ -->\n<title>Fruit Mix in Copper Tin | S\u00f8mods Bolcher<\/title>\n<meta name=\"robots\" content=\"index, follow, max-snippet:-1, max-image-preview:large, max-video-preview:-1\" \/>\n<link rel=\"canonical\" href=\"https:\/\/soemods-bolcher.dk\/en\/product\/fruit-mix-in-copper-tin\/\" \/>\n<meta property=\"og:locale\" content=\"en_US\" \/>\n<meta property=\"og:type\" content=\"article\" \/>\n<meta property=\"og:title\" content=\"Fruit Mix in Copper Tin | S\u00f8mods Bolcher\" \/>\n<meta property=\"og:description\" content=\"A charming copper tin containing 350 grams of our Fruit Mix. Our Fruit Mix is a selection of fruity sweets combined with sweet varieties such as caramel and cacao. The mix does not contain liquorice.\" \/>\n<meta property=\"og:url\" content=\"https:\/\/soemods-bolcher.dk\/en\/product\/fruit-mix-in-copper-tin\/\" \/>\n<meta property=\"og:site_name\" content=\"S\u00f8mods Bolcher\" \/>\n<meta property=\"article:publisher\" content=\"https:\/\/www.facebook.com\/Soemodsbolcher\/\" \/>\n<meta property=\"article:modified_time\" content=\"2025-08-27T09:51:39+00:00\" \/>\n<meta property=\"og:image\" content=\"https:\/\/soemods-bolcher.dk\/wp-content\/uploads\/2025\/08\/frugt-2.png\" \/>\n\t<meta property=\"og:image:width\" content=\"866\" \/>\n\t<meta property=\"og:image:height\" content=\"1000\" \/>\n\t<meta property=\"og:image:type\" content=\"image\/png\" \/>\n<meta name=\"twitter:card\" content=\"summary_large_image\" \/>\n<script type=\"application\/ld+json\" class=\"yoast-schema-graph\">{\"@context\":\"https:\/\/schema.org\",\"@graph\":[{\"@type\":\"WebPage\",\"@id\":\"https:\/\/soemods-bolcher.dk\/en\/product\/fruit-mix-in-copper-tin\/\",\"url\":\"https:\/\/soemods-bolcher.dk\/en\/product\/fruit-mix-in-copper-tin\/\",\"name\":\"Fruit Mix in Copper Tin | S\u00f8mods Bolcher\",\"isPartOf\":{\"@id\":\"https:\/\/soemods-bolcher.dk\/#website\"},\"primaryImageOfPage\":{\"@id\":\"https:\/\/soemods-bolcher.dk\/en\/product\/fruit-mix-in-copper-tin\/#primaryimage\"},\"image\":{\"@id\":\"https:\/\/soemods-bolcher.dk\/en\/product\/fruit-mix-in-copper-tin\/#primaryimage\"},\"thumbnailUrl\":\"https:\/\/soemods-bolcher.dk\/wp-content\/uploads\/2025\/08\/frugt-2.png\",\"datePublished\":\"2025-08-25T09:34:24+00:00\",\"dateModified\":\"2025-08-27T09:51:39+00:00\",\"breadcrumb\":{\"@id\":\"https:\/\/soemods-bolcher.dk\/en\/product\/fruit-mix-in-copper-tin\/#breadcrumb\"},\"inLanguage\":\"en-US\",\"potentialAction\":[{\"@type\":\"ReadAction\",\"target\":[\"https:\/\/soemods-bolcher.dk\/en\/product\/fruit-mix-in-copper-tin\/\"]}]},{\"@type\":\"ImageObject\",\"inLanguage\":\"en-US\",\"@id\":\"https:\/\/soemods-bolcher.dk\/en\/product\/fruit-mix-in-copper-tin\/#primaryimage\",\"url\":\"https:\/\/soemods-bolcher.dk\/wp-content\/uploads\/2025\/08\/frugt-2.png\",\"contentUrl\":\"https:\/\/soemods-bolcher.dk\/wp-content\/uploads\/2025\/08\/frugt-2.png\",\"width\":866,\"height\":1000},{\"@type\":\"BreadcrumbList\",\"@id\":\"https:\/\/soemods-bolcher.dk\/en\/product\/fruit-mix-in-copper-tin\/#breadcrumb\",\"itemListElement\":[{\"@type\":\"ListItem\",\"position\":1,\"name\":\"Hjem\",\"item\":\"https:\/\/soemods-bolcher.dk\/en\/\"},{\"@type\":\"ListItem\",\"position\":2,\"name\":\"Shop\",\"item\":\"https:\/\/soemods-bolcher.dk\/produkter\/\"},{\"@type\":\"ListItem\",\"position\":3,\"name\":\"Fruit Mix in Copper Tin\"}]},{\"@type\":\"WebSite\",\"@id\":\"https:\/\/soemods-bolcher.dk\/#website\",\"url\":\"https:\/\/soemods-bolcher.dk\/\",\"name\":\"S\u00f8mods Bolcher\",\"description\":\"Kongelig Hofleverand\u00f8r - Bolcher i N\u00f8rregade\",\"publisher\":{\"@id\":\"https:\/\/soemods-bolcher.dk\/#organization\"},\"potentialAction\":[{\"@type\":\"SearchAction\",\"target\":{\"@type\":\"EntryPoint\",\"urlTemplate\":\"https:\/\/soemods-bolcher.dk\/?s={search_term_string}\"},\"query-input\":{\"@type\":\"PropertyValueSpecification\",\"valueRequired\":true,\"valueName\":\"search_term_string\"}}],\"inLanguage\":\"en-US\"},{\"@type\":\"Organization\",\"@id\":\"https:\/\/soemods-bolcher.dk\/#organization\",\"name\":\"S\u00f8mods Bolcher\",\"url\":\"https:\/\/soemods-bolcher.dk\/\",\"logo\":{\"@type\":\"ImageObject\",\"inLanguage\":\"en-US\",\"@id\":\"https:\/\/soemods-bolcher.dk\/#\/schema\/logo\/image\/\",\"url\":\"https:\/\/soemods-bolcher.dk\/wp-content\/uploads\/2024\/06\/Layer_1.svg\",\"contentUrl\":\"https:\/\/soemods-bolcher.dk\/wp-content\/uploads\/2024\/06\/Layer_1.svg\",\"width\":207,\"height\":69,\"caption\":\"S\u00f8mods Bolcher\"},\"image\":{\"@id\":\"https:\/\/soemods-bolcher.dk\/#\/schema\/logo\/image\/\"},\"sameAs\":[\"https:\/\/www.facebook.com\/Soemodsbolcher\/\",\"https:\/\/www.instagram.com\/soemodsbolcher\/?hl=da\"]}]}<\/script>\n<!-- \/ Yoast SEO plugin. -->","yoast_head_json":{"title":"Fruit Mix in Copper Tin | S\u00f8mods Bolcher","robots":{"index":"index","follow":"follow","max-snippet":"max-snippet:-1","max-image-preview":"max-image-preview:large","max-video-preview":"max-video-preview:-1"},"canonical":"https:\/\/soemods-bolcher.dk\/en\/product\/fruit-mix-in-copper-tin\/","og_locale":"en_US","og_type":"article","og_title":"Fruit Mix in Copper Tin | S\u00f8mods Bolcher","og_description":"A charming copper tin containing 350 grams of our Fruit Mix. Our Fruit Mix is a selection of fruity sweets combined with sweet varieties such as caramel and cacao. The mix does not contain liquorice.","og_url":"https:\/\/soemods-bolcher.dk\/en\/product\/fruit-mix-in-copper-tin\/","og_site_name":"S\u00f8mods Bolcher","article_publisher":"https:\/\/www.facebook.com\/Soemodsbolcher\/","article_modified_time":"2025-08-27T09:51:39+00:00","og_image":[{"width":866,"height":1000,"url":"https:\/\/soemods-bolcher.dk\/wp-content\/uploads\/2025\/08\/frugt-2.png","type":"image\/png"}],"twitter_card":"summary_large_image","schema":{"@context":"https:\/\/schema.org","@graph":[{"@type":"WebPage","@id":"https:\/\/soemods-bolcher.dk\/en\/product\/fruit-mix-in-copper-tin\/","url":"https:\/\/soemods-bolcher.dk\/en\/product\/fruit-mix-in-copper-tin\/","name":"Fruit Mix in Copper Tin | S\u00f8mods Bolcher","isPartOf":{"@id":"https:\/\/soemods-bolcher.dk\/#website"},"primaryImageOfPage":{"@id":"https:\/\/soemods-bolcher.dk\/en\/product\/fruit-mix-in-copper-tin\/#primaryimage"},"image":{"@id":"https:\/\/soemods-bolcher.dk\/en\/product\/fruit-mix-in-copper-tin\/#primaryimage"},"thumbnailUrl":"https:\/\/soemods-bolcher.dk\/wp-content\/uploads\/2025\/08\/frugt-2.png","datePublished":"2025-08-25T09:34:24+00:00","dateModified":"2025-08-27T09:51:39+00:00","breadcrumb":{"@id":"https:\/\/soemods-bolcher.dk\/en\/product\/fruit-mix-in-copper-tin\/#breadcrumb"},"inLanguage":"en-US","potentialAction":[{"@type":"ReadAction","target":["https:\/\/soemods-bolcher.dk\/en\/product\/fruit-mix-in-copper-tin\/"]}]},{"@type":"ImageObject","inLanguage":"en-US","@id":"https:\/\/soemods-bolcher.dk\/en\/product\/fruit-mix-in-copper-tin\/#primaryimage","url":"https:\/\/soemods-bolcher.dk\/wp-content\/uploads\/2025\/08\/frugt-2.png","contentUrl":"https:\/\/soemods-bolcher.dk\/wp-content\/uploads\/2025\/08\/frugt-2.png","width":866,"height":1000},{"@type":"BreadcrumbList","@id":"https:\/\/soemods-bolcher.dk\/en\/product\/fruit-mix-in-copper-tin\/#breadcrumb","itemListElement":[{"@type":"ListItem","position":1,"name":"Hjem","item":"https:\/\/soemods-bolcher.dk\/en\/"},{"@type":"ListItem","position":2,"name":"Shop","item":"https:\/\/soemods-bolcher.dk\/produkter\/"},{"@type":"ListItem","position":3,"name":"Fruit Mix in Copper Tin"}]},{"@type":"WebSite","@id":"https:\/\/soemods-bolcher.dk\/#website","url":"https:\/\/soemods-bolcher.dk\/","name":"S\u00f8mods Bolcher","description":"Kongelig Hofleverand\u00f8r - Bolcher i N\u00f8rregade","publisher":{"@id":"https:\/\/soemods-bolcher.dk\/#organization"},"potentialAction":[{"@type":"SearchAction","target":{"@type":"EntryPoint","urlTemplate":"https:\/\/soemods-bolcher.dk\/?s={search_term_string}"},"query-input":{"@type":"PropertyValueSpecification","valueRequired":true,"valueName":"search_term_string"}}],"inLanguage":"en-US"},{"@type":"Organization","@id":"https:\/\/soemods-bolcher.dk\/#organization","name":"S\u00f8mods Bolcher","url":"https:\/\/soemods-bolcher.dk\/","logo":{"@type":"ImageObject","inLanguage":"en-US","@id":"https:\/\/soemods-bolcher.dk\/#\/schema\/logo\/image\/","url":"https:\/\/soemods-bolcher.dk\/wp-content\/uploads\/2024\/06\/Layer_1.svg","contentUrl":"https:\/\/soemods-bolcher.dk\/wp-content\/uploads\/2024\/06\/Layer_1.svg","width":207,"height":69,"caption":"S\u00f8mods Bolcher"},"image":{"@id":"https:\/\/soemods-bolcher.dk\/#\/schema\/logo\/image\/"},"sameAs":["https:\/\/www.facebook.com\/Soemodsbolcher\/","https:\/\/www.instagram.com\/soemodsbolcher\/?hl=da"]}]}},"_links":{"self":[{"href":"https:\/\/soemods-bolcher.dk\/en\/wp-json\/wp\/v2\/product\/3288","targetHints":{"allow":["GET"]}}],"collection":[{"href":"https:\/\/soemods-bolcher.dk\/en\/wp-json\/wp\/v2\/product"}],"about":[{"href":"https:\/\/soemods-bolcher.dk\/en\/wp-json\/wp\/v2\/types\/product"}],"replies":[{"embeddable":true,"href":"https:\/\/soemods-bolcher.dk\/en\/wp-json\/wp\/v2\/comments?post=3288"}],"wp:featuredmedia":[{"embeddable":true,"href":"https:\/\/soemods-bolcher.dk\/en\/wp-json\/wp\/v2\/media\/3283"}],"wp:attachment":[{"href":"https:\/\/soemods-bolcher.dk\/en\/wp-json\/wp\/v2\/media?parent=3288"}],"wp:term":[{"taxonomy":"product_brand","embeddable":true,"href":"https:\/\/soemods-bolcher.dk\/en\/wp-json\/wp\/v2\/product_brand?post=3288"},{"taxonomy":"product_cat","embeddable":true,"href":"https:\/\/soemods-bolcher.dk\/en\/wp-json\/wp\/v2\/product_cat?post=3288"},{"taxonomy":"product_tag","embeddable":true,"href":"https:\/\/soemods-bolcher.dk\/en\/wp-json\/wp\/v2\/product_tag?post=3288"}],"curies":[{"name":"wp","href":"https:\/\/api.w.org\/{rel}","templated":true}]}}