{"id":2195,"date":"2024-07-24T07:51:57","date_gmt":"2024-07-24T05:51:57","guid":{"rendered":"https:\/\/soemods-bolcher.dk\/vare\/bland-selv-glas-5\/"},"modified":"2025-05-06T12:38:54","modified_gmt":"2025-05-06T10:38:54","slug":"bland-selv-glas-5","status":"publish","type":"product","link":"https:\/\/soemods-bolcher.dk\/en\/product\/bland-selv-glas-5\/","title":{"rendered":"Mix your own jar no 5"},"content":{"rendered":"","protected":false},"excerpt":{"rendered":"<p>Click on &#8220;Choose Variants&#8221; to get started. Each time you click on a candy, we\u2019ll pack 50g of that candy into your jar. Choose 16 different candy varieties.<\/p>\n","protected":false},"featured_media":986,"comment_status":"closed","ping_status":"closed","template":"","meta":{"_acf_changed":false,"_et_pb_use_builder":"","_et_pb_old_content":"","_et_gb_content_width":"","inline_featured_image":false},"product_brand":[],"product_cat":[345,341,344],"product_tag":[454,457,592],"class_list":{"0":"post-2195","1":"product","2":"type-product","3":"status-publish","4":"has-post-thumbnail","6":"product_cat-hard-boiled-sweets-gourmet-candies","7":"product_cat-mix-your-own-candies","8":"product_cat-jar","9":"product_tag-candies-in-jar","10":"product_tag-jar-no-5","11":"product_tag-mix-your-own","13":"first","14":"instock","15":"taxable","16":"shipping-taxable","17":"purchasable","18":"product-type-simple"},"acf":[],"yoast_head":"<!-- This site is optimized with the Yoast SEO plugin v25.3.1 - https:\/\/yoast.com\/wordpress\/plugins\/seo\/ -->\n<title>Mix your own jar no 5 | S\u00f8mods Bolcher<\/title>\n<meta name=\"robots\" content=\"index, follow, max-snippet:-1, max-image-preview:large, max-video-preview:-1\" \/>\n<link rel=\"canonical\" href=\"https:\/\/soemods-bolcher.dk\/en\/product\/bland-selv-glas-5\/\" \/>\n<meta property=\"og:locale\" content=\"en_US\" \/>\n<meta property=\"og:type\" content=\"article\" \/>\n<meta property=\"og:title\" content=\"Mix your own jar no 5 | S\u00f8mods Bolcher\" \/>\n<meta property=\"og:description\" content=\"Click on &quot;Choose Variants&quot; to get started. Each time you click on a candy, we\u2019ll pack 50g of that candy into your jar. Choose 16 different candy varieties.\" \/>\n<meta property=\"og:url\" content=\"https:\/\/soemods-bolcher.dk\/en\/product\/bland-selv-glas-5\/\" \/>\n<meta property=\"og:site_name\" content=\"S\u00f8mods Bolcher\" \/>\n<meta property=\"article:publisher\" content=\"https:\/\/www.facebook.com\/Soemodsbolcher\/\" \/>\n<meta property=\"article:modified_time\" content=\"2025-05-06T10:38:54+00:00\" \/>\n<meta property=\"og:image\" content=\"https:\/\/soemods-bolcher.dk\/wp-content\/uploads\/2024\/07\/blandselv-5.jpg\" \/>\n\t<meta property=\"og:image:width\" content=\"866\" \/>\n\t<meta property=\"og:image:height\" content=\"1044\" \/>\n\t<meta property=\"og:image:type\" content=\"image\/jpeg\" \/>\n<meta name=\"twitter:card\" content=\"summary_large_image\" \/>\n<script type=\"application\/ld+json\" class=\"yoast-schema-graph\">{\"@context\":\"https:\/\/schema.org\",\"@graph\":[{\"@type\":\"WebPage\",\"@id\":\"https:\/\/soemods-bolcher.dk\/en\/product\/bland-selv-glas-5\/\",\"url\":\"https:\/\/soemods-bolcher.dk\/en\/product\/bland-selv-glas-5\/\",\"name\":\"Mix your own jar no 5 | S\u00f8mods Bolcher\",\"isPartOf\":{\"@id\":\"https:\/\/soemods-bolcher.dk\/#website\"},\"primaryImageOfPage\":{\"@id\":\"https:\/\/soemods-bolcher.dk\/en\/product\/bland-selv-glas-5\/#primaryimage\"},\"image\":{\"@id\":\"https:\/\/soemods-bolcher.dk\/en\/product\/bland-selv-glas-5\/#primaryimage\"},\"thumbnailUrl\":\"https:\/\/soemods-bolcher.dk\/wp-content\/uploads\/2024\/07\/blandselv-5.jpg\",\"datePublished\":\"2024-07-24T05:51:57+00:00\",\"dateModified\":\"2025-05-06T10:38:54+00:00\",\"breadcrumb\":{\"@id\":\"https:\/\/soemods-bolcher.dk\/en\/product\/bland-selv-glas-5\/#breadcrumb\"},\"inLanguage\":\"en-US\",\"potentialAction\":[{\"@type\":\"ReadAction\",\"target\":[\"https:\/\/soemods-bolcher.dk\/en\/product\/bland-selv-glas-5\/\"]}]},{\"@type\":\"ImageObject\",\"inLanguage\":\"en-US\",\"@id\":\"https:\/\/soemods-bolcher.dk\/en\/product\/bland-selv-glas-5\/#primaryimage\",\"url\":\"https:\/\/soemods-bolcher.dk\/wp-content\/uploads\/2024\/07\/blandselv-5.jpg\",\"contentUrl\":\"https:\/\/soemods-bolcher.dk\/wp-content\/uploads\/2024\/07\/blandselv-5.jpg\",\"width\":866,\"height\":1044},{\"@type\":\"BreadcrumbList\",\"@id\":\"https:\/\/soemods-bolcher.dk\/en\/product\/bland-selv-glas-5\/#breadcrumb\",\"itemListElement\":[{\"@type\":\"ListItem\",\"position\":1,\"name\":\"Hjem\",\"item\":\"https:\/\/soemods-bolcher.dk\/en\/\"},{\"@type\":\"ListItem\",\"position\":2,\"name\":\"Shop\",\"item\":\"https:\/\/soemods-bolcher.dk\/produkter\/\"},{\"@type\":\"ListItem\",\"position\":3,\"name\":\"Mix your own jar no 5\"}]},{\"@type\":\"WebSite\",\"@id\":\"https:\/\/soemods-bolcher.dk\/#website\",\"url\":\"https:\/\/soemods-bolcher.dk\/\",\"name\":\"S\u00f8mods Bolcher\",\"description\":\"Kongelig Hofleverand\u00f8r - Bolcher i N\u00f8rregade\",\"publisher\":{\"@id\":\"https:\/\/soemods-bolcher.dk\/#organization\"},\"potentialAction\":[{\"@type\":\"SearchAction\",\"target\":{\"@type\":\"EntryPoint\",\"urlTemplate\":\"https:\/\/soemods-bolcher.dk\/?s={search_term_string}\"},\"query-input\":{\"@type\":\"PropertyValueSpecification\",\"valueRequired\":true,\"valueName\":\"search_term_string\"}}],\"inLanguage\":\"en-US\"},{\"@type\":\"Organization\",\"@id\":\"https:\/\/soemods-bolcher.dk\/#organization\",\"name\":\"S\u00f8mods Bolcher\",\"url\":\"https:\/\/soemods-bolcher.dk\/\",\"logo\":{\"@type\":\"ImageObject\",\"inLanguage\":\"en-US\",\"@id\":\"https:\/\/soemods-bolcher.dk\/#\/schema\/logo\/image\/\",\"url\":\"https:\/\/soemods-bolcher.dk\/wp-content\/uploads\/2024\/06\/Layer_1.svg\",\"contentUrl\":\"https:\/\/soemods-bolcher.dk\/wp-content\/uploads\/2024\/06\/Layer_1.svg\",\"width\":207,\"height\":69,\"caption\":\"S\u00f8mods Bolcher\"},\"image\":{\"@id\":\"https:\/\/soemods-bolcher.dk\/#\/schema\/logo\/image\/\"},\"sameAs\":[\"https:\/\/www.facebook.com\/Soemodsbolcher\/\",\"https:\/\/www.instagram.com\/soemodsbolcher\/?hl=da\"]}]}<\/script>\n<!-- \/ Yoast SEO plugin. -->","yoast_head_json":{"title":"Mix your own jar no 5 | S\u00f8mods Bolcher","robots":{"index":"index","follow":"follow","max-snippet":"max-snippet:-1","max-image-preview":"max-image-preview:large","max-video-preview":"max-video-preview:-1"},"canonical":"https:\/\/soemods-bolcher.dk\/en\/product\/bland-selv-glas-5\/","og_locale":"en_US","og_type":"article","og_title":"Mix your own jar no 5 | S\u00f8mods Bolcher","og_description":"Click on \"Choose Variants\" to get started. Each time you click on a candy, we\u2019ll pack 50g of that candy into your jar. Choose 16 different candy varieties.","og_url":"https:\/\/soemods-bolcher.dk\/en\/product\/bland-selv-glas-5\/","og_site_name":"S\u00f8mods Bolcher","article_publisher":"https:\/\/www.facebook.com\/Soemodsbolcher\/","article_modified_time":"2025-05-06T10:38:54+00:00","og_image":[{"width":866,"height":1044,"url":"https:\/\/soemods-bolcher.dk\/wp-content\/uploads\/2024\/07\/blandselv-5.jpg","type":"image\/jpeg"}],"twitter_card":"summary_large_image","schema":{"@context":"https:\/\/schema.org","@graph":[{"@type":"WebPage","@id":"https:\/\/soemods-bolcher.dk\/en\/product\/bland-selv-glas-5\/","url":"https:\/\/soemods-bolcher.dk\/en\/product\/bland-selv-glas-5\/","name":"Mix your own jar no 5 | S\u00f8mods Bolcher","isPartOf":{"@id":"https:\/\/soemods-bolcher.dk\/#website"},"primaryImageOfPage":{"@id":"https:\/\/soemods-bolcher.dk\/en\/product\/bland-selv-glas-5\/#primaryimage"},"image":{"@id":"https:\/\/soemods-bolcher.dk\/en\/product\/bland-selv-glas-5\/#primaryimage"},"thumbnailUrl":"https:\/\/soemods-bolcher.dk\/wp-content\/uploads\/2024\/07\/blandselv-5.jpg","datePublished":"2024-07-24T05:51:57+00:00","dateModified":"2025-05-06T10:38:54+00:00","breadcrumb":{"@id":"https:\/\/soemods-bolcher.dk\/en\/product\/bland-selv-glas-5\/#breadcrumb"},"inLanguage":"en-US","potentialAction":[{"@type":"ReadAction","target":["https:\/\/soemods-bolcher.dk\/en\/product\/bland-selv-glas-5\/"]}]},{"@type":"ImageObject","inLanguage":"en-US","@id":"https:\/\/soemods-bolcher.dk\/en\/product\/bland-selv-glas-5\/#primaryimage","url":"https:\/\/soemods-bolcher.dk\/wp-content\/uploads\/2024\/07\/blandselv-5.jpg","contentUrl":"https:\/\/soemods-bolcher.dk\/wp-content\/uploads\/2024\/07\/blandselv-5.jpg","width":866,"height":1044},{"@type":"BreadcrumbList","@id":"https:\/\/soemods-bolcher.dk\/en\/product\/bland-selv-glas-5\/#breadcrumb","itemListElement":[{"@type":"ListItem","position":1,"name":"Hjem","item":"https:\/\/soemods-bolcher.dk\/en\/"},{"@type":"ListItem","position":2,"name":"Shop","item":"https:\/\/soemods-bolcher.dk\/produkter\/"},{"@type":"ListItem","position":3,"name":"Mix your own jar no 5"}]},{"@type":"WebSite","@id":"https:\/\/soemods-bolcher.dk\/#website","url":"https:\/\/soemods-bolcher.dk\/","name":"S\u00f8mods Bolcher","description":"Kongelig Hofleverand\u00f8r - Bolcher i N\u00f8rregade","publisher":{"@id":"https:\/\/soemods-bolcher.dk\/#organization"},"potentialAction":[{"@type":"SearchAction","target":{"@type":"EntryPoint","urlTemplate":"https:\/\/soemods-bolcher.dk\/?s={search_term_string}"},"query-input":{"@type":"PropertyValueSpecification","valueRequired":true,"valueName":"search_term_string"}}],"inLanguage":"en-US"},{"@type":"Organization","@id":"https:\/\/soemods-bolcher.dk\/#organization","name":"S\u00f8mods Bolcher","url":"https:\/\/soemods-bolcher.dk\/","logo":{"@type":"ImageObject","inLanguage":"en-US","@id":"https:\/\/soemods-bolcher.dk\/#\/schema\/logo\/image\/","url":"https:\/\/soemods-bolcher.dk\/wp-content\/uploads\/2024\/06\/Layer_1.svg","contentUrl":"https:\/\/soemods-bolcher.dk\/wp-content\/uploads\/2024\/06\/Layer_1.svg","width":207,"height":69,"caption":"S\u00f8mods Bolcher"},"image":{"@id":"https:\/\/soemods-bolcher.dk\/#\/schema\/logo\/image\/"},"sameAs":["https:\/\/www.facebook.com\/Soemodsbolcher\/","https:\/\/www.instagram.com\/soemodsbolcher\/?hl=da"]}]}},"_links":{"self":[{"href":"https:\/\/soemods-bolcher.dk\/en\/wp-json\/wp\/v2\/product\/2195","targetHints":{"allow":["GET"]}}],"collection":[{"href":"https:\/\/soemods-bolcher.dk\/en\/wp-json\/wp\/v2\/product"}],"about":[{"href":"https:\/\/soemods-bolcher.dk\/en\/wp-json\/wp\/v2\/types\/product"}],"replies":[{"embeddable":true,"href":"https:\/\/soemods-bolcher.dk\/en\/wp-json\/wp\/v2\/comments?post=2195"}],"wp:featuredmedia":[{"embeddable":true,"href":"https:\/\/soemods-bolcher.dk\/en\/wp-json\/wp\/v2\/media\/986"}],"wp:attachment":[{"href":"https:\/\/soemods-bolcher.dk\/en\/wp-json\/wp\/v2\/media?parent=2195"}],"wp:term":[{"taxonomy":"product_brand","embeddable":true,"href":"https:\/\/soemods-bolcher.dk\/en\/wp-json\/wp\/v2\/product_brand?post=2195"},{"taxonomy":"product_cat","embeddable":true,"href":"https:\/\/soemods-bolcher.dk\/en\/wp-json\/wp\/v2\/product_cat?post=2195"},{"taxonomy":"product_tag","embeddable":true,"href":"https:\/\/soemods-bolcher.dk\/en\/wp-json\/wp\/v2\/product_tag?post=2195"}],"curies":[{"name":"wp","href":"https:\/\/api.w.org\/{rel}","templated":true}]}}