{"id":2185,"date":"2024-10-22T11:31:06","date_gmt":"2024-10-22T09:31:06","guid":{"rendered":"https:\/\/soemods-bolcher.dk\/vare\/tutti-frutti\/"},"modified":"2025-12-01T23:01:50","modified_gmt":"2025-12-01T22:01:50","slug":"tutti-frutti","status":"publish","type":"product","link":"https:\/\/soemods-bolcher.dk\/en\/product\/tutti-frutti\/","title":{"rendered":"Tutti Frutti"},"content":{"rendered":"<p data-start=\"0\" data-end=\"204\">A fruit party in every bite<br data-start=\"27\" data-end=\"30\" \/>Our Tutti Frutti candies are a burst of fruity flavors and colorful joy. The name \u201cTutti Frutti\u201d means \u201call fruits\u201d in Italian \u2013 and these candies truly live up to that name.<\/p>\n<p data-start=\"206\" data-end=\"443\">We\u2019ve chosen to give our version a fresh and tangy twist to avoid the artificial bubblegum flavor often associated with classic Tutti Frutti products. The result is a perfectly balanced candy, where sweetness and acidity go hand in hand.<\/p>\n<p data-start=\"445\" data-end=\"637\"><strong data-start=\"445\" data-end=\"471\">Available in two sizes<\/strong><br data-start=\"471\" data-end=\"474\" \/>You can buy our Tutti Frutti candies in 250 g or 500 g bags, depending on your need for color and fruitiness. Perfect for everyday enjoyment or as a cheerful gift.<\/p>\n<p data-start=\"639\" data-end=\"717\"><strong data-start=\"639\" data-end=\"669\">Natural colors and flavors<\/strong><br data-start=\"669\" data-end=\"672\" \/>Our candies are made using natural colorants:<\/p>\n<ul data-start=\"719\" data-end=\"949\">\n<li data-start=\"719\" data-end=\"773\">\n<p data-start=\"721\" data-end=\"773\">Red from carmine, extracted from cochineal insects<\/p>\n<\/li>\n<li data-start=\"774\" data-end=\"798\">\n<p data-start=\"776\" data-end=\"798\">Yellow from turmeric<\/p>\n<\/li>\n<li data-start=\"799\" data-end=\"861\">\n<p data-start=\"801\" data-end=\"861\">Green from chlorophyll \u2013 the green pigment found in plants<\/p>\n<\/li>\n<li data-start=\"862\" data-end=\"903\">\n<p data-start=\"864\" data-end=\"903\">Orange from a blend of yellow and red<\/p>\n<\/li>\n<li data-start=\"904\" data-end=\"949\">\n<p data-start=\"906\" data-end=\"949\">Blue in small amounts for added variation<\/p>\n<\/li>\n<\/ul>\n<p data-start=\"951\" data-end=\"1070\">These natural colors don\u2019t just add visual wow-factor \u2013 they also reflect our commitment to clean, thoughtful products.<\/p>\n<p data-start=\"1072\" data-end=\"1267\"><strong data-start=\"1072\" data-end=\"1104\">Craftsmanship in every piece<\/strong><br data-start=\"1104\" data-end=\"1107\" \/>Production begins with 20 kg of pearl sugar, which is cooked to nearly 180\u00b0C. The hot sugar mass is poured onto our production table, then colored and flavored.<\/p>\n<p data-start=\"1269\" data-end=\"1447\">The main portion is dyed yellow and flavored with various fruit extracts and a touch of tartaric acid. The acid balances the sweetness and creates the signature refreshing taste.<\/p>\n<p data-start=\"1449\" data-end=\"1553\">By pulling the mass, air is incorporated, which gives a lighter color and a softer, more rounded flavor.<\/p>\n<p data-start=\"1555\" data-end=\"1913\"><strong data-start=\"1555\" data-end=\"1579\">Color play and shape<\/strong><br data-start=\"1579\" data-end=\"1582\" \/>The different colored sugar masses are pulled into rods and assembled into a multicolored square around the yellow core. Once assembled, the mass is run through a hand-cranked cutting machine, which slices the candies into fine triangular pieces. The machine is over 80 years old and an important part of our candy-making heritage.<\/p>\n<p data-start=\"1915\" data-end=\"2049\"><strong data-start=\"1915\" data-end=\"1945\">Allergy-friendly enjoyment<\/strong><br data-start=\"1945\" data-end=\"1948\" \/>Our Tutti Frutti candies are gluten-free and lactose-free, making them suitable for even more people.<\/p>\n<p data-start=\"2051\" data-end=\"2280\" data-is-last-node=\"\" data-is-only-node=\"\"><strong data-start=\"2051\" data-end=\"2081\">Perfect for every occasion<\/strong><br data-start=\"2081\" data-end=\"2084\" \/>These candies are ideal for birthdays, summer parties, gifts, or as a colorful addition to your candy bowl. They\u2019re a celebration of taste, craftsmanship, and color \u2013 all in one little tangy bite.<\/p>\n","protected":false},"excerpt":{"rendered":"<p>Our Tutti Frutti candy is a symphony of delicious fruit flavors, with a beautiful design in all the colors of the rainbow!<\/p>\n","protected":false},"featured_media":1482,"comment_status":"closed","ping_status":"closed","template":"","meta":{"_acf_changed":false,"_et_pb_use_builder":"","_et_pb_old_content":"","_et_gb_content_width":"","inline_featured_image":false},"product_brand":[],"product_cat":[345,370,722,353,354,358],"product_tag":[418,588,417,590,589,587,591],"class_list":{"0":"post-2185","1":"product","2":"type-product","3":"status-publish","4":"has-post-thumbnail","6":"product_cat-hard-boiled-sweets-gourmet-candies","7":"product_cat-baptism","8":"product_cat-black-friday-en","9":"product_cat-assorted-bags","10":"product_cat-fruit-candies","11":"product_cat-sweet","12":"product_tag-fruit-flavour","13":"product_tag-lgbtq-en","14":"product_tag-mixed-fruit","15":"product_tag-pride-flag-en","16":"product_tag-rainbow-en-2","17":"product_tag-rainbow-en","18":"product_tag-tutti-frutti-en","19":"pa_vaegt-250-g-en","20":"pa_vaegt-500-g-en","21":"farve-blue","22":"farve-green","23":"farve-red","24":"farve-yellow","26":"first","27":"instock","28":"taxable","29":"shipping-taxable","30":"purchasable","31":"product-type-variable","32":"has-default-attributes"},"acf":[],"yoast_head":"<!-- This site is optimized with the Yoast SEO plugin v25.3.1 - https:\/\/yoast.com\/wordpress\/plugins\/seo\/ -->\n<title>Tutti Frutti | S\u00f8mods Bolcher<\/title>\n<meta name=\"description\" content=\"S\u00f8mods Tutti Frutti Candies \u2013 a tangy and colorful fruit blend, handcrafted with natural flavours. Gluten-free, lactose-free, and full of flavor!\" \/>\n<meta name=\"robots\" content=\"index, follow, max-snippet:-1, max-image-preview:large, max-video-preview:-1\" \/>\n<link rel=\"canonical\" href=\"https:\/\/soemods-bolcher.dk\/en\/product\/tutti-frutti\/\" \/>\n<meta property=\"og:locale\" content=\"en_US\" \/>\n<meta property=\"og:type\" content=\"article\" \/>\n<meta property=\"og:title\" content=\"Tutti Frutti | S\u00f8mods Bolcher\" \/>\n<meta property=\"og:description\" content=\"S\u00f8mods Tutti Frutti Candies \u2013 a tangy and colorful fruit blend, handcrafted with natural flavours. Gluten-free, lactose-free, and full of flavor!\" \/>\n<meta property=\"og:url\" content=\"https:\/\/soemods-bolcher.dk\/en\/product\/tutti-frutti\/\" \/>\n<meta property=\"og:site_name\" content=\"S\u00f8mods Bolcher\" \/>\n<meta property=\"article:publisher\" content=\"https:\/\/www.facebook.com\/Soemodsbolcher\/\" \/>\n<meta property=\"article:modified_time\" content=\"2025-12-01T22:01:50+00:00\" \/>\n<meta property=\"og:image\" content=\"https:\/\/soemods-bolcher.dk\/wp-content\/uploads\/2024\/10\/produktfotos-ny-hjemmeside-866-x-1000-px-8.png\" \/>\n\t<meta property=\"og:image:width\" content=\"866\" \/>\n\t<meta property=\"og:image:height\" content=\"1000\" \/>\n\t<meta property=\"og:image:type\" content=\"image\/png\" \/>\n<meta name=\"twitter:card\" content=\"summary_large_image\" \/>\n<meta name=\"twitter:label1\" content=\"Est. reading time\" \/>\n\t<meta name=\"twitter:data1\" content=\"2 minutes\" \/>\n<script type=\"application\/ld+json\" class=\"yoast-schema-graph\">{\"@context\":\"https:\/\/schema.org\",\"@graph\":[{\"@type\":\"WebPage\",\"@id\":\"https:\/\/soemods-bolcher.dk\/en\/product\/tutti-frutti\/\",\"url\":\"https:\/\/soemods-bolcher.dk\/en\/product\/tutti-frutti\/\",\"name\":\"Tutti Frutti | S\u00f8mods Bolcher\",\"isPartOf\":{\"@id\":\"https:\/\/soemods-bolcher.dk\/#website\"},\"primaryImageOfPage\":{\"@id\":\"https:\/\/soemods-bolcher.dk\/en\/product\/tutti-frutti\/#primaryimage\"},\"image\":{\"@id\":\"https:\/\/soemods-bolcher.dk\/en\/product\/tutti-frutti\/#primaryimage\"},\"thumbnailUrl\":\"https:\/\/soemods-bolcher.dk\/wp-content\/uploads\/2024\/10\/produktfotos-ny-hjemmeside-866-x-1000-px-8.png\",\"datePublished\":\"2024-10-22T09:31:06+00:00\",\"dateModified\":\"2025-12-01T22:01:50+00:00\",\"description\":\"S\u00f8mods Tutti Frutti Candies \u2013 a tangy and colorful fruit blend, handcrafted with natural flavours. Gluten-free, lactose-free, and full of flavor!\",\"breadcrumb\":{\"@id\":\"https:\/\/soemods-bolcher.dk\/en\/product\/tutti-frutti\/#breadcrumb\"},\"inLanguage\":\"en-US\",\"potentialAction\":[{\"@type\":\"ReadAction\",\"target\":[\"https:\/\/soemods-bolcher.dk\/en\/product\/tutti-frutti\/\"]}]},{\"@type\":\"ImageObject\",\"inLanguage\":\"en-US\",\"@id\":\"https:\/\/soemods-bolcher.dk\/en\/product\/tutti-frutti\/#primaryimage\",\"url\":\"https:\/\/soemods-bolcher.dk\/wp-content\/uploads\/2024\/10\/produktfotos-ny-hjemmeside-866-x-1000-px-8.png\",\"contentUrl\":\"https:\/\/soemods-bolcher.dk\/wp-content\/uploads\/2024\/10\/produktfotos-ny-hjemmeside-866-x-1000-px-8.png\",\"width\":866,\"height\":1000},{\"@type\":\"BreadcrumbList\",\"@id\":\"https:\/\/soemods-bolcher.dk\/en\/product\/tutti-frutti\/#breadcrumb\",\"itemListElement\":[{\"@type\":\"ListItem\",\"position\":1,\"name\":\"Hjem\",\"item\":\"https:\/\/soemods-bolcher.dk\/\"},{\"@type\":\"ListItem\",\"position\":2,\"name\":\"Shop\",\"item\":\"https:\/\/soemods-bolcher.dk\/produkter\/\"},{\"@type\":\"ListItem\",\"position\":3,\"name\":\"Tutti Frutti\"}]},{\"@type\":\"WebSite\",\"@id\":\"https:\/\/soemods-bolcher.dk\/#website\",\"url\":\"https:\/\/soemods-bolcher.dk\/\",\"name\":\"S\u00f8mods Bolcher\",\"description\":\"Kongelig Hofleverand\u00f8r - Bolcher i N\u00f8rregade\",\"publisher\":{\"@id\":\"https:\/\/soemods-bolcher.dk\/#organization\"},\"potentialAction\":[{\"@type\":\"SearchAction\",\"target\":{\"@type\":\"EntryPoint\",\"urlTemplate\":\"https:\/\/soemods-bolcher.dk\/?s={search_term_string}\"},\"query-input\":{\"@type\":\"PropertyValueSpecification\",\"valueRequired\":true,\"valueName\":\"search_term_string\"}}],\"inLanguage\":\"en-US\"},{\"@type\":\"Organization\",\"@id\":\"https:\/\/soemods-bolcher.dk\/#organization\",\"name\":\"S\u00f8mods Bolcher\",\"url\":\"https:\/\/soemods-bolcher.dk\/\",\"logo\":{\"@type\":\"ImageObject\",\"inLanguage\":\"en-US\",\"@id\":\"https:\/\/soemods-bolcher.dk\/#\/schema\/logo\/image\/\",\"url\":\"https:\/\/soemods-bolcher.dk\/wp-content\/uploads\/2024\/06\/Layer_1.svg\",\"contentUrl\":\"https:\/\/soemods-bolcher.dk\/wp-content\/uploads\/2024\/06\/Layer_1.svg\",\"width\":207,\"height\":69,\"caption\":\"S\u00f8mods Bolcher\"},\"image\":{\"@id\":\"https:\/\/soemods-bolcher.dk\/#\/schema\/logo\/image\/\"},\"sameAs\":[\"https:\/\/www.facebook.com\/Soemodsbolcher\/\",\"https:\/\/www.instagram.com\/soemodsbolcher\/?hl=da\"]}]}<\/script>\n<!-- \/ Yoast SEO plugin. -->","yoast_head_json":{"title":"Tutti Frutti | S\u00f8mods Bolcher","description":"S\u00f8mods Tutti Frutti Candies \u2013 a tangy and colorful fruit blend, handcrafted with natural flavours. Gluten-free, lactose-free, and full of flavor!","robots":{"index":"index","follow":"follow","max-snippet":"max-snippet:-1","max-image-preview":"max-image-preview:large","max-video-preview":"max-video-preview:-1"},"canonical":"https:\/\/soemods-bolcher.dk\/en\/product\/tutti-frutti\/","og_locale":"en_US","og_type":"article","og_title":"Tutti Frutti | S\u00f8mods Bolcher","og_description":"S\u00f8mods Tutti Frutti Candies \u2013 a tangy and colorful fruit blend, handcrafted with natural flavours. Gluten-free, lactose-free, and full of flavor!","og_url":"https:\/\/soemods-bolcher.dk\/en\/product\/tutti-frutti\/","og_site_name":"S\u00f8mods Bolcher","article_publisher":"https:\/\/www.facebook.com\/Soemodsbolcher\/","article_modified_time":"2025-12-01T22:01:50+00:00","og_image":[{"width":866,"height":1000,"url":"https:\/\/soemods-bolcher.dk\/wp-content\/uploads\/2024\/10\/produktfotos-ny-hjemmeside-866-x-1000-px-8.png","type":"image\/png"}],"twitter_card":"summary_large_image","twitter_misc":{"Est. reading time":"2 minutes"},"schema":{"@context":"https:\/\/schema.org","@graph":[{"@type":"WebPage","@id":"https:\/\/soemods-bolcher.dk\/en\/product\/tutti-frutti\/","url":"https:\/\/soemods-bolcher.dk\/en\/product\/tutti-frutti\/","name":"Tutti Frutti | S\u00f8mods Bolcher","isPartOf":{"@id":"https:\/\/soemods-bolcher.dk\/#website"},"primaryImageOfPage":{"@id":"https:\/\/soemods-bolcher.dk\/en\/product\/tutti-frutti\/#primaryimage"},"image":{"@id":"https:\/\/soemods-bolcher.dk\/en\/product\/tutti-frutti\/#primaryimage"},"thumbnailUrl":"https:\/\/soemods-bolcher.dk\/wp-content\/uploads\/2024\/10\/produktfotos-ny-hjemmeside-866-x-1000-px-8.png","datePublished":"2024-10-22T09:31:06+00:00","dateModified":"2025-12-01T22:01:50+00:00","description":"S\u00f8mods Tutti Frutti Candies \u2013 a tangy and colorful fruit blend, handcrafted with natural flavours. Gluten-free, lactose-free, and full of flavor!","breadcrumb":{"@id":"https:\/\/soemods-bolcher.dk\/en\/product\/tutti-frutti\/#breadcrumb"},"inLanguage":"en-US","potentialAction":[{"@type":"ReadAction","target":["https:\/\/soemods-bolcher.dk\/en\/product\/tutti-frutti\/"]}]},{"@type":"ImageObject","inLanguage":"en-US","@id":"https:\/\/soemods-bolcher.dk\/en\/product\/tutti-frutti\/#primaryimage","url":"https:\/\/soemods-bolcher.dk\/wp-content\/uploads\/2024\/10\/produktfotos-ny-hjemmeside-866-x-1000-px-8.png","contentUrl":"https:\/\/soemods-bolcher.dk\/wp-content\/uploads\/2024\/10\/produktfotos-ny-hjemmeside-866-x-1000-px-8.png","width":866,"height":1000},{"@type":"BreadcrumbList","@id":"https:\/\/soemods-bolcher.dk\/en\/product\/tutti-frutti\/#breadcrumb","itemListElement":[{"@type":"ListItem","position":1,"name":"Hjem","item":"https:\/\/soemods-bolcher.dk\/"},{"@type":"ListItem","position":2,"name":"Shop","item":"https:\/\/soemods-bolcher.dk\/produkter\/"},{"@type":"ListItem","position":3,"name":"Tutti Frutti"}]},{"@type":"WebSite","@id":"https:\/\/soemods-bolcher.dk\/#website","url":"https:\/\/soemods-bolcher.dk\/","name":"S\u00f8mods Bolcher","description":"Kongelig Hofleverand\u00f8r - Bolcher i N\u00f8rregade","publisher":{"@id":"https:\/\/soemods-bolcher.dk\/#organization"},"potentialAction":[{"@type":"SearchAction","target":{"@type":"EntryPoint","urlTemplate":"https:\/\/soemods-bolcher.dk\/?s={search_term_string}"},"query-input":{"@type":"PropertyValueSpecification","valueRequired":true,"valueName":"search_term_string"}}],"inLanguage":"en-US"},{"@type":"Organization","@id":"https:\/\/soemods-bolcher.dk\/#organization","name":"S\u00f8mods Bolcher","url":"https:\/\/soemods-bolcher.dk\/","logo":{"@type":"ImageObject","inLanguage":"en-US","@id":"https:\/\/soemods-bolcher.dk\/#\/schema\/logo\/image\/","url":"https:\/\/soemods-bolcher.dk\/wp-content\/uploads\/2024\/06\/Layer_1.svg","contentUrl":"https:\/\/soemods-bolcher.dk\/wp-content\/uploads\/2024\/06\/Layer_1.svg","width":207,"height":69,"caption":"S\u00f8mods Bolcher"},"image":{"@id":"https:\/\/soemods-bolcher.dk\/#\/schema\/logo\/image\/"},"sameAs":["https:\/\/www.facebook.com\/Soemodsbolcher\/","https:\/\/www.instagram.com\/soemodsbolcher\/?hl=da"]}]}},"_links":{"self":[{"href":"https:\/\/soemods-bolcher.dk\/en\/wp-json\/wp\/v2\/product\/2185","targetHints":{"allow":["GET"]}}],"collection":[{"href":"https:\/\/soemods-bolcher.dk\/en\/wp-json\/wp\/v2\/product"}],"about":[{"href":"https:\/\/soemods-bolcher.dk\/en\/wp-json\/wp\/v2\/types\/product"}],"replies":[{"embeddable":true,"href":"https:\/\/soemods-bolcher.dk\/en\/wp-json\/wp\/v2\/comments?post=2185"}],"wp:featuredmedia":[{"embeddable":true,"href":"https:\/\/soemods-bolcher.dk\/en\/wp-json\/wp\/v2\/media\/1482"}],"wp:attachment":[{"href":"https:\/\/soemods-bolcher.dk\/en\/wp-json\/wp\/v2\/media?parent=2185"}],"wp:term":[{"taxonomy":"product_brand","embeddable":true,"href":"https:\/\/soemods-bolcher.dk\/en\/wp-json\/wp\/v2\/product_brand?post=2185"},{"taxonomy":"product_cat","embeddable":true,"href":"https:\/\/soemods-bolcher.dk\/en\/wp-json\/wp\/v2\/product_cat?post=2185"},{"taxonomy":"product_tag","embeddable":true,"href":"https:\/\/soemods-bolcher.dk\/en\/wp-json\/wp\/v2\/product_tag?post=2185"}],"curies":[{"name":"wp","href":"https:\/\/api.w.org\/{rel}","templated":true}]}}