{"id":2113,"date":"2024-10-22T11:33:44","date_gmt":"2024-10-22T09:33:44","guid":{"rendered":"https:\/\/soemods-bolcher.dk\/vare\/martins-fyldte-med-rom\/"},"modified":"2025-12-01T23:01:49","modified_gmt":"2025-12-01T22:01:49","slug":"martins-fyldte-med-rom","status":"publish","type":"product","link":"https:\/\/soemods-bolcher.dk\/en\/product\/martins-fyldte-med-rom\/","title":{"rendered":"Martin&#8217;s filled candies with Chocolate and Rum"},"content":{"rendered":"","protected":false},"excerpt":{"rendered":"<p>Martin\u2019s filled candies are an indulgent treat, combining three luxurious flavours\u2014rum, chocolate, and orange\u2014into one exquisite bite. The outer shell is perfectly crisp with citrusy hint of orange, giving way to a smooth, flavourful centre. The warmth of the rum blends harmoniously with the deep richness of chocolate in the soft center.<\/p>\n","protected":false},"featured_media":1632,"comment_status":"closed","ping_status":"closed","template":"","meta":{"_acf_changed":false,"_et_pb_use_builder":"","_et_pb_old_content":"","_et_gb_content_width":"","inline_featured_image":false},"product_brand":[],"product_cat":[345,353,355],"product_tag":[428,480,548,478,427,484],"class_list":{"0":"post-2113","1":"product","2":"type-product","3":"status-publish","4":"has-post-thumbnail","6":"product_cat-hard-boiled-sweets-gourmet-candies","7":"product_cat-assorted-bags","8":"product_cat-center-filled","9":"product_tag-candies-with-chocolate","10":"product_tag-chocolate","11":"product_tag-chocolate-and-rum","12":"product_tag-filled","13":"product_tag-filled-candies","14":"product_tag-orange","15":"pa_vaegt-250-g-en","16":"pa_vaegt-500-g-en","17":"farve-green","18":"farve-red","19":"farve-yellow","21":"first","22":"instock","23":"taxable","24":"shipping-taxable","25":"purchasable","26":"product-type-variable","27":"has-default-attributes"},"acf":[],"yoast_head":"<!-- This site is optimized with the Yoast SEO plugin v25.3.1 - https:\/\/yoast.com\/wordpress\/plugins\/seo\/ -->\n<title>Martin&#039;s filled candies with Chocolate and Rum | S\u00f8mods Bolcher<\/title>\n<meta name=\"robots\" content=\"index, follow, max-snippet:-1, max-image-preview:large, max-video-preview:-1\" \/>\n<link rel=\"canonical\" href=\"https:\/\/soemods-bolcher.dk\/product\/martin\/\" \/>\n<meta property=\"og:locale\" content=\"en_US\" \/>\n<meta property=\"og:type\" content=\"article\" \/>\n<meta property=\"og:title\" content=\"Martin&#039;s filled candies with Chocolate and Rum | S\u00f8mods Bolcher\" \/>\n<meta property=\"og:description\" content=\"Martin\u2019s filled candies are an indulgent treat, combining three luxurious flavours\u2014rum, chocolate, and orange\u2014into one exquisite bite. The outer shell is perfectly crisp with citrusy hint of orange, giving way to a smooth, flavourful centre. The warmth of the rum blends harmoniously with the deep richness of chocolate in the soft center.\" \/>\n<meta property=\"og:url\" content=\"https:\/\/soemods-bolcher.dk\/product\/martin\/\" \/>\n<meta property=\"og:site_name\" content=\"S\u00f8mods Bolcher\" \/>\n<meta property=\"article:publisher\" content=\"https:\/\/www.facebook.com\/Soemodsbolcher\/\" \/>\n<meta property=\"article:modified_time\" content=\"2025-12-01T22:01:49+00:00\" \/>\n<meta property=\"og:image\" content=\"https:\/\/soemods-bolcher.dk\/wp-content\/uploads\/2024\/10\/produktfotos-ny-hjemmeside-866-x-1000-px-73.png\" \/>\n\t<meta property=\"og:image:width\" content=\"866\" \/>\n\t<meta property=\"og:image:height\" content=\"1000\" \/>\n\t<meta property=\"og:image:type\" content=\"image\/png\" \/>\n<meta name=\"twitter:card\" content=\"summary_large_image\" \/>\n<script type=\"application\/ld+json\" class=\"yoast-schema-graph\">{\"@context\":\"https:\/\/schema.org\",\"@graph\":[{\"@type\":\"WebPage\",\"@id\":\"https:\/\/soemods-bolcher.dk\/product\/martin\/\",\"url\":\"https:\/\/soemods-bolcher.dk\/product\/martin\/\",\"name\":\"Martin's filled candies with Chocolate and Rum | S\u00f8mods Bolcher\",\"isPartOf\":{\"@id\":\"https:\/\/soemods-bolcher.dk\/#website\"},\"primaryImageOfPage\":{\"@id\":\"https:\/\/soemods-bolcher.dk\/product\/martin\/#primaryimage\"},\"image\":{\"@id\":\"https:\/\/soemods-bolcher.dk\/product\/martin\/#primaryimage\"},\"thumbnailUrl\":\"https:\/\/soemods-bolcher.dk\/wp-content\/uploads\/2024\/10\/produktfotos-ny-hjemmeside-866-x-1000-px-73.png\",\"datePublished\":\"2024-10-22T09:33:44+00:00\",\"dateModified\":\"2025-12-01T22:01:49+00:00\",\"breadcrumb\":{\"@id\":\"https:\/\/soemods-bolcher.dk\/product\/martin\/#breadcrumb\"},\"inLanguage\":\"en-US\",\"potentialAction\":[{\"@type\":\"ReadAction\",\"target\":[\"https:\/\/soemods-bolcher.dk\/product\/martin\/\"]}]},{\"@type\":\"ImageObject\",\"inLanguage\":\"en-US\",\"@id\":\"https:\/\/soemods-bolcher.dk\/product\/martin\/#primaryimage\",\"url\":\"https:\/\/soemods-bolcher.dk\/wp-content\/uploads\/2024\/10\/produktfotos-ny-hjemmeside-866-x-1000-px-73.png\",\"contentUrl\":\"https:\/\/soemods-bolcher.dk\/wp-content\/uploads\/2024\/10\/produktfotos-ny-hjemmeside-866-x-1000-px-73.png\",\"width\":866,\"height\":1000},{\"@type\":\"BreadcrumbList\",\"@id\":\"https:\/\/soemods-bolcher.dk\/product\/martin\/#breadcrumb\",\"itemListElement\":[{\"@type\":\"ListItem\",\"position\":1,\"name\":\"Hjem\",\"item\":\"https:\/\/soemods-bolcher.dk\/\"},{\"@type\":\"ListItem\",\"position\":2,\"name\":\"Shop\",\"item\":\"https:\/\/soemods-bolcher.dk\/produkter\/\"},{\"@type\":\"ListItem\",\"position\":3,\"name\":\"Martin&#8217;s filled candies with Chocolate and Rum\"}]},{\"@type\":\"WebSite\",\"@id\":\"https:\/\/soemods-bolcher.dk\/#website\",\"url\":\"https:\/\/soemods-bolcher.dk\/\",\"name\":\"S\u00f8mods Bolcher\",\"description\":\"Kongelig Hofleverand\u00f8r - Bolcher i N\u00f8rregade\",\"publisher\":{\"@id\":\"https:\/\/soemods-bolcher.dk\/#organization\"},\"potentialAction\":[{\"@type\":\"SearchAction\",\"target\":{\"@type\":\"EntryPoint\",\"urlTemplate\":\"https:\/\/soemods-bolcher.dk\/?s={search_term_string}\"},\"query-input\":{\"@type\":\"PropertyValueSpecification\",\"valueRequired\":true,\"valueName\":\"search_term_string\"}}],\"inLanguage\":\"en-US\"},{\"@type\":\"Organization\",\"@id\":\"https:\/\/soemods-bolcher.dk\/#organization\",\"name\":\"S\u00f8mods Bolcher\",\"url\":\"https:\/\/soemods-bolcher.dk\/\",\"logo\":{\"@type\":\"ImageObject\",\"inLanguage\":\"en-US\",\"@id\":\"https:\/\/soemods-bolcher.dk\/#\/schema\/logo\/image\/\",\"url\":\"https:\/\/soemods-bolcher.dk\/wp-content\/uploads\/2024\/06\/Layer_1.svg\",\"contentUrl\":\"https:\/\/soemods-bolcher.dk\/wp-content\/uploads\/2024\/06\/Layer_1.svg\",\"width\":207,\"height\":69,\"caption\":\"S\u00f8mods Bolcher\"},\"image\":{\"@id\":\"https:\/\/soemods-bolcher.dk\/#\/schema\/logo\/image\/\"},\"sameAs\":[\"https:\/\/www.facebook.com\/Soemodsbolcher\/\",\"https:\/\/www.instagram.com\/soemodsbolcher\/?hl=da\"]}]}<\/script>\n<!-- \/ Yoast SEO plugin. -->","yoast_head_json":{"title":"Martin's filled candies with Chocolate and Rum | S\u00f8mods Bolcher","robots":{"index":"index","follow":"follow","max-snippet":"max-snippet:-1","max-image-preview":"max-image-preview:large","max-video-preview":"max-video-preview:-1"},"canonical":"https:\/\/soemods-bolcher.dk\/product\/martin\/","og_locale":"en_US","og_type":"article","og_title":"Martin's filled candies with Chocolate and Rum | S\u00f8mods Bolcher","og_description":"Martin\u2019s filled candies are an indulgent treat, combining three luxurious flavours\u2014rum, chocolate, and orange\u2014into one exquisite bite. The outer shell is perfectly crisp with citrusy hint of orange, giving way to a smooth, flavourful centre. The warmth of the rum blends harmoniously with the deep richness of chocolate in the soft center.","og_url":"https:\/\/soemods-bolcher.dk\/product\/martin\/","og_site_name":"S\u00f8mods Bolcher","article_publisher":"https:\/\/www.facebook.com\/Soemodsbolcher\/","article_modified_time":"2025-12-01T22:01:49+00:00","og_image":[{"width":866,"height":1000,"url":"https:\/\/soemods-bolcher.dk\/wp-content\/uploads\/2024\/10\/produktfotos-ny-hjemmeside-866-x-1000-px-73.png","type":"image\/png"}],"twitter_card":"summary_large_image","schema":{"@context":"https:\/\/schema.org","@graph":[{"@type":"WebPage","@id":"https:\/\/soemods-bolcher.dk\/product\/martin\/","url":"https:\/\/soemods-bolcher.dk\/product\/martin\/","name":"Martin's filled candies with Chocolate and Rum | S\u00f8mods Bolcher","isPartOf":{"@id":"https:\/\/soemods-bolcher.dk\/#website"},"primaryImageOfPage":{"@id":"https:\/\/soemods-bolcher.dk\/product\/martin\/#primaryimage"},"image":{"@id":"https:\/\/soemods-bolcher.dk\/product\/martin\/#primaryimage"},"thumbnailUrl":"https:\/\/soemods-bolcher.dk\/wp-content\/uploads\/2024\/10\/produktfotos-ny-hjemmeside-866-x-1000-px-73.png","datePublished":"2024-10-22T09:33:44+00:00","dateModified":"2025-12-01T22:01:49+00:00","breadcrumb":{"@id":"https:\/\/soemods-bolcher.dk\/product\/martin\/#breadcrumb"},"inLanguage":"en-US","potentialAction":[{"@type":"ReadAction","target":["https:\/\/soemods-bolcher.dk\/product\/martin\/"]}]},{"@type":"ImageObject","inLanguage":"en-US","@id":"https:\/\/soemods-bolcher.dk\/product\/martin\/#primaryimage","url":"https:\/\/soemods-bolcher.dk\/wp-content\/uploads\/2024\/10\/produktfotos-ny-hjemmeside-866-x-1000-px-73.png","contentUrl":"https:\/\/soemods-bolcher.dk\/wp-content\/uploads\/2024\/10\/produktfotos-ny-hjemmeside-866-x-1000-px-73.png","width":866,"height":1000},{"@type":"BreadcrumbList","@id":"https:\/\/soemods-bolcher.dk\/product\/martin\/#breadcrumb","itemListElement":[{"@type":"ListItem","position":1,"name":"Hjem","item":"https:\/\/soemods-bolcher.dk\/"},{"@type":"ListItem","position":2,"name":"Shop","item":"https:\/\/soemods-bolcher.dk\/produkter\/"},{"@type":"ListItem","position":3,"name":"Martin&#8217;s filled candies with Chocolate and Rum"}]},{"@type":"WebSite","@id":"https:\/\/soemods-bolcher.dk\/#website","url":"https:\/\/soemods-bolcher.dk\/","name":"S\u00f8mods Bolcher","description":"Kongelig Hofleverand\u00f8r - Bolcher i N\u00f8rregade","publisher":{"@id":"https:\/\/soemods-bolcher.dk\/#organization"},"potentialAction":[{"@type":"SearchAction","target":{"@type":"EntryPoint","urlTemplate":"https:\/\/soemods-bolcher.dk\/?s={search_term_string}"},"query-input":{"@type":"PropertyValueSpecification","valueRequired":true,"valueName":"search_term_string"}}],"inLanguage":"en-US"},{"@type":"Organization","@id":"https:\/\/soemods-bolcher.dk\/#organization","name":"S\u00f8mods Bolcher","url":"https:\/\/soemods-bolcher.dk\/","logo":{"@type":"ImageObject","inLanguage":"en-US","@id":"https:\/\/soemods-bolcher.dk\/#\/schema\/logo\/image\/","url":"https:\/\/soemods-bolcher.dk\/wp-content\/uploads\/2024\/06\/Layer_1.svg","contentUrl":"https:\/\/soemods-bolcher.dk\/wp-content\/uploads\/2024\/06\/Layer_1.svg","width":207,"height":69,"caption":"S\u00f8mods Bolcher"},"image":{"@id":"https:\/\/soemods-bolcher.dk\/#\/schema\/logo\/image\/"},"sameAs":["https:\/\/www.facebook.com\/Soemodsbolcher\/","https:\/\/www.instagram.com\/soemodsbolcher\/?hl=da"]}]}},"_links":{"self":[{"href":"https:\/\/soemods-bolcher.dk\/en\/wp-json\/wp\/v2\/product\/2113","targetHints":{"allow":["GET"]}}],"collection":[{"href":"https:\/\/soemods-bolcher.dk\/en\/wp-json\/wp\/v2\/product"}],"about":[{"href":"https:\/\/soemods-bolcher.dk\/en\/wp-json\/wp\/v2\/types\/product"}],"replies":[{"embeddable":true,"href":"https:\/\/soemods-bolcher.dk\/en\/wp-json\/wp\/v2\/comments?post=2113"}],"wp:featuredmedia":[{"embeddable":true,"href":"https:\/\/soemods-bolcher.dk\/en\/wp-json\/wp\/v2\/media\/1632"}],"wp:attachment":[{"href":"https:\/\/soemods-bolcher.dk\/en\/wp-json\/wp\/v2\/media?parent=2113"}],"wp:term":[{"taxonomy":"product_brand","embeddable":true,"href":"https:\/\/soemods-bolcher.dk\/en\/wp-json\/wp\/v2\/product_brand?post=2113"},{"taxonomy":"product_cat","embeddable":true,"href":"https:\/\/soemods-bolcher.dk\/en\/wp-json\/wp\/v2\/product_cat?post=2113"},{"taxonomy":"product_tag","embeddable":true,"href":"https:\/\/soemods-bolcher.dk\/en\/wp-json\/wp\/v2\/product_tag?post=2113"}],"curies":[{"name":"wp","href":"https:\/\/api.w.org\/{rel}","templated":true}]}}