{"id":2026,"date":"2024-11-05T09:28:33","date_gmt":"2024-11-05T08:28:33","guid":{"rendered":"https:\/\/soemods-bolcher.dk\/vare\/aarets-julekugle-2024\/"},"modified":"2025-05-06T12:36:20","modified_gmt":"2025-05-06T10:36:20","slug":"aarets-julekugle-2024","status":"publish","type":"product","link":"https:\/\/soemods-bolcher.dk\/en\/product\/aarets-julekugle-2024\/","title":{"rendered":"Christmas Ornament"},"content":{"rendered":"","protected":false},"excerpt":{"rendered":"<p>A sweet S\u00f8mods Bolcher Christmas Ornament that can be split in two, allowing you to fill it with candies inside.<\/p>\n","protected":false},"featured_media":1785,"comment_status":"closed","ping_status":"closed","template":"","meta":{"_acf_changed":false,"_et_pb_use_builder":"","_et_pb_old_content":"","_et_gb_content_width":"","inline_featured_image":false},"product_brand":[],"product_cat":[345,346,348],"product_tag":[449,435,450,452,451],"class_list":{"0":"post-2026","1":"product","2":"type-product","3":"status-publish","4":"has-post-thumbnail","6":"product_cat-hard-boiled-sweets-gourmet-candies","7":"product_cat-premixed","8":"product_cat-gifts","9":"product_tag-christmas-ball","10":"product_tag-danish-gift","11":"product_tag-gift","12":"product_tag-gift-for-others","13":"product_tag-souvenir-en","15":"first","16":"instock","17":"taxable","18":"shipping-taxable","19":"purchasable","20":"product-type-simple"},"acf":[],"yoast_head":"<!-- This site is optimized with the Yoast SEO plugin v25.3.1 - https:\/\/yoast.com\/wordpress\/plugins\/seo\/ -->\n<title>Christmas Ornament | S\u00f8mods Bolcher<\/title>\n<meta name=\"robots\" content=\"index, follow, max-snippet:-1, max-image-preview:large, max-video-preview:-1\" \/>\n<link rel=\"canonical\" href=\"https:\/\/soemods-bolcher.dk\/en\/product\/aarets-julekugle-2024\/\" \/>\n<meta property=\"og:locale\" content=\"en_US\" \/>\n<meta property=\"og:type\" content=\"article\" \/>\n<meta property=\"og:title\" content=\"Christmas Ornament | S\u00f8mods Bolcher\" \/>\n<meta property=\"og:description\" content=\"A sweet S\u00f8mods Bolcher Christmas Ornament that can be split in two, allowing you to fill it with candies inside.\" \/>\n<meta property=\"og:url\" content=\"https:\/\/soemods-bolcher.dk\/en\/product\/aarets-julekugle-2024\/\" \/>\n<meta property=\"og:site_name\" content=\"S\u00f8mods Bolcher\" \/>\n<meta property=\"article:publisher\" content=\"https:\/\/www.facebook.com\/Soemodsbolcher\/\" \/>\n<meta property=\"article:modified_time\" content=\"2025-05-06T10:36:20+00:00\" \/>\n<meta property=\"og:image\" content=\"https:\/\/soemods-bolcher.dk\/wp-content\/uploads\/2024\/11\/produktfotos-ny-hjemmeside-866-x-1000-px-2025-01-09T160127.827.png\" \/>\n\t<meta property=\"og:image:width\" content=\"866\" \/>\n\t<meta property=\"og:image:height\" content=\"1000\" \/>\n\t<meta property=\"og:image:type\" content=\"image\/png\" \/>\n<meta name=\"twitter:card\" content=\"summary_large_image\" \/>\n<script type=\"application\/ld+json\" class=\"yoast-schema-graph\">{\"@context\":\"https:\/\/schema.org\",\"@graph\":[{\"@type\":\"WebPage\",\"@id\":\"https:\/\/soemods-bolcher.dk\/en\/product\/aarets-julekugle-2024\/\",\"url\":\"https:\/\/soemods-bolcher.dk\/en\/product\/aarets-julekugle-2024\/\",\"name\":\"Christmas Ornament | S\u00f8mods Bolcher\",\"isPartOf\":{\"@id\":\"https:\/\/soemods-bolcher.dk\/#website\"},\"primaryImageOfPage\":{\"@id\":\"https:\/\/soemods-bolcher.dk\/en\/product\/aarets-julekugle-2024\/#primaryimage\"},\"image\":{\"@id\":\"https:\/\/soemods-bolcher.dk\/en\/product\/aarets-julekugle-2024\/#primaryimage\"},\"thumbnailUrl\":\"https:\/\/soemods-bolcher.dk\/wp-content\/uploads\/2024\/11\/produktfotos-ny-hjemmeside-866-x-1000-px-2025-01-09T160127.827.png\",\"datePublished\":\"2024-11-05T08:28:33+00:00\",\"dateModified\":\"2025-05-06T10:36:20+00:00\",\"breadcrumb\":{\"@id\":\"https:\/\/soemods-bolcher.dk\/en\/product\/aarets-julekugle-2024\/#breadcrumb\"},\"inLanguage\":\"en-US\",\"potentialAction\":[{\"@type\":\"ReadAction\",\"target\":[\"https:\/\/soemods-bolcher.dk\/en\/product\/aarets-julekugle-2024\/\"]}]},{\"@type\":\"ImageObject\",\"inLanguage\":\"en-US\",\"@id\":\"https:\/\/soemods-bolcher.dk\/en\/product\/aarets-julekugle-2024\/#primaryimage\",\"url\":\"https:\/\/soemods-bolcher.dk\/wp-content\/uploads\/2024\/11\/produktfotos-ny-hjemmeside-866-x-1000-px-2025-01-09T160127.827.png\",\"contentUrl\":\"https:\/\/soemods-bolcher.dk\/wp-content\/uploads\/2024\/11\/produktfotos-ny-hjemmeside-866-x-1000-px-2025-01-09T160127.827.png\",\"width\":866,\"height\":1000},{\"@type\":\"BreadcrumbList\",\"@id\":\"https:\/\/soemods-bolcher.dk\/en\/product\/aarets-julekugle-2024\/#breadcrumb\",\"itemListElement\":[{\"@type\":\"ListItem\",\"position\":1,\"name\":\"Hjem\",\"item\":\"https:\/\/soemods-bolcher.dk\/en\/\"},{\"@type\":\"ListItem\",\"position\":2,\"name\":\"Shop\",\"item\":\"https:\/\/soemods-bolcher.dk\/produkter\/\"},{\"@type\":\"ListItem\",\"position\":3,\"name\":\"Christmas Ornament\"}]},{\"@type\":\"WebSite\",\"@id\":\"https:\/\/soemods-bolcher.dk\/#website\",\"url\":\"https:\/\/soemods-bolcher.dk\/\",\"name\":\"S\u00f8mods Bolcher\",\"description\":\"Kongelig Hofleverand\u00f8r - Bolcher i N\u00f8rregade\",\"publisher\":{\"@id\":\"https:\/\/soemods-bolcher.dk\/#organization\"},\"potentialAction\":[{\"@type\":\"SearchAction\",\"target\":{\"@type\":\"EntryPoint\",\"urlTemplate\":\"https:\/\/soemods-bolcher.dk\/?s={search_term_string}\"},\"query-input\":{\"@type\":\"PropertyValueSpecification\",\"valueRequired\":true,\"valueName\":\"search_term_string\"}}],\"inLanguage\":\"en-US\"},{\"@type\":\"Organization\",\"@id\":\"https:\/\/soemods-bolcher.dk\/#organization\",\"name\":\"S\u00f8mods Bolcher\",\"url\":\"https:\/\/soemods-bolcher.dk\/\",\"logo\":{\"@type\":\"ImageObject\",\"inLanguage\":\"en-US\",\"@id\":\"https:\/\/soemods-bolcher.dk\/#\/schema\/logo\/image\/\",\"url\":\"https:\/\/soemods-bolcher.dk\/wp-content\/uploads\/2024\/06\/Layer_1.svg\",\"contentUrl\":\"https:\/\/soemods-bolcher.dk\/wp-content\/uploads\/2024\/06\/Layer_1.svg\",\"width\":207,\"height\":69,\"caption\":\"S\u00f8mods Bolcher\"},\"image\":{\"@id\":\"https:\/\/soemods-bolcher.dk\/#\/schema\/logo\/image\/\"},\"sameAs\":[\"https:\/\/www.facebook.com\/Soemodsbolcher\/\",\"https:\/\/www.instagram.com\/soemodsbolcher\/?hl=da\"]}]}<\/script>\n<!-- \/ Yoast SEO plugin. -->","yoast_head_json":{"title":"Christmas Ornament | S\u00f8mods Bolcher","robots":{"index":"index","follow":"follow","max-snippet":"max-snippet:-1","max-image-preview":"max-image-preview:large","max-video-preview":"max-video-preview:-1"},"canonical":"https:\/\/soemods-bolcher.dk\/en\/product\/aarets-julekugle-2024\/","og_locale":"en_US","og_type":"article","og_title":"Christmas Ornament | S\u00f8mods Bolcher","og_description":"A sweet S\u00f8mods Bolcher Christmas Ornament that can be split in two, allowing you to fill it with candies inside.","og_url":"https:\/\/soemods-bolcher.dk\/en\/product\/aarets-julekugle-2024\/","og_site_name":"S\u00f8mods Bolcher","article_publisher":"https:\/\/www.facebook.com\/Soemodsbolcher\/","article_modified_time":"2025-05-06T10:36:20+00:00","og_image":[{"width":866,"height":1000,"url":"https:\/\/soemods-bolcher.dk\/wp-content\/uploads\/2024\/11\/produktfotos-ny-hjemmeside-866-x-1000-px-2025-01-09T160127.827.png","type":"image\/png"}],"twitter_card":"summary_large_image","schema":{"@context":"https:\/\/schema.org","@graph":[{"@type":"WebPage","@id":"https:\/\/soemods-bolcher.dk\/en\/product\/aarets-julekugle-2024\/","url":"https:\/\/soemods-bolcher.dk\/en\/product\/aarets-julekugle-2024\/","name":"Christmas Ornament | S\u00f8mods Bolcher","isPartOf":{"@id":"https:\/\/soemods-bolcher.dk\/#website"},"primaryImageOfPage":{"@id":"https:\/\/soemods-bolcher.dk\/en\/product\/aarets-julekugle-2024\/#primaryimage"},"image":{"@id":"https:\/\/soemods-bolcher.dk\/en\/product\/aarets-julekugle-2024\/#primaryimage"},"thumbnailUrl":"https:\/\/soemods-bolcher.dk\/wp-content\/uploads\/2024\/11\/produktfotos-ny-hjemmeside-866-x-1000-px-2025-01-09T160127.827.png","datePublished":"2024-11-05T08:28:33+00:00","dateModified":"2025-05-06T10:36:20+00:00","breadcrumb":{"@id":"https:\/\/soemods-bolcher.dk\/en\/product\/aarets-julekugle-2024\/#breadcrumb"},"inLanguage":"en-US","potentialAction":[{"@type":"ReadAction","target":["https:\/\/soemods-bolcher.dk\/en\/product\/aarets-julekugle-2024\/"]}]},{"@type":"ImageObject","inLanguage":"en-US","@id":"https:\/\/soemods-bolcher.dk\/en\/product\/aarets-julekugle-2024\/#primaryimage","url":"https:\/\/soemods-bolcher.dk\/wp-content\/uploads\/2024\/11\/produktfotos-ny-hjemmeside-866-x-1000-px-2025-01-09T160127.827.png","contentUrl":"https:\/\/soemods-bolcher.dk\/wp-content\/uploads\/2024\/11\/produktfotos-ny-hjemmeside-866-x-1000-px-2025-01-09T160127.827.png","width":866,"height":1000},{"@type":"BreadcrumbList","@id":"https:\/\/soemods-bolcher.dk\/en\/product\/aarets-julekugle-2024\/#breadcrumb","itemListElement":[{"@type":"ListItem","position":1,"name":"Hjem","item":"https:\/\/soemods-bolcher.dk\/en\/"},{"@type":"ListItem","position":2,"name":"Shop","item":"https:\/\/soemods-bolcher.dk\/produkter\/"},{"@type":"ListItem","position":3,"name":"Christmas Ornament"}]},{"@type":"WebSite","@id":"https:\/\/soemods-bolcher.dk\/#website","url":"https:\/\/soemods-bolcher.dk\/","name":"S\u00f8mods Bolcher","description":"Kongelig Hofleverand\u00f8r - Bolcher i N\u00f8rregade","publisher":{"@id":"https:\/\/soemods-bolcher.dk\/#organization"},"potentialAction":[{"@type":"SearchAction","target":{"@type":"EntryPoint","urlTemplate":"https:\/\/soemods-bolcher.dk\/?s={search_term_string}"},"query-input":{"@type":"PropertyValueSpecification","valueRequired":true,"valueName":"search_term_string"}}],"inLanguage":"en-US"},{"@type":"Organization","@id":"https:\/\/soemods-bolcher.dk\/#organization","name":"S\u00f8mods Bolcher","url":"https:\/\/soemods-bolcher.dk\/","logo":{"@type":"ImageObject","inLanguage":"en-US","@id":"https:\/\/soemods-bolcher.dk\/#\/schema\/logo\/image\/","url":"https:\/\/soemods-bolcher.dk\/wp-content\/uploads\/2024\/06\/Layer_1.svg","contentUrl":"https:\/\/soemods-bolcher.dk\/wp-content\/uploads\/2024\/06\/Layer_1.svg","width":207,"height":69,"caption":"S\u00f8mods Bolcher"},"image":{"@id":"https:\/\/soemods-bolcher.dk\/#\/schema\/logo\/image\/"},"sameAs":["https:\/\/www.facebook.com\/Soemodsbolcher\/","https:\/\/www.instagram.com\/soemodsbolcher\/?hl=da"]}]}},"_links":{"self":[{"href":"https:\/\/soemods-bolcher.dk\/en\/wp-json\/wp\/v2\/product\/2026","targetHints":{"allow":["GET"]}}],"collection":[{"href":"https:\/\/soemods-bolcher.dk\/en\/wp-json\/wp\/v2\/product"}],"about":[{"href":"https:\/\/soemods-bolcher.dk\/en\/wp-json\/wp\/v2\/types\/product"}],"replies":[{"embeddable":true,"href":"https:\/\/soemods-bolcher.dk\/en\/wp-json\/wp\/v2\/comments?post=2026"}],"wp:featuredmedia":[{"embeddable":true,"href":"https:\/\/soemods-bolcher.dk\/en\/wp-json\/wp\/v2\/media\/1785"}],"wp:attachment":[{"href":"https:\/\/soemods-bolcher.dk\/en\/wp-json\/wp\/v2\/media?parent=2026"}],"wp:term":[{"taxonomy":"product_brand","embeddable":true,"href":"https:\/\/soemods-bolcher.dk\/en\/wp-json\/wp\/v2\/product_brand?post=2026"},{"taxonomy":"product_cat","embeddable":true,"href":"https:\/\/soemods-bolcher.dk\/en\/wp-json\/wp\/v2\/product_cat?post=2026"},{"taxonomy":"product_tag","embeddable":true,"href":"https:\/\/soemods-bolcher.dk\/en\/wp-json\/wp\/v2\/product_tag?post=2026"}],"curies":[{"name":"wp","href":"https:\/\/api.w.org\/{rel}","templated":true}]}}