{"id":2004,"date":"2024-06-23T08:56:19","date_gmt":"2024-06-23T06:56:19","guid":{"rendered":"https:\/\/soemods-bolcher.dk\/about-us\/"},"modified":"2025-06-18T10:27:40","modified_gmt":"2025-06-18T08:27:40","slug":"about-us","status":"publish","type":"page","link":"https:\/\/soemods-bolcher.dk\/en\/about-us\/","title":{"rendered":"About us"},"content":{"rendered":"<p>[et_pb_section fb_built=&#8221;1&#8243; _builder_version=&#8221;4.25.1&#8243; _module_preset=&#8221;default&#8221; background_color=&#8221;#ffffff&#8221; custom_padding=&#8221;||0px|||&#8221; global_colors_info=&#8221;{}&#8221;][et_pb_row column_structure=&#8221;1_2,1_2&#8243; use_custom_gutter=&#8221;on&#8221; make_equal=&#8221;on&#8221; module_class=&#8221;et_pb_animation_bottom et-animated et-waypoint&#8221; _builder_version=&#8221;4.25.1&#8243; _module_preset=&#8221;default&#8221; width=&#8221;82%&#8221; custom_padding=&#8221;0px||0px|||&#8221; global_colors_info=&#8221;{}&#8221;][et_pb_column type=&#8221;1_2&#8243; _builder_version=&#8221;4.25.1&#8243; _module_preset=&#8221;default&#8221; global_colors_info=&#8221;{}&#8221;][et_pb_image src=&#8221;https:\/\/soemods-bolcher.dk\/wp-content\/uploads\/2024\/07\/omos.jpg&#8221; title_text=&#8221;omos&#8221; align=&#8221;center&#8221; force_fullwidth=&#8221;on&#8221; _builder_version=&#8221;4.25.1&#8243; _module_preset=&#8221;default&#8221; global_colors_info=&#8221;{}&#8221;][\/et_pb_image][\/et_pb_column][et_pb_column type=&#8221;1_2&#8243; module_class=&#8221;align-center&#8221; _builder_version=&#8221;4.25.1&#8243; _module_preset=&#8221;default&#8221; global_colors_info=&#8221;{}&#8221;][et_pb_text module_class=&#8221;pre-headline&#8221; _builder_version=&#8221;4.25.1&#8243; _module_preset=&#8221;default&#8221; global_colors_info=&#8221;{}&#8221;]<\/p>\n<p>About us<\/p>\n<p>[\/et_pb_text][et_pb_text _builder_version=&#8221;4.25.1&#8243; _module_preset=&#8221;default&#8221; global_colors_info=&#8221;{}&#8221;]<\/p>\n<h1>Traditional hard boiled sweet factory since 1891<\/h1>\n<p>[\/et_pb_text][et_pb_text module_class=&#8221;tekst-indhak&#8221; _builder_version=&#8221;4.25.1&#8243; _module_preset=&#8221;default&#8221; global_colors_info=&#8221;{}&#8221;]<\/p>\n<p>In the old days, there was only one way to make boiled sweets. The method involved boiling pearl sugar to 180\u00b0C, after which the liquid sweet mass was shaped into the final product on the production table\u2014all by hand. Later, in more modern factories, various substitutes such as glucose were added instead of sugar, making it possible to produce sweets using machines and keep costs down.<\/p>\n<p>S\u00f8mods Bolcher is the only company in the world that has preserved the traditional manufacturing method, meaning our sweets are still made as they were over 100 years ago. Back then, there weren\u2019t as many varieties as we have today, but we still produce the original ones. On the 100th anniversary of the sweet factory, S\u00f8mods Bolcher was honoured with the title of <em>Purveyor to the Royal Danish Court.<\/em><\/p>\n<p>[\/et_pb_text][\/et_pb_column][\/et_pb_row][\/et_pb_section][et_pb_section fb_built=&#8221;1&#8243; _builder_version=&#8221;4.25.1&#8243; _module_preset=&#8221;default&#8221; custom_padding=&#8221;150px||150px|||&#8221; hover_enabled=&#8221;0&#8243; global_colors_info=&#8221;{}&#8221; custom_padding_last_edited=&#8221;on|tablet&#8221; sticky_enabled=&#8221;0&#8243; custom_padding_tablet=&#8221;50px||50px||false|false&#8221; custom_padding_phone=&#8221;50px||50px||false|false&#8221;][et_pb_row module_class=&#8221;et_pb_animation_bottom et-animated et-waypoint&#8221; _builder_version=&#8221;4.25.1&#8243; _module_preset=&#8221;default&#8221; width=&#8221;60%&#8221; global_colors_info=&#8221;{}&#8221;][et_pb_column type=&#8221;4_4&#8243; _builder_version=&#8221;4.25.1&#8243; _module_preset=&#8221;default&#8221; global_colors_info=&#8221;{}&#8221;][et_pb_text module_class=&#8221;large-text tekst-indhak&#8221; _builder_version=&#8221;4.25.1&#8243; _module_preset=&#8221;default&#8221; global_colors_info=&#8221;{}&#8221;]<\/p>\n<p>Today, the fourth-generation S\u00f8emod, fifth-generation candy makers, Camilla S\u00f8emod, are involved in the noble art of candy production. This ensures that people will continue to enjoy authentic S\u00f8mods Bolcher for generations to come.<\/p>\n<p>[\/et_pb_text][\/et_pb_column][\/et_pb_row][\/et_pb_section][et_pb_section fb_built=&#8221;1&#8243; _builder_version=&#8221;4.25.1&#8243; _module_preset=&#8221;default&#8221; background_color=&#8221;#054540&#8243; custom_padding=&#8221;100px||100px|||&#8221; global_colors_info=&#8221;{}&#8221;][et_pb_row column_structure=&#8221;1_2,1_2&#8243; use_custom_gutter=&#8221;on&#8221; make_equal=&#8221;on&#8221; module_class=&#8221;et_pb_animation_bottom et-animated et-waypoint&#8221; _builder_version=&#8221;4.25.1&#8243; _module_preset=&#8221;default&#8221; width=&#8221;82%&#8221; max_width=&#8221;82%&#8221; global_colors_info=&#8221;{}&#8221;][et_pb_column type=&#8221;1_2&#8243; module_class=&#8221;align-center&#8221; _builder_version=&#8221;4.25.1&#8243; _module_preset=&#8221;default&#8221; global_colors_info=&#8221;{}&#8221;][et_pb_text module_class=&#8221;pre-headline&#8221; _builder_version=&#8221;4.25.1&#8243; _module_preset=&#8221;default&#8221; background_layout=&#8221;dark&#8221; global_colors_info=&#8221;{}&#8221;]<\/p>\n<p>THROUGH GENERATIONS<\/p>\n<p>[\/et_pb_text][et_pb_text _builder_version=&#8221;4.25.1&#8243; _module_preset=&#8221;default&#8221; background_layout=&#8221;dark&#8221; global_colors_info=&#8221;{}&#8221;]<\/p>\n<h2>Handmade sweets by fifth-generation candy makers<\/h2>\n<p>[\/et_pb_text][et_pb_text module_class=&#8221;tekst-indhak&#8221; _builder_version=&#8221;4.25.1&#8243; _module_preset=&#8221;default&#8221; background_layout=&#8221;dark&#8221; global_colors_info=&#8221;{}&#8221;]<\/p>\n<p>S\u00f8mods Bolcher&#8217;s traditions and principles were established in 1891 on the second floor of N\u00f8rregade 49, but it wasn&#8217;t until 1920 that the name S\u00f8mod was adopted. The founder of the candy workshop, Mr. Hansen, was not blessed with sons to take over the business, so he passed it on to the son of his childhood friend, Martin S\u00f8emod.<\/p>\n<p>Martin S\u00f8emod had three sons, two of whom were already committed to respectable enterprises. One had taken over Martin S\u00f8emod\u2019s own legacy\u2014a meat, game, and poultry butchery that held the honour of being a Royal Court Supplier. The third son, Theodor S\u00f8emod, was gifted the candy workshop, which then took the name S\u00f8mods Bolcher. In 1932, the workshop moved to its current location, just across the street, to N\u00f8rregade 36, through the courtyard, where it now spans 319 square metres.<\/p>\n<p>[\/et_pb_text][\/et_pb_column][et_pb_column type=&#8221;1_2&#8243; _builder_version=&#8221;4.25.1&#8243; _module_preset=&#8221;default&#8221; global_colors_info=&#8221;{}&#8221;][et_pb_image src=&#8221;https:\/\/soemods-bolcher.dk\/wp-content\/uploads\/2024\/07\/test.jpg&#8221; title_text=&#8221;test&#8221; align=&#8221;center&#8221; force_fullwidth=&#8221;on&#8221; _builder_version=&#8221;4.25.1&#8243; _module_preset=&#8221;default&#8221; global_colors_info=&#8221;{}&#8221;][\/et_pb_image][\/et_pb_column][\/et_pb_row][\/et_pb_section][et_pb_section fb_built=&#8221;1&#8243; _builder_version=&#8221;4.25.1&#8243; _module_preset=&#8221;default&#8221; background_enable_color=&#8221;off&#8221; custom_padding=&#8221;100px||0px|||&#8221; global_colors_info=&#8221;{}&#8221;][et_pb_row column_structure=&#8221;1_2,1_2&#8243; use_custom_gutter=&#8221;on&#8221; make_equal=&#8221;on&#8221; module_class=&#8221;et_pb_animation_bottom et-animated et-waypoint&#8221; _builder_version=&#8221;4.25.1&#8243; _module_preset=&#8221;default&#8221; width=&#8221;82%&#8221; max_width=&#8221;82%&#8221; custom_padding=&#8221;||0px|||&#8221; global_colors_info=&#8221;{}&#8221;][et_pb_column type=&#8221;1_2&#8243; _builder_version=&#8221;4.25.1&#8243; _module_preset=&#8221;default&#8221; global_colors_info=&#8221;{}&#8221;][et_pb_image src=&#8221;https:\/\/soemods-bolcher.dk\/wp-content\/uploads\/2024\/07\/historien2.jpg&#8221; title_text=&#8221;historien2&#8243; align=&#8221;center&#8221; force_fullwidth=&#8221;on&#8221; _builder_version=&#8221;4.25.1&#8243; _module_preset=&#8221;default&#8221; global_colors_info=&#8221;{}&#8221;][\/et_pb_image][\/et_pb_column][et_pb_column type=&#8221;1_2&#8243; module_class=&#8221;align-center&#8221; _builder_version=&#8221;4.25.1&#8243; _module_preset=&#8221;default&#8221; global_colors_info=&#8221;{}&#8221;][et_pb_text module_class=&#8221;pre-headline&#8221; _builder_version=&#8221;4.25.1&#8243; _module_preset=&#8221;default&#8221; global_colors_info=&#8221;{}&#8221;]<\/p>\n<p>The History<\/p>\n<p>[\/et_pb_text][et_pb_text _builder_version=&#8221;4.25.1&#8243; _module_preset=&#8221;default&#8221; global_colors_info=&#8221;{}&#8221;]<\/p>\n<h2>A time capsule in the heart of Copenhagen<\/h2>\n<p>[\/et_pb_text][et_pb_text module_class=&#8221;tekst-indhak&#8221; _builder_version=&#8221;4.25.1&#8243; _module_preset=&#8221;default&#8221; global_colors_info=&#8221;{}&#8221;]<\/p>\n<p>In a factory where time seems to stand still, small changes have occurred over the years. Production has expanded from 27 tons annually to the current 50 tons per year. The boiler used to cook the candy mass is still the original one, but it has been converted from a coal-fired to a gas-fired system. Theodor came up with the idea of an electric fan to cool the candies faster, as well as a small heater to extend the working time with the candy mass by approximately 10 minutes.<\/p>\n<p>[\/et_pb_text][\/et_pb_column][\/et_pb_row][\/et_pb_section][et_pb_section fb_built=&#8221;1&#8243; _builder_version=&#8221;4.25.1&#8243; _module_preset=&#8221;default&#8221; custom_padding=&#8221;150px||150px|||&#8221; hover_enabled=&#8221;0&#8243; global_colors_info=&#8221;{}&#8221; custom_padding_last_edited=&#8221;on|tablet&#8221; sticky_enabled=&#8221;0&#8243; custom_padding_tablet=&#8221;50px||50px||false|false&#8221; custom_padding_phone=&#8221;50px||50px||false|false&#8221;][et_pb_row module_class=&#8221;et_pb_animation_bottom et-animated et-waypoint&#8221; _builder_version=&#8221;4.25.1&#8243; _module_preset=&#8221;default&#8221; width=&#8221;60%&#8221; global_colors_info=&#8221;{}&#8221;][et_pb_column type=&#8221;4_4&#8243; _builder_version=&#8221;4.25.1&#8243; _module_preset=&#8221;default&#8221; global_colors_info=&#8221;{}&#8221;][et_pb_text module_class=&#8221;large-text tekst-indhak&#8221; _builder_version=&#8221;4.25.1&#8243; _module_preset=&#8221;default&#8221; global_colors_info=&#8221;{}&#8221;]<\/p>\n<p>The ingredients remain the same as in 1891\u2014natural flavours and colours, with no preservatives or additives<\/p>\n<p>[\/et_pb_text][\/et_pb_column][\/et_pb_row][\/et_pb_section][et_pb_section fb_built=&#8221;1&#8243; _builder_version=&#8221;4.25.1&#8243; _module_preset=&#8221;default&#8221; background_color=&#8221;rgba(156,181,178,0.4)&#8221; custom_padding=&#8221;100px||100px|||&#8221; global_colors_info=&#8221;{}&#8221;][et_pb_row column_structure=&#8221;1_2,1_2&#8243; use_custom_gutter=&#8221;on&#8221; make_equal=&#8221;on&#8221; module_class=&#8221;et_pb_animation_bottom et-animated et-waypoint&#8221; _builder_version=&#8221;4.25.1&#8243; _module_preset=&#8221;default&#8221; width=&#8221;82%&#8221; max_width=&#8221;82%&#8221; global_colors_info=&#8221;{}&#8221;][et_pb_column type=&#8221;1_2&#8243; module_class=&#8221;align-center&#8221; _builder_version=&#8221;4.25.1&#8243; _module_preset=&#8221;default&#8221; global_colors_info=&#8221;{}&#8221;][et_pb_text module_class=&#8221;pre-headline&#8221; _builder_version=&#8221;4.25.1&#8243; _module_preset=&#8221;default&#8221; global_colors_info=&#8221;{}&#8221;]<\/p>\n<p>visit us<\/p>\n<p>[\/et_pb_text][et_pb_text _builder_version=&#8221;4.25.1&#8243; _module_preset=&#8221;default&#8221; global_colors_info=&#8221;{}&#8221;]<\/p>\n<h2>Visit S\u00f8mods Bolcher\u2019s factory, where time seems to stand still.<\/h2>\n<p>&nbsp;<\/p>\n<h2>S\u00f8mods Bolcher has been located in the factory at N\u00f8rregade 36 since 1932.<\/h2>\n<p>[\/et_pb_text][et_pb_text _builder_version=&#8221;4.25.1&#8243; _module_preset=&#8221;default&#8221; global_colors_info=&#8221;{}&#8221;]<\/p>\n<table border=\"1\" style=\"border-collapse: collapse;width: 100%\">\n<tbody>\n<tr>\n<td style=\"width: 50%\">Monday\u2013Thursday:<\/td>\n<td style=\"width: 50%\">10:00 &#8211; 17:30<\/td>\n<\/tr>\n<tr>\n<td style=\"width: 50%\">Friday:<\/td>\n<td style=\"width: 50%\">10:00 &#8211; 18:00<\/td>\n<\/tr>\n<tr>\n<td style=\"width: 50%\">Saturday:<\/td>\n<td style=\"width: 50%\">10:00 &#8211; 15:30<\/td>\n<\/tr>\n<tr>\n<td style=\"width: 50%\">Sunday:<\/td>\n<td style=\"width: 50%\">11:00 &#8211; 15:00<\/td>\n<\/tr>\n<tr>\n<td style=\"width: 50%\">Public holidays:<\/td>\n<td style=\"width: 50%\">Closed<\/td>\n<\/tr>\n<\/tbody>\n<\/table>\n<p>[\/et_pb_text][\/et_pb_column][et_pb_column type=&#8221;1_2&#8243; _builder_version=&#8221;4.25.1&#8243; _module_preset=&#8221;default&#8221; global_colors_info=&#8221;{}&#8221;][et_pb_image src=&#8221;https:\/\/soemods-bolcher.dk\/wp-content\/uploads\/2024\/07\/besog.jpg&#8221; title_text=&#8221;besog&#8221; align=&#8221;center&#8221; force_fullwidth=&#8221;on&#8221; _builder_version=&#8221;4.25.1&#8243; _module_preset=&#8221;default&#8221; global_colors_info=&#8221;{}&#8221;][\/et_pb_image][\/et_pb_column][\/et_pb_row][\/et_pb_section][et_pb_section fb_built=&#8221;1&#8243; _builder_version=&#8221;4.25.1&#8243; _module_preset=&#8221;default&#8221; background_enable_color=&#8221;off&#8221; custom_padding=&#8221;100px||100px||false|false&#8221; global_colors_info=&#8221;{}&#8221;][et_pb_row column_structure=&#8221;1_2,1_2&#8243; use_custom_gutter=&#8221;on&#8221; make_equal=&#8221;on&#8221; module_class=&#8221;et_pb_animation_bottom et-animated et-waypoint&#8221; _builder_version=&#8221;4.25.1&#8243; _module_preset=&#8221;default&#8221; width=&#8221;82%&#8221; max_width=&#8221;82%&#8221; custom_padding=&#8221;||||false|false&#8221; global_colors_info=&#8221;{}&#8221;][et_pb_column type=&#8221;1_2&#8243; _builder_version=&#8221;4.25.1&#8243; _module_preset=&#8221;default&#8221; global_colors_info=&#8221;{}&#8221;][et_pb_image src=&#8221;https:\/\/soemods-bolcher.dk\/wp-content\/uploads\/2024\/07\/sukker.jpg&#8221; title_text=&#8221;sukker&#8221; align=&#8221;center&#8221; force_fullwidth=&#8221;on&#8221; _builder_version=&#8221;4.25.1&#8243; _module_preset=&#8221;default&#8221; global_colors_info=&#8221;{}&#8221;][\/et_pb_image][\/et_pb_column][et_pb_column type=&#8221;1_2&#8243; module_class=&#8221;align-center&#8221; _builder_version=&#8221;4.25.1&#8243; _module_preset=&#8221;default&#8221; global_colors_info=&#8221;{}&#8221;][et_pb_text module_class=&#8221;pre-headline&#8221; _builder_version=&#8221;4.25.1&#8243; _module_preset=&#8221;default&#8221; global_colors_info=&#8221;{}&#8221;]<\/p>\n<p>PRODUCTION<\/p>\n<p>[\/et_pb_text][et_pb_text _builder_version=&#8221;4.25.1&#8243; _module_preset=&#8221;default&#8221; global_colors_info=&#8221;{}&#8221;]<\/p>\n<h2>Experience our live candy production at N\u00f8rregade<\/h2>\n<p>[\/et_pb_text][et_pb_text _builder_version=&#8221;4.25.1&#8243; _module_preset=&#8221;default&#8221; global_colors_info=&#8221;{}&#8221;]<\/p>\n<p data-start=\"0\" data-end=\"121\"><em>We operate under the principle of &#8220;open doors,&#8221;<\/em> meaning everyone is welcome to watch our production\u2014free of charge.<\/p>\n<p data-start=\"123\" data-end=\"200\">Production times:<br data-start=\"144\" data-end=\"147\" \/>Monday\u2013Friday at <strong data-start=\"164\" data-end=\"198\">10:15, 12:00, 13:30, and 15:00<\/strong><\/p>\n<p data-start=\"202\" data-end=\"295\">Groups and institutions are kindly asked to book in advance by calling <br \/><strong data-start=\"273\" data-end=\"292\">+45 33 12 60 46<\/strong>.<\/p>\n<p data-start=\"297\" data-end=\"427\">All school classes, kindergartens, and other institutions must book a spot\u2014regardless of size\u2014outside of public school holidays.<\/p>\n<p>[\/et_pb_text][\/et_pb_column][\/et_pb_row][\/et_pb_section][et_pb_section fb_built=&#8221;1&#8243; _builder_version=&#8221;4.25.1&#8243; _module_preset=&#8221;default&#8221; background_color=&#8221;rgba(156,181,178,0.4)&#8221; custom_padding=&#8221;150px||150px|||&#8221; global_colors_info=&#8221;{}&#8221;][et_pb_row column_structure=&#8221;1_4,3_4&#8243; use_custom_gutter=&#8221;on&#8221; gutter_width=&#8221;4&#8243; make_equal=&#8221;on&#8221; module_class=&#8221;et_pb_animation_bottom et-animated et-waypoint&#8221; _builder_version=&#8221;4.25.1&#8243; _module_preset=&#8221;default&#8221; width=&#8221;82%&#8221; global_colors_info=&#8221;{}&#8221;][et_pb_column type=&#8221;1_4&#8243; _builder_version=&#8221;4.25.1&#8243; _module_preset=&#8221;default&#8221; global_colors_info=&#8221;{}&#8221;][et_pb_image src=&#8221;https:\/\/soemods-bolcher.dk\/wp-content\/uploads\/2024\/07\/camilla.jpg&#8221; title_text=&#8221;camilla&#8221; align=&#8221;center&#8221; force_fullwidth=&#8221;on&#8221; module_class=&#8221;round&#8221; _builder_version=&#8221;4.25.1&#8243; _module_preset=&#8221;default&#8221; global_colors_info=&#8221;{}&#8221;][\/et_pb_image][\/et_pb_column][et_pb_column type=&#8221;3_4&#8243; module_class=&#8221;align-center&#8221; _builder_version=&#8221;4.25.1&#8243; _module_preset=&#8221;default&#8221; global_colors_info=&#8221;{}&#8221;][et_pb_text module_class=&#8221;pre-headline&#8221; _builder_version=&#8221;4.25.1&#8243; _module_preset=&#8221;default&#8221; global_colors_info=&#8221;{}&#8221;]<\/p>\n<p>Can we help?<\/p>\n<p>[\/et_pb_text][et_pb_text module_class=&#8221;large-text&#8221; _builder_version=&#8221;4.25.1&#8243; _module_preset=&#8221;default&#8221; global_colors_info=&#8221;{}&#8221;]<\/p>\n<p>Feel free to reach out if we can assist you, or meet 5th-generation candy maker Camilla S\u00f8emod in our shop<\/p>\n<p>[\/et_pb_text][et_pb_button button_url=&#8221;@ET-DC@eyJkeW5hbWljIjp0cnVlLCJjb250ZW50IjoicG9zdF9saW5rX3VybF9wYWdlIiwic2V0dGluZ3MiOnsicG9zdF9pZCI6IjI0IiwiZW5hYmxlX2h0bWwiOiJvZmYifX0=@&#8221; button_text=&#8221;Contact us&#8221; _builder_version=&#8221;4.25.1&#8243; _dynamic_attributes=&#8221;button_url&#8221; _module_preset=&#8221;default&#8221; custom_margin=&#8221;||||false|false&#8221; global_colors_info=&#8221;{}&#8221;][\/et_pb_button][\/et_pb_column][\/et_pb_row][\/et_pb_section]<\/p>\n","protected":false},"excerpt":{"rendered":"<p>About usTraditional hard boiled sweet factory since 1891In the old days, there was only one way to make boiled sweets. The method involved boiling pearl sugar to 180\u00b0C, after which the liquid sweet mass was shaped into the final product on the production table\u2014all by hand. Later, in more modern factories, various substitutes such as [&hellip;]<\/p>\n","protected":false},"author":1,"featured_media":0,"parent":0,"menu_order":0,"comment_status":"closed","ping_status":"closed","template":"","meta":{"_acf_changed":false,"_et_pb_use_builder":"on","_et_pb_old_content":"","_et_gb_content_width":"","inline_featured_image":false,"footnotes":""},"class_list":["post-2004","page","type-page","status-publish","hentry"],"acf":[],"yoast_head":"<!-- This site is optimized with the Yoast SEO plugin v25.3.1 - https:\/\/yoast.com\/wordpress\/plugins\/seo\/ -->\n<title>About us | S\u00f8mods Bolcher<\/title>\n<meta name=\"robots\" content=\"index, follow, max-snippet:-1, max-image-preview:large, max-video-preview:-1\" \/>\n<link rel=\"canonical\" href=\"https:\/\/soemods-bolcher.dk\/om-os\/\" \/>\n<meta property=\"og:locale\" content=\"en_US\" \/>\n<meta property=\"og:type\" content=\"article\" \/>\n<meta property=\"og:title\" content=\"About us | S\u00f8mods Bolcher\" \/>\n<meta property=\"og:description\" content=\"About usTraditional hard boiled sweet factory since 1891In the old days, there was only one way to make boiled sweets. The method involved boiling pearl sugar to 180\u00b0C, after which the liquid sweet mass was shaped into the final product on the production table\u2014all by hand. Later, in more modern factories, various substitutes such as [&hellip;]\" \/>\n<meta property=\"og:url\" content=\"https:\/\/soemods-bolcher.dk\/om-os\/\" \/>\n<meta property=\"og:site_name\" content=\"S\u00f8mods Bolcher\" \/>\n<meta property=\"article:publisher\" content=\"https:\/\/www.facebook.com\/Soemodsbolcher\/\" \/>\n<meta property=\"article:modified_time\" content=\"2025-06-18T08:27:40+00:00\" \/>\n<meta property=\"og:image\" content=\"https:\/\/soemods-bolcher.dk\/wp-content\/uploads\/2025\/05\/Design-uden-navn-42.png\" \/>\n\t<meta property=\"og:image:width\" content=\"1440\" \/>\n\t<meta property=\"og:image:height\" content=\"794\" \/>\n\t<meta property=\"og:image:type\" content=\"image\/png\" \/>\n<meta name=\"twitter:card\" content=\"summary_large_image\" \/>\n<meta name=\"twitter:label1\" content=\"Est. reading time\" \/>\n\t<meta name=\"twitter:data1\" content=\"9 minutes\" \/>\n<script type=\"application\/ld+json\" class=\"yoast-schema-graph\">{\"@context\":\"https:\/\/schema.org\",\"@graph\":[{\"@type\":\"WebPage\",\"@id\":\"https:\/\/soemods-bolcher.dk\/om-os\/\",\"url\":\"https:\/\/soemods-bolcher.dk\/om-os\/\",\"name\":\"About us | S\u00f8mods Bolcher\",\"isPartOf\":{\"@id\":\"https:\/\/soemods-bolcher.dk\/#website\"},\"datePublished\":\"2024-06-23T06:56:19+00:00\",\"dateModified\":\"2025-06-18T08:27:40+00:00\",\"breadcrumb\":{\"@id\":\"https:\/\/soemods-bolcher.dk\/om-os\/#breadcrumb\"},\"inLanguage\":\"en-US\",\"potentialAction\":[{\"@type\":\"ReadAction\",\"target\":[\"https:\/\/soemods-bolcher.dk\/om-os\/\"]}]},{\"@type\":\"BreadcrumbList\",\"@id\":\"https:\/\/soemods-bolcher.dk\/om-os\/#breadcrumb\",\"itemListElement\":[{\"@type\":\"ListItem\",\"position\":1,\"name\":\"Hjem\",\"item\":\"https:\/\/soemods-bolcher.dk\/en\/\"},{\"@type\":\"ListItem\",\"position\":2,\"name\":\"About us\"}]},{\"@type\":\"WebSite\",\"@id\":\"https:\/\/soemods-bolcher.dk\/#website\",\"url\":\"https:\/\/soemods-bolcher.dk\/\",\"name\":\"S\u00f8mods Bolcher\",\"description\":\"Kongelig Hofleverand\u00f8r - Bolcher i N\u00f8rregade\",\"publisher\":{\"@id\":\"https:\/\/soemods-bolcher.dk\/#organization\"},\"potentialAction\":[{\"@type\":\"SearchAction\",\"target\":{\"@type\":\"EntryPoint\",\"urlTemplate\":\"https:\/\/soemods-bolcher.dk\/?s={search_term_string}\"},\"query-input\":{\"@type\":\"PropertyValueSpecification\",\"valueRequired\":true,\"valueName\":\"search_term_string\"}}],\"inLanguage\":\"en-US\"},{\"@type\":\"Organization\",\"@id\":\"https:\/\/soemods-bolcher.dk\/#organization\",\"name\":\"S\u00f8mods Bolcher\",\"url\":\"https:\/\/soemods-bolcher.dk\/\",\"logo\":{\"@type\":\"ImageObject\",\"inLanguage\":\"en-US\",\"@id\":\"https:\/\/soemods-bolcher.dk\/#\/schema\/logo\/image\/\",\"url\":\"https:\/\/soemods-bolcher.dk\/wp-content\/uploads\/2024\/06\/Layer_1.svg\",\"contentUrl\":\"https:\/\/soemods-bolcher.dk\/wp-content\/uploads\/2024\/06\/Layer_1.svg\",\"width\":207,\"height\":69,\"caption\":\"S\u00f8mods Bolcher\"},\"image\":{\"@id\":\"https:\/\/soemods-bolcher.dk\/#\/schema\/logo\/image\/\"},\"sameAs\":[\"https:\/\/www.facebook.com\/Soemodsbolcher\/\",\"https:\/\/www.instagram.com\/soemodsbolcher\/?hl=da\"]}]}<\/script>\n<!-- \/ Yoast SEO plugin. -->","yoast_head_json":{"title":"About us | S\u00f8mods Bolcher","robots":{"index":"index","follow":"follow","max-snippet":"max-snippet:-1","max-image-preview":"max-image-preview:large","max-video-preview":"max-video-preview:-1"},"canonical":"https:\/\/soemods-bolcher.dk\/om-os\/","og_locale":"en_US","og_type":"article","og_title":"About us | S\u00f8mods Bolcher","og_description":"About usTraditional hard boiled sweet factory since 1891In the old days, there was only one way to make boiled sweets. The method involved boiling pearl sugar to 180\u00b0C, after which the liquid sweet mass was shaped into the final product on the production table\u2014all by hand. Later, in more modern factories, various substitutes such as [&hellip;]","og_url":"https:\/\/soemods-bolcher.dk\/om-os\/","og_site_name":"S\u00f8mods Bolcher","article_publisher":"https:\/\/www.facebook.com\/Soemodsbolcher\/","article_modified_time":"2025-06-18T08:27:40+00:00","og_image":[{"width":1440,"height":794,"url":"https:\/\/soemods-bolcher.dk\/wp-content\/uploads\/2025\/05\/Design-uden-navn-42.png","type":"image\/png"}],"twitter_card":"summary_large_image","twitter_misc":{"Est. reading time":"9 minutes"},"schema":{"@context":"https:\/\/schema.org","@graph":[{"@type":"WebPage","@id":"https:\/\/soemods-bolcher.dk\/om-os\/","url":"https:\/\/soemods-bolcher.dk\/om-os\/","name":"About us | S\u00f8mods Bolcher","isPartOf":{"@id":"https:\/\/soemods-bolcher.dk\/#website"},"datePublished":"2024-06-23T06:56:19+00:00","dateModified":"2025-06-18T08:27:40+00:00","breadcrumb":{"@id":"https:\/\/soemods-bolcher.dk\/om-os\/#breadcrumb"},"inLanguage":"en-US","potentialAction":[{"@type":"ReadAction","target":["https:\/\/soemods-bolcher.dk\/om-os\/"]}]},{"@type":"BreadcrumbList","@id":"https:\/\/soemods-bolcher.dk\/om-os\/#breadcrumb","itemListElement":[{"@type":"ListItem","position":1,"name":"Hjem","item":"https:\/\/soemods-bolcher.dk\/en\/"},{"@type":"ListItem","position":2,"name":"About us"}]},{"@type":"WebSite","@id":"https:\/\/soemods-bolcher.dk\/#website","url":"https:\/\/soemods-bolcher.dk\/","name":"S\u00f8mods Bolcher","description":"Kongelig Hofleverand\u00f8r - Bolcher i N\u00f8rregade","publisher":{"@id":"https:\/\/soemods-bolcher.dk\/#organization"},"potentialAction":[{"@type":"SearchAction","target":{"@type":"EntryPoint","urlTemplate":"https:\/\/soemods-bolcher.dk\/?s={search_term_string}"},"query-input":{"@type":"PropertyValueSpecification","valueRequired":true,"valueName":"search_term_string"}}],"inLanguage":"en-US"},{"@type":"Organization","@id":"https:\/\/soemods-bolcher.dk\/#organization","name":"S\u00f8mods Bolcher","url":"https:\/\/soemods-bolcher.dk\/","logo":{"@type":"ImageObject","inLanguage":"en-US","@id":"https:\/\/soemods-bolcher.dk\/#\/schema\/logo\/image\/","url":"https:\/\/soemods-bolcher.dk\/wp-content\/uploads\/2024\/06\/Layer_1.svg","contentUrl":"https:\/\/soemods-bolcher.dk\/wp-content\/uploads\/2024\/06\/Layer_1.svg","width":207,"height":69,"caption":"S\u00f8mods Bolcher"},"image":{"@id":"https:\/\/soemods-bolcher.dk\/#\/schema\/logo\/image\/"},"sameAs":["https:\/\/www.facebook.com\/Soemodsbolcher\/","https:\/\/www.instagram.com\/soemodsbolcher\/?hl=da"]}]}},"_links":{"self":[{"href":"https:\/\/soemods-bolcher.dk\/en\/wp-json\/wp\/v2\/pages\/2004","targetHints":{"allow":["GET"]}}],"collection":[{"href":"https:\/\/soemods-bolcher.dk\/en\/wp-json\/wp\/v2\/pages"}],"about":[{"href":"https:\/\/soemods-bolcher.dk\/en\/wp-json\/wp\/v2\/types\/page"}],"author":[{"embeddable":true,"href":"https:\/\/soemods-bolcher.dk\/en\/wp-json\/wp\/v2\/users\/1"}],"replies":[{"embeddable":true,"href":"https:\/\/soemods-bolcher.dk\/en\/wp-json\/wp\/v2\/comments?post=2004"}],"version-history":[{"count":8,"href":"https:\/\/soemods-bolcher.dk\/en\/wp-json\/wp\/v2\/pages\/2004\/revisions"}],"predecessor-version":[{"id":2730,"href":"https:\/\/soemods-bolcher.dk\/en\/wp-json\/wp\/v2\/pages\/2004\/revisions\/2730"}],"wp:attachment":[{"href":"https:\/\/soemods-bolcher.dk\/en\/wp-json\/wp\/v2\/media?parent=2004"}],"curies":[{"name":"wp","href":"https:\/\/api.w.org\/{rel}","templated":true}]}}