{"id":2001,"date":"2024-06-23T08:57:02","date_gmt":"2024-06-23T06:57:02","guid":{"rendered":"https:\/\/soemods-bolcher.dk\/faq\/"},"modified":"2025-03-19T14:15:48","modified_gmt":"2025-03-19T13:15:48","slug":"faq","status":"publish","type":"page","link":"https:\/\/soemods-bolcher.dk\/en\/faq\/","title":{"rendered":"FAQ"},"content":{"rendered":"<p>[et_pb_section fb_built=&#8221;1&#8243; admin_label=&#8221;section&#8221; _builder_version=&#8221;4.25.1&#8243; background_color=&#8221;#054540&#8243; custom_padding=&#8221;||0px|||&#8221; global_colors_info=&#8221;{}&#8221;][et_pb_row module_class=&#8221;et_pb_animation_bottom et-animated et-waypoint&#8221; _builder_version=&#8221;4.25.1&#8243; _module_preset=&#8221;default&#8221; global_colors_info=&#8221;{}&#8221;][et_pb_column type=&#8221;4_4&#8243; _builder_version=&#8221;4.25.1&#8243; _module_preset=&#8221;default&#8221; global_colors_info=&#8221;{}&#8221;][et_pb_text _builder_version=&#8221;4.25.1&#8243; _dynamic_attributes=&#8221;content&#8221; _module_preset=&#8221;default&#8221; text_orientation=&#8221;center&#8221; background_layout=&#8221;dark&#8221; global_colors_info=&#8221;{}&#8221;]@ET-DC@eyJkeW5hbWljIjp0cnVlLCJjb250ZW50IjoicG9zdF90aXRsZSIsInNldHRpbmdzIjp7ImJlZm9yZSI6IjxoMT4iLCJhZnRlciI6IjwvaDE+IiwiZW5hYmxlX2h0bWwiOiJvZmYifX0=@[\/et_pb_text][\/et_pb_column][\/et_pb_row][\/et_pb_section][et_pb_section fb_built=&#8221;1&#8243; _builder_version=&#8221;4.25.1&#8243; _module_preset=&#8221;default&#8221; background_color=&#8221;#054540&#8243; global_colors_info=&#8221;{}&#8221;][et_pb_row column_structure=&#8221;2_5,3_5&#8243; module_class=&#8221;terms-row et_pb_animation_bottom et-animated et-waypoint&#8221; _builder_version=&#8221;4.25.1&#8243; _module_preset=&#8221;default&#8221; width=&#8221;1200px&#8221; global_colors_info=&#8221;{}&#8221;][et_pb_column type=&#8221;2_5&#8243; _builder_version=&#8221;4.25.1&#8243; _module_preset=&#8221;default&#8221; global_colors_info=&#8221;{}&#8221;][et_pb_text _builder_version=&#8221;4.25.1&#8243; _module_preset=&#8221;default&#8221; background_layout=&#8221;dark&#8221; global_colors_info=&#8221;{}&#8221;]<\/p>\n<h2>How Are These Sweet Treats Actually Spelled in Danish?<\/h2>\n<p>[\/et_pb_text][\/et_pb_column][et_pb_column type=&#8221;3_5&#8243; _builder_version=&#8221;4.25.1&#8243; _module_preset=&#8221;default&#8221; global_colors_info=&#8221;{}&#8221;][et_pb_text _builder_version=&#8221;4.25.1&#8243; _module_preset=&#8221;default&#8221; background_layout=&#8221;dark&#8221; global_colors_info=&#8221;{}&#8221;]<\/p>\n<p>At S\u00f8mods Bolcher, we spell it with <em>ch<\/em>, as it ties into our proud tradition and history. We&#8217;ve had this name since 1920 when the most common spelling for the candy was <em>bolche<\/em>.<\/p>\n<p>However, the correct spelling today is <em>bolsjer<\/em>. In 2001, the spelling with <em>ch<\/em> was removed from the official Danish spelling dictionary.<\/p>\n<p>As a fun fact, the word <em>bolsje<\/em> is believed to have entered the Danish language from the Low German word <em>boltje<\/em>, meaning &#8220;little ball.&#8221; Others suggest it came to Denmark with Tsar Peter the Great in 1716, when, while passing through Copenhagen, he was given a <em>bolche<\/em> and reportedly exclaimed <em>\u0431\u043e\u043b\u0435\u0435<\/em> (sounding like <em>Bolsje<\/em>), which in Russian means &#8220;More.&#8221;<\/p>\n<p>[\/et_pb_text][\/et_pb_column][\/et_pb_row][et_pb_row column_structure=&#8221;2_5,3_5&#8243; module_class=&#8221;terms-row et_pb_animation_bottom et-animated et-waypoint&#8221; _builder_version=&#8221;4.25.1&#8243; _module_preset=&#8221;default&#8221; width=&#8221;1200px&#8221; global_colors_info=&#8221;{}&#8221;][et_pb_column type=&#8221;2_5&#8243; _builder_version=&#8221;4.25.1&#8243; _module_preset=&#8221;default&#8221; global_colors_info=&#8221;{}&#8221;][et_pb_text _builder_version=&#8221;4.25.1&#8243; _module_preset=&#8221;default&#8221; background_layout=&#8221;dark&#8221; global_colors_info=&#8221;{}&#8221;]<\/p>\n<h2>Do You Make Logo Candies for Corporate Events or Gifts?<\/h2>\n<p>[\/et_pb_text][\/et_pb_column][et_pb_column type=&#8221;3_5&#8243; _builder_version=&#8221;4.25.1&#8243; _module_preset=&#8221;default&#8221; global_colors_info=&#8221;{}&#8221;][et_pb_text _builder_version=&#8221;4.25.1&#8243; _module_preset=&#8221;default&#8221; background_layout=&#8221;dark&#8221; global_colors_info=&#8221;{}&#8221;]<\/p>\n<p data-start=\"71\" data-end=\"348\">Are you or your company planning a special event and looking for that final touch to perfectly complement your message or brand? Do you want to be associated with the highest quality and sustainability? Then logo-printed candies from S\u00f8mods Bolcher are exactly what you need!<\/p>\n<p data-start=\"350\" data-end=\"475\" data-is-last-node=\"\" data-is-only-node=\"\">Send us an email with your logo or message, and we will present your options for a unique, custom design \u2013 made just for you.<\/p>\n<p>[\/et_pb_text][\/et_pb_column][\/et_pb_row][et_pb_row column_structure=&#8221;2_5,3_5&#8243; module_class=&#8221;terms-row et_pb_animation_bottom et-animated et-waypoint&#8221; _builder_version=&#8221;4.25.1&#8243; _module_preset=&#8221;default&#8221; width=&#8221;1200px&#8221; global_colors_info=&#8221;{}&#8221;][et_pb_column type=&#8221;2_5&#8243; _builder_version=&#8221;4.25.1&#8243; _module_preset=&#8221;default&#8221; global_colors_info=&#8221;{}&#8221;][et_pb_text _builder_version=&#8221;4.25.1&#8243; _module_preset=&#8221;default&#8221; background_layout=&#8221;dark&#8221; global_colors_info=&#8221;{}&#8221;]<\/p>\n<h2>Candies for Special Occasions<\/h2>\n<p>[\/et_pb_text][\/et_pb_column][et_pb_column type=&#8221;3_5&#8243; _builder_version=&#8221;4.25.1&#8243; _module_preset=&#8221;default&#8221; global_colors_info=&#8221;{}&#8221;][et_pb_text _builder_version=&#8221;4.25.1&#8243; _module_preset=&#8221;default&#8221; background_layout=&#8221;dark&#8221; global_colors_info=&#8221;{}&#8221;]<\/p>\n<p data-start=\"37\" data-end=\"227\">Logo candies add a delightful touch to any event, showcasing meticulous planning down to the smallest detail\u2014something your employees, business partners, and clients will remember.<\/p>\n<p data-start=\"229\" data-end=\"514\">This type of confectionery has become a popular choice for receptions, trade fairs, and corporate presentations. It\u2019s a perfect promotional opportunity, allowing you to treat your customers or employees while reinforcing your brand\u2019s message through carefully curated event planning.<\/p>\n<p data-start=\"516\" data-end=\"626\" data-is-last-node=\"\" data-is-only-node=\"\">In other words, logo candies are an excellent way to maximise the return on your marketing investment.<\/p>\n<p>[\/et_pb_text][\/et_pb_column][\/et_pb_row][et_pb_row column_structure=&#8221;2_5,3_5&#8243; module_class=&#8221;terms-row et_pb_animation_bottom et-animated et-waypoint&#8221; _builder_version=&#8221;4.25.1&#8243; _module_preset=&#8221;default&#8221; width=&#8221;1200px&#8221; global_colors_info=&#8221;{}&#8221;][et_pb_column type=&#8221;2_5&#8243; _builder_version=&#8221;4.25.1&#8243; _module_preset=&#8221;default&#8221; global_colors_info=&#8221;{}&#8221;][et_pb_text _builder_version=&#8221;4.25.1&#8243; _module_preset=&#8221;default&#8221; background_layout=&#8221;dark&#8221; global_colors_info=&#8221;{}&#8221;]<\/p>\n<h2>Logo Candies \u2013 Tailored to Your Taste<\/h2>\n<p>[\/et_pb_text][\/et_pb_column][et_pb_column type=&#8221;3_5&#8243; _builder_version=&#8221;4.25.1&#8243; _module_preset=&#8221;default&#8221; global_colors_info=&#8221;{}&#8221;][et_pb_text _builder_version=&#8221;4.25.1&#8243; _module_preset=&#8221;default&#8221; background_layout=&#8221;dark&#8221; global_colors_info=&#8221;{}&#8221;]<\/p>\n<p data-start=\"45\" data-end=\"277\">We offer a wide selection of classic flavours, ranging from salty to sweet\u2014or a combination of both. In other words, you can get logo candies exactly as you want them, with a personalised design and your favourite flavour.<\/p>\n<p data-start=\"279\" data-end=\"590\" data-is-last-node=\"\" data-is-only-node=\"\">At S\u00f8mods Bolcher, we use only natural ingredients, free from artificial flavours and colourings. By choosing our candies, you demonstrate a commitment to quality and craftsmanship. Our candies are made with respect for tradition, following time-honoured techniques\u2014something you\u2019ll taste in every single piece.<\/p>\n<p>[\/et_pb_text][\/et_pb_column][\/et_pb_row][et_pb_row column_structure=&#8221;2_5,3_5&#8243; module_class=&#8221;terms-row et_pb_animation_bottom et-animated et-waypoint&#8221; _builder_version=&#8221;4.25.1&#8243; _module_preset=&#8221;default&#8221; width=&#8221;1200px&#8221; global_colors_info=&#8221;{}&#8221;][et_pb_column type=&#8221;2_5&#8243; _builder_version=&#8221;4.25.1&#8243; _module_preset=&#8221;default&#8221; global_colors_info=&#8221;{}&#8221;][et_pb_text _builder_version=&#8221;4.25.1&#8243; _module_preset=&#8221;default&#8221; background_layout=&#8221;dark&#8221; custom_padding=&#8221;||0px|||&#8221; global_colors_info=&#8221;{}&#8221;]<\/p>\n<h2>What is the &#8220;King of Denmark&#8221; Candy?<\/h2>\n<p>[\/et_pb_text][\/et_pb_column][et_pb_column type=&#8221;3_5&#8243; _builder_version=&#8221;4.25.1&#8243; _module_preset=&#8221;default&#8221; global_colors_info=&#8221;{}&#8221;][et_pb_text _builder_version=&#8221;4.25.1&#8243; _module_preset=&#8221;default&#8221; background_layout=&#8221;dark&#8221; global_colors_info=&#8221;{}&#8221;]<\/p>\n<p>The most famous candy in Denmark is arguably the &#8220;King of Denmark.&#8221; This red candy with its characteristic flavour is, of course, part of S\u00f8mods Bolcher\u2019s traditional range. It is named after King Christian V (King of Denmark from 1670\u20131699), who was given the candy as a remedy for stomach aches.<\/p>\n<p>[\/et_pb_text][\/et_pb_column][\/et_pb_row][et_pb_row column_structure=&#8221;2_5,3_5&#8243; module_class=&#8221;terms-row et_pb_animation_bottom et-animated et-waypoint&#8221; _builder_version=&#8221;4.25.1&#8243; _module_preset=&#8221;default&#8221; width=&#8221;1200px&#8221; global_colors_info=&#8221;{}&#8221;][et_pb_column type=&#8221;2_5&#8243; _builder_version=&#8221;4.25.1&#8243; _module_preset=&#8221;default&#8221; global_colors_info=&#8221;{}&#8221;][et_pb_text _builder_version=&#8221;4.25.1&#8243; _module_preset=&#8221;default&#8221; background_layout=&#8221;dark&#8221; global_colors_info=&#8221;{}&#8221;]<\/p>\n<h2>What does the &#8220;King of Denmark&#8221; taste like?<\/h2>\n<p>[\/et_pb_text][\/et_pb_column][et_pb_column type=&#8221;3_5&#8243; _builder_version=&#8221;4.25.1&#8243; _module_preset=&#8221;default&#8221; global_colors_info=&#8221;{}&#8221;][et_pb_text _builder_version=&#8221;4.25.1&#8243; _module_preset=&#8221;default&#8221; background_layout=&#8221;dark&#8221; global_colors_info=&#8221;{}&#8221;]<\/p>\n<p>The &#8220;King of Denmark&#8221; candy has the flavour of star anise. In the 17th century, anise oil was a popular remedy for digestive issues.<\/p>\n<p>[\/et_pb_text][\/et_pb_column][\/et_pb_row][et_pb_row column_structure=&#8221;2_5,3_5&#8243; module_class=&#8221;terms-row et_pb_animation_bottom et-animated et-waypoint&#8221; _builder_version=&#8221;4.25.1&#8243; _module_preset=&#8221;default&#8221; width=&#8221;1200px&#8221; global_colors_info=&#8221;{}&#8221;][et_pb_column type=&#8221;2_5&#8243; _builder_version=&#8221;4.25.1&#8243; _module_preset=&#8221;default&#8221; global_colors_info=&#8221;{}&#8221;][et_pb_text _builder_version=&#8221;4.25.1&#8243; _module_preset=&#8221;default&#8221; background_layout=&#8221;dark&#8221; global_colors_info=&#8221;{}&#8221;]<\/p>\n<h2>The History of the &#8220;King of Denmark&#8221; Candy<\/h2>\n<p>[\/et_pb_text][\/et_pb_column][et_pb_column type=&#8221;3_5&#8243; _builder_version=&#8221;4.25.1&#8243; _module_preset=&#8221;default&#8221; global_colors_info=&#8221;{}&#8221;][et_pb_text _builder_version=&#8221;4.25.1&#8243; _module_preset=&#8221;default&#8221; background_layout=&#8221;dark&#8221; global_colors_info=&#8221;{}&#8221;]<\/p>\n<p data-start=\"50\" data-end=\"337\">The story behind the creation of this candy dates back to King Christian V of Denmark. Suffering from stomach pain, the king summoned his royal physician for a cure. At the time, anise oil was the go-to remedy for digestive issues, but its strong taste made the king refuse to take it.<\/p>\n<p data-start=\"339\" data-end=\"685\">Thinking creatively, the physician recalled an apothecary practice of mixing medicine into a sugar mass to make it more palatable. He prepared a warm sugar mixture, blending in anise oil and beetroot juice to give it a rich red colour. The result was a batch of fine red candies that the king happily ate\u2014curing his stomach ache in the process.<\/p>\n<p data-start=\"687\" data-end=\"756\" data-is-last-node=\"\" data-is-only-node=\"\">Ever since, the &#8220;King of Denmark&#8221; candy has remained a beloved treat.<\/p>\n<p>[\/et_pb_text][\/et_pb_column][\/et_pb_row][et_pb_row column_structure=&#8221;2_5,3_5&#8243; module_class=&#8221;terms-row et_pb_animation_bottom et-animated et-waypoint&#8221; _builder_version=&#8221;4.25.1&#8243; _module_preset=&#8221;default&#8221; width=&#8221;1200px&#8221; global_colors_info=&#8221;{}&#8221;][et_pb_column type=&#8221;2_5&#8243; _builder_version=&#8221;4.25.1&#8243; _module_preset=&#8221;default&#8221; global_colors_info=&#8221;{}&#8221;][et_pb_text _builder_version=&#8221;4.25.1&#8243; _module_preset=&#8221;default&#8221; background_layout=&#8221;dark&#8221; global_colors_info=&#8221;{}&#8221;]<\/p>\n<h2>About S\u00f8mods Production<\/h2>\n<p>[\/et_pb_text][\/et_pb_column][et_pb_column type=&#8221;3_5&#8243; _builder_version=&#8221;4.25.1&#8243; _module_preset=&#8221;default&#8221; global_colors_info=&#8221;{}&#8221;][et_pb_text _builder_version=&#8221;4.25.1&#8243; _module_preset=&#8221;default&#8221; background_layout=&#8221;dark&#8221; custom_padding=&#8221;||2px|||&#8221; global_colors_info=&#8221;{}&#8221;]<\/p>\n<p data-start=\"31\" data-end=\"96\">All production takes place at N\u00f8rregade 36B, 1165 Copenhagen K.<\/p>\n<p data-start=\"98\" data-end=\"250\">We operate under the principle of \u201cworking with open doors.\u201d This means everyone is welcome to watch our production process\u2014completely free of charge.<\/p>\n<p data-start=\"252\" data-end=\"448\">You are welcome to ask questions to our candy makers, and they will do their best to answer. However, please keep in mind that their full concentration must remain on the boiling hot candy mass.<\/p>\n<p data-start=\"450\" data-end=\"568\">Feel free to take photos during your visit, but we kindly ask that no videos are recorded of the production process.<\/p>\n<p data-start=\"570\" data-end=\"700\">You can experience our production on the following days:<br data-start=\"626\" data-end=\"629\" \/>Monday to Friday at approximately 10:15, 12:00, 13:30, and 15:00.<\/p>\n<p data-start=\"702\" data-end=\"769\">Changes may occur\u2014please check our Facebook page for updates.<\/p>\n<p data-start=\"771\" data-end=\"851\" data-is-last-node=\"\" data-is-only-node=\"\">Groups and institutions MUST book an appointment by calling +45 33 12 60 46.<\/p>\n<p>[\/et_pb_text][\/et_pb_column][\/et_pb_row][\/et_pb_section]<\/p>\n","protected":false},"excerpt":{"rendered":"<p>How Are These Sweet Treats Actually Spelled in Danish?At S\u00f8mods Bolcher, we spell it with ch, as it ties into our proud tradition and history. We&#8217;ve had this name since 1920 when the most common spelling for the candy was bolche. However, the correct spelling today is bolsjer. In 2001, the spelling with ch was [&hellip;]<\/p>\n","protected":false},"author":1,"featured_media":0,"parent":0,"menu_order":0,"comment_status":"closed","ping_status":"closed","template":"","meta":{"_acf_changed":false,"_et_pb_use_builder":"on","_et_pb_old_content":"","_et_gb_content_width":"","inline_featured_image":false,"footnotes":""},"class_list":["post-2001","page","type-page","status-publish","hentry"],"acf":[],"yoast_head":"<!-- This site is optimized with the Yoast SEO plugin v25.3.1 - https:\/\/yoast.com\/wordpress\/plugins\/seo\/ -->\n<title>FAQ | S\u00f8mods Bolcher<\/title>\n<meta name=\"robots\" content=\"index, follow, max-snippet:-1, max-image-preview:large, max-video-preview:-1\" \/>\n<link rel=\"canonical\" href=\"https:\/\/soemods-bolcher.dk\/ofte-stillede-spoergsmaal\/\" \/>\n<meta property=\"og:locale\" content=\"en_US\" \/>\n<meta property=\"og:type\" content=\"article\" \/>\n<meta property=\"og:title\" content=\"FAQ | S\u00f8mods Bolcher\" \/>\n<meta property=\"og:description\" content=\"How Are These Sweet Treats Actually Spelled in Danish?At S\u00f8mods Bolcher, we spell it with ch, as it ties into our proud tradition and history. We&#039;ve had this name since 1920 when the most common spelling for the candy was bolche. However, the correct spelling today is bolsjer. In 2001, the spelling with ch was [&hellip;]\" \/>\n<meta property=\"og:url\" content=\"https:\/\/soemods-bolcher.dk\/ofte-stillede-spoergsmaal\/\" \/>\n<meta property=\"og:site_name\" content=\"S\u00f8mods Bolcher\" \/>\n<meta property=\"article:publisher\" content=\"https:\/\/www.facebook.com\/Soemodsbolcher\/\" \/>\n<meta property=\"article:modified_time\" content=\"2025-03-19T13:15:48+00:00\" \/>\n<meta property=\"og:image\" content=\"https:\/\/soemods-bolcher.dk\/wp-content\/uploads\/2025\/05\/Design-uden-navn-42.png\" \/>\n\t<meta property=\"og:image:width\" content=\"1440\" \/>\n\t<meta property=\"og:image:height\" content=\"794\" \/>\n\t<meta property=\"og:image:type\" content=\"image\/png\" \/>\n<meta name=\"twitter:card\" content=\"summary_large_image\" \/>\n<meta name=\"twitter:label1\" content=\"Est. reading time\" \/>\n\t<meta name=\"twitter:data1\" content=\"8 minutes\" \/>\n<script type=\"application\/ld+json\" class=\"yoast-schema-graph\">{\"@context\":\"https:\/\/schema.org\",\"@graph\":[{\"@type\":\"WebPage\",\"@id\":\"https:\/\/soemods-bolcher.dk\/ofte-stillede-spoergsmaal\/\",\"url\":\"https:\/\/soemods-bolcher.dk\/ofte-stillede-spoergsmaal\/\",\"name\":\"FAQ | S\u00f8mods Bolcher\",\"isPartOf\":{\"@id\":\"https:\/\/soemods-bolcher.dk\/#website\"},\"datePublished\":\"2024-06-23T06:57:02+00:00\",\"dateModified\":\"2025-03-19T13:15:48+00:00\",\"breadcrumb\":{\"@id\":\"https:\/\/soemods-bolcher.dk\/ofte-stillede-spoergsmaal\/#breadcrumb\"},\"inLanguage\":\"en-US\",\"potentialAction\":[{\"@type\":\"ReadAction\",\"target\":[\"https:\/\/soemods-bolcher.dk\/ofte-stillede-spoergsmaal\/\"]}]},{\"@type\":\"BreadcrumbList\",\"@id\":\"https:\/\/soemods-bolcher.dk\/ofte-stillede-spoergsmaal\/#breadcrumb\",\"itemListElement\":[{\"@type\":\"ListItem\",\"position\":1,\"name\":\"Hjem\",\"item\":\"https:\/\/soemods-bolcher.dk\/en\/\"},{\"@type\":\"ListItem\",\"position\":2,\"name\":\"FAQ\"}]},{\"@type\":\"WebSite\",\"@id\":\"https:\/\/soemods-bolcher.dk\/#website\",\"url\":\"https:\/\/soemods-bolcher.dk\/\",\"name\":\"S\u00f8mods Bolcher\",\"description\":\"Kongelig Hofleverand\u00f8r - Bolcher i N\u00f8rregade\",\"publisher\":{\"@id\":\"https:\/\/soemods-bolcher.dk\/#organization\"},\"potentialAction\":[{\"@type\":\"SearchAction\",\"target\":{\"@type\":\"EntryPoint\",\"urlTemplate\":\"https:\/\/soemods-bolcher.dk\/?s={search_term_string}\"},\"query-input\":{\"@type\":\"PropertyValueSpecification\",\"valueRequired\":true,\"valueName\":\"search_term_string\"}}],\"inLanguage\":\"en-US\"},{\"@type\":\"Organization\",\"@id\":\"https:\/\/soemods-bolcher.dk\/#organization\",\"name\":\"S\u00f8mods Bolcher\",\"url\":\"https:\/\/soemods-bolcher.dk\/\",\"logo\":{\"@type\":\"ImageObject\",\"inLanguage\":\"en-US\",\"@id\":\"https:\/\/soemods-bolcher.dk\/#\/schema\/logo\/image\/\",\"url\":\"https:\/\/soemods-bolcher.dk\/wp-content\/uploads\/2024\/06\/Layer_1.svg\",\"contentUrl\":\"https:\/\/soemods-bolcher.dk\/wp-content\/uploads\/2024\/06\/Layer_1.svg\",\"width\":207,\"height\":69,\"caption\":\"S\u00f8mods Bolcher\"},\"image\":{\"@id\":\"https:\/\/soemods-bolcher.dk\/#\/schema\/logo\/image\/\"},\"sameAs\":[\"https:\/\/www.facebook.com\/Soemodsbolcher\/\",\"https:\/\/www.instagram.com\/soemodsbolcher\/?hl=da\"]}]}<\/script>\n<!-- \/ Yoast SEO plugin. -->","yoast_head_json":{"title":"FAQ | S\u00f8mods Bolcher","robots":{"index":"index","follow":"follow","max-snippet":"max-snippet:-1","max-image-preview":"max-image-preview:large","max-video-preview":"max-video-preview:-1"},"canonical":"https:\/\/soemods-bolcher.dk\/ofte-stillede-spoergsmaal\/","og_locale":"en_US","og_type":"article","og_title":"FAQ | S\u00f8mods Bolcher","og_description":"How Are These Sweet Treats Actually Spelled in Danish?At S\u00f8mods Bolcher, we spell it with ch, as it ties into our proud tradition and history. We've had this name since 1920 when the most common spelling for the candy was bolche. However, the correct spelling today is bolsjer. In 2001, the spelling with ch was [&hellip;]","og_url":"https:\/\/soemods-bolcher.dk\/ofte-stillede-spoergsmaal\/","og_site_name":"S\u00f8mods Bolcher","article_publisher":"https:\/\/www.facebook.com\/Soemodsbolcher\/","article_modified_time":"2025-03-19T13:15:48+00:00","og_image":[{"width":1440,"height":794,"url":"https:\/\/soemods-bolcher.dk\/wp-content\/uploads\/2025\/05\/Design-uden-navn-42.png","type":"image\/png"}],"twitter_card":"summary_large_image","twitter_misc":{"Est. reading time":"8 minutes"},"schema":{"@context":"https:\/\/schema.org","@graph":[{"@type":"WebPage","@id":"https:\/\/soemods-bolcher.dk\/ofte-stillede-spoergsmaal\/","url":"https:\/\/soemods-bolcher.dk\/ofte-stillede-spoergsmaal\/","name":"FAQ | S\u00f8mods Bolcher","isPartOf":{"@id":"https:\/\/soemods-bolcher.dk\/#website"},"datePublished":"2024-06-23T06:57:02+00:00","dateModified":"2025-03-19T13:15:48+00:00","breadcrumb":{"@id":"https:\/\/soemods-bolcher.dk\/ofte-stillede-spoergsmaal\/#breadcrumb"},"inLanguage":"en-US","potentialAction":[{"@type":"ReadAction","target":["https:\/\/soemods-bolcher.dk\/ofte-stillede-spoergsmaal\/"]}]},{"@type":"BreadcrumbList","@id":"https:\/\/soemods-bolcher.dk\/ofte-stillede-spoergsmaal\/#breadcrumb","itemListElement":[{"@type":"ListItem","position":1,"name":"Hjem","item":"https:\/\/soemods-bolcher.dk\/en\/"},{"@type":"ListItem","position":2,"name":"FAQ"}]},{"@type":"WebSite","@id":"https:\/\/soemods-bolcher.dk\/#website","url":"https:\/\/soemods-bolcher.dk\/","name":"S\u00f8mods Bolcher","description":"Kongelig Hofleverand\u00f8r - Bolcher i N\u00f8rregade","publisher":{"@id":"https:\/\/soemods-bolcher.dk\/#organization"},"potentialAction":[{"@type":"SearchAction","target":{"@type":"EntryPoint","urlTemplate":"https:\/\/soemods-bolcher.dk\/?s={search_term_string}"},"query-input":{"@type":"PropertyValueSpecification","valueRequired":true,"valueName":"search_term_string"}}],"inLanguage":"en-US"},{"@type":"Organization","@id":"https:\/\/soemods-bolcher.dk\/#organization","name":"S\u00f8mods Bolcher","url":"https:\/\/soemods-bolcher.dk\/","logo":{"@type":"ImageObject","inLanguage":"en-US","@id":"https:\/\/soemods-bolcher.dk\/#\/schema\/logo\/image\/","url":"https:\/\/soemods-bolcher.dk\/wp-content\/uploads\/2024\/06\/Layer_1.svg","contentUrl":"https:\/\/soemods-bolcher.dk\/wp-content\/uploads\/2024\/06\/Layer_1.svg","width":207,"height":69,"caption":"S\u00f8mods Bolcher"},"image":{"@id":"https:\/\/soemods-bolcher.dk\/#\/schema\/logo\/image\/"},"sameAs":["https:\/\/www.facebook.com\/Soemodsbolcher\/","https:\/\/www.instagram.com\/soemodsbolcher\/?hl=da"]}]}},"_links":{"self":[{"href":"https:\/\/soemods-bolcher.dk\/en\/wp-json\/wp\/v2\/pages\/2001","targetHints":{"allow":["GET"]}}],"collection":[{"href":"https:\/\/soemods-bolcher.dk\/en\/wp-json\/wp\/v2\/pages"}],"about":[{"href":"https:\/\/soemods-bolcher.dk\/en\/wp-json\/wp\/v2\/types\/page"}],"author":[{"embeddable":true,"href":"https:\/\/soemods-bolcher.dk\/en\/wp-json\/wp\/v2\/users\/1"}],"replies":[{"embeddable":true,"href":"https:\/\/soemods-bolcher.dk\/en\/wp-json\/wp\/v2\/comments?post=2001"}],"version-history":[{"count":5,"href":"https:\/\/soemods-bolcher.dk\/en\/wp-json\/wp\/v2\/pages\/2001\/revisions"}],"predecessor-version":[{"id":2328,"href":"https:\/\/soemods-bolcher.dk\/en\/wp-json\/wp\/v2\/pages\/2001\/revisions\/2328"}],"wp:attachment":[{"href":"https:\/\/soemods-bolcher.dk\/en\/wp-json\/wp\/v2\/media?parent=2001"}],"curies":[{"name":"wp","href":"https:\/\/api.w.org\/{rel}","templated":true}]}}