{"id":1998,"date":"2024-06-23T08:55:31","date_gmt":"2024-06-23T06:55:31","guid":{"rendered":"https:\/\/soemods-bolcher.dk\/terms\/"},"modified":"2025-03-03T10:14:42","modified_gmt":"2025-03-03T09:14:42","slug":"terms","status":"publish","type":"page","link":"https:\/\/soemods-bolcher.dk\/en\/terms\/","title":{"rendered":"Terms"},"content":{"rendered":"<p>[et_pb_section fb_built=&#8221;1&#8243; admin_label=&#8221;section&#8221; _builder_version=&#8221;4.16&#8243; custom_padding=&#8221;||0px|||&#8221; global_colors_info=&#8221;{}&#8221;][et_pb_row module_class=&#8221;et_pb_animation_bottom et-animated et-waypoint&#8221; _builder_version=&#8221;4.25.1&#8243; _module_preset=&#8221;default&#8221; global_colors_info=&#8221;{}&#8221;][et_pb_column type=&#8221;4_4&#8243; _builder_version=&#8221;4.25.1&#8243; _module_preset=&#8221;default&#8221; global_colors_info=&#8221;{}&#8221;][et_pb_text _builder_version=&#8221;4.25.1&#8243; _dynamic_attributes=&#8221;content&#8221; _module_preset=&#8221;default&#8221; text_orientation=&#8221;center&#8221; global_colors_info=&#8221;{}&#8221;]@ET-DC@eyJkeW5hbWljIjp0cnVlLCJjb250ZW50IjoicG9zdF90aXRsZSIsInNldHRpbmdzIjp7ImJlZm9yZSI6IjxoMT4iLCJhZnRlciI6IjwvaDE+In19@[\/et_pb_text][\/et_pb_column][\/et_pb_row][\/et_pb_section][et_pb_section fb_built=&#8221;1&#8243; _builder_version=&#8221;4.25.1&#8243; _module_preset=&#8221;default&#8221; global_colors_info=&#8221;{}&#8221;][et_pb_row column_structure=&#8221;2_5,3_5&#8243; module_class=&#8221;terms-row et_pb_animation_bottom et-animated et-waypoint&#8221; _builder_version=&#8221;4.25.1&#8243; _module_preset=&#8221;default&#8221; width=&#8221;1200px&#8221; global_colors_info=&#8221;{}&#8221;][et_pb_column type=&#8221;2_5&#8243; _builder_version=&#8221;4.25.1&#8243; _module_preset=&#8221;default&#8221; global_colors_info=&#8221;{}&#8221;][et_pb_text _builder_version=&#8221;4.25.1&#8243; _module_preset=&#8221;default&#8221; global_colors_info=&#8221;{}&#8221;]<\/p>\n<h2>General<\/h2>\n<p>[\/et_pb_text][\/et_pb_column][et_pb_column type=&#8221;3_5&#8243; _builder_version=&#8221;4.25.1&#8243; _module_preset=&#8221;default&#8221; global_colors_info=&#8221;{}&#8221;][et_pb_text _builder_version=&#8221;4.25.1&#8243; _module_preset=&#8221;default&#8221; global_colors_info=&#8221;{}&#8221;]<\/p>\n<p>Legal name: S\u00f8mods Bolcher <br \/>Organisation: Anpartsselskab <br \/>VAT: DK-10546087 <br \/>Address : N\u00f8rregade 36B, 1165 K\u00f8benhavn K <br \/>Email: <a href=\"mailto:webshop@soemod.dk\" class=\"linking-text\">webshop@soemod.dk<\/a> <br \/>Phone: <a href=\"tel:33126046\" class=\"linking-text\">+45 33 12 60 46<\/a><\/p>\n<p>[\/et_pb_text][\/et_pb_column][\/et_pb_row][et_pb_row column_structure=&#8221;2_5,3_5&#8243; module_class=&#8221;terms-row et_pb_animation_bottom et-animated et-waypoint&#8221; _builder_version=&#8221;4.25.1&#8243; _module_preset=&#8221;default&#8221; width=&#8221;1200px&#8221; global_colors_info=&#8221;{}&#8221;][et_pb_column type=&#8221;2_5&#8243; _builder_version=&#8221;4.25.1&#8243; _module_preset=&#8221;default&#8221; global_colors_info=&#8221;{}&#8221;][et_pb_text _builder_version=&#8221;4.25.1&#8243; _module_preset=&#8221;default&#8221; hover_enabled=&#8221;0&#8243; global_colors_info=&#8221;{}&#8221; sticky_enabled=&#8221;0&#8243;]<\/p>\n<h2>Shipping and delivery<\/h2>\n<p>[\/et_pb_text][\/et_pb_column][et_pb_column type=&#8221;3_5&#8243; _builder_version=&#8221;4.25.1&#8243; _module_preset=&#8221;default&#8221; global_colors_info=&#8221;{}&#8221;][et_pb_text _builder_version=&#8221;4.25.1&#8243; _module_preset=&#8221;default&#8221; hover_enabled=&#8221;0&#8243; global_colors_info=&#8221;{}&#8221; sticky_enabled=&#8221;0&#8243;]On orders from soemods.com, which are not collected in N\u00f8rregade 36B, an amount is required to cover delivery and handling costs. The amount will appear at the bottom of the invoice.<\/p>\n<p>The item will be shipped with Post Nord. Delivery time normally is within 3 days in Denmark.<br \/>\nWe ship to Denmark, EU, Switzerland, Norway, Greenland, Faroe Islands, Australia, USA and Canada.<br \/>\nIf you wish to ship to countries other than those mentioned, please contact S\u00f8mods Bolcher via the contact form.[\/et_pb_text][\/et_pb_column][\/et_pb_row][et_pb_row column_structure=&#8221;2_5,3_5&#8243; module_class=&#8221;terms-row et_pb_animation_bottom et-animated et-waypoint&#8221; _builder_version=&#8221;4.25.1&#8243; _module_preset=&#8221;default&#8221; width=&#8221;1200px&#8221; global_colors_info=&#8221;{}&#8221;][et_pb_column type=&#8221;2_5&#8243; _builder_version=&#8221;4.25.1&#8243; _module_preset=&#8221;default&#8221; global_colors_info=&#8221;{}&#8221;][et_pb_text _builder_version=&#8221;4.25.1&#8243; _module_preset=&#8221;default&#8221; hover_enabled=&#8221;0&#8243; global_colors_info=&#8221;{}&#8221; sticky_enabled=&#8221;0&#8243;]<\/p>\n<h2>If you regret your purchase<\/h2>\n<p>[\/et_pb_text][\/et_pb_column][et_pb_column type=&#8221;3_5&#8243; _builder_version=&#8221;4.25.1&#8243; _module_preset=&#8221;default&#8221; global_colors_info=&#8221;{}&#8221;][et_pb_text _builder_version=&#8221;4.25.1&#8243; _module_preset=&#8221;default&#8221; hover_enabled=&#8221;0&#8243; global_colors_info=&#8221;{}&#8221; sticky_enabled=&#8221;0&#8243;]You have 14 days to withdrawal when shopping at soemods.com. The right of cancellation starts on the day you received the item.<\/p>\n<p>The right of cancellation can only be exercised, if the goods are returned in the same condition and quantity.<br \/>\nThe right of cancellation therefore repeals if you use or ship the goods in a way that clearly reduces the value of the product significantly.<\/p>\n<p>For the purchase of candies, the original packaging is always a significant part of the value of the product. The packaging must therefore always be returned to fulfil the conditions for exercising the right of cancellation.<\/p>\n<p>If you regret the purchase, the goods must be sent to:<br \/>\nS\u00f8mods Bolcher<br \/>\nN\u00f8rregade 36B<br \/>\n1165 Copenhagen K<br \/>\nDenmark<\/p>\n<p>You can also undo the purchase by refusing to receive the item.<\/p>\n<p>If you regret your purchase, you will of course get the amount you have originally paid back to us. The amount will be transferred to the card you have paid with or on your bank account once we have received the item back and checked that it meets the cancellation policy.<\/p>\n<p>The only cost you have when you regret is the postage to send the item back to us. You must enclose a copy of the order confirmation. Note, We do not receive packages sent per COD.[\/et_pb_text][\/et_pb_column][\/et_pb_row][et_pb_row column_structure=&#8221;2_5,3_5&#8243; module_class=&#8221;terms-row et_pb_animation_bottom et-animated et-waypoint&#8221; _builder_version=&#8221;4.25.1&#8243; _module_preset=&#8221;default&#8221; width=&#8221;1200px&#8221; global_colors_info=&#8221;{}&#8221;][et_pb_column type=&#8221;2_5&#8243; _builder_version=&#8221;4.25.1&#8243; _module_preset=&#8221;default&#8221; global_colors_info=&#8221;{}&#8221;][et_pb_text _builder_version=&#8221;4.25.1&#8243; _module_preset=&#8221;default&#8221; global_colors_info=&#8221;{}&#8221;]<\/p>\n<h2>Complaint<\/h2>\n<p>[\/et_pb_text][\/et_pb_column][et_pb_column type=&#8221;3_5&#8243; _builder_version=&#8221;4.25.1&#8243; _module_preset=&#8221;default&#8221; global_colors_info=&#8221;{}&#8221;][et_pb_text _builder_version=&#8221;4.25.1&#8243; _module_preset=&#8221;default&#8221; hover_enabled=&#8221;0&#8243; global_colors_info=&#8221;{}&#8221; sticky_enabled=&#8221;0&#8243;]Complaints must be made per. Email via the contact form.<\/p>\n<p>Following the Buyer Act, there is 24 months&#8217; right of complaint. However, this is limited by the sale of food for the natural durability of the product. S\u00f8mod\u2019s Bolcher sells only candies which is considered food.<\/p>\n<p>Our candies must be stored as follows:<br \/>\nDry and cool (about 15\u00b0 Celsius). If the bag came with a desiccant bag, keep this in with the candies.<\/p>\n<p>Should you experience any errors or defects with the candies you bought, please contact bolcher@soemod.dk or phone +45 33 12 60 46.<\/p>\n<p>S\u00f8mods Bolcher<br \/>\nN\u00f8rregade 36B<br \/>\n1165 Copenhagen K<br \/>\nDenmark<br \/>\nPlease state what the problem is as detailed as possible.<\/p>\n<p>S\u00f8mods Bolcher is an E-marked online store, so you have always access to the E-branded Free Consumer Hotline when you buy from us. You can read more about the e-mark here. If you have sent an item for cancellation or complaint, you will always receive an email when we have received the item.<br \/>\nThe email contains information about the ongoing process of handling your cancellation\/complaint. [\/et_pb_text][\/et_pb_column][\/et_pb_row][et_pb_row column_structure=&#8221;2_5,3_5&#8243; module_class=&#8221;terms-row et_pb_animation_bottom et-animated et-waypoint&#8221; _builder_version=&#8221;4.25.1&#8243; _module_preset=&#8221;default&#8221; width=&#8221;1200px&#8221; global_colors_info=&#8221;{}&#8221;][et_pb_column type=&#8221;2_5&#8243; _builder_version=&#8221;4.25.1&#8243; _module_preset=&#8221;default&#8221; global_colors_info=&#8221;{}&#8221;][et_pb_text _builder_version=&#8221;4.25.1&#8243; _module_preset=&#8221;default&#8221; global_colors_info=&#8221;{}&#8221;]<\/p>\n<h2>Information about complaints<\/h2>\n<p>[\/et_pb_text][\/et_pb_column][et_pb_column type=&#8221;3_5&#8243; _builder_version=&#8221;4.25.1&#8243; _module_preset=&#8221;default&#8221; global_colors_info=&#8221;{}&#8221;][et_pb_text _builder_version=&#8221;4.25.1&#8243; _module_preset=&#8221;default&#8221; hover_enabled=&#8221;0&#8243; global_colors_info=&#8221;{}&#8221; sticky_enabled=&#8221;0&#8243;]A complaint about a product or service purchased from us may be submitted to the Competition and Consumer Agency Center for Complaints Solutions, Carl Jacobsens Vej 35, 2500 Valby.<br \/>\nYou can appeal to the Center for Complaints Solutions via www.forbrug.dk.<\/p>\n<p>The EU Commission&#8217;s online complaint portal can also be used for lodging a complaint.<br \/>\nThis is particularly relevant if you are a resident of another EU country. Complaints are submitted here: http:\/\/ec.europa.eu\/odr.<br \/>\nWhen submitting a complaint, please enter our e-mail address bolcher@soemod.dk. [\/et_pb_text][\/et_pb_column][\/et_pb_row][et_pb_row column_structure=&#8221;2_5,3_5&#8243; module_class=&#8221;terms-row et_pb_animation_bottom et-animated et-waypoint&#8221; _builder_version=&#8221;4.25.1&#8243; _module_preset=&#8221;default&#8221; width=&#8221;1200px&#8221; global_colors_info=&#8221;{}&#8221; custom_padding=&#8221;||78px|||&#8221;][et_pb_column type=&#8221;2_5&#8243; _builder_version=&#8221;4.25.1&#8243; _module_preset=&#8221;default&#8221; global_colors_info=&#8221;{}&#8221;][et_pb_text _builder_version=&#8221;4.25.1&#8243; _module_preset=&#8221;default&#8221; global_colors_info=&#8221;{}&#8221;]<\/p>\n<h2>Prices and payment<\/h2>\n<p>[\/et_pb_text][\/et_pb_column][et_pb_column type=&#8221;3_5&#8243; _builder_version=&#8221;4.25.1&#8243; _module_preset=&#8221;default&#8221; global_colors_info=&#8221;{}&#8221;][et_pb_text _builder_version=&#8221;4.25.1&#8243; _module_preset=&#8221;default&#8221; hover_enabled=&#8221;0&#8243; global_colors_info=&#8221;{}&#8221; sticky_enabled=&#8221;0&#8243;]The price will always be shown on the customer&#8217;s order confirmation and invoice, including the VAT share.<br \/>\nAll prices are incl. VAT and other taxes. Prices are daily prices.<\/p>\n<p>When you trade with S\u00f8mods Bolcher, agreements are entered in Danish.<\/p>\n<p>If you wish to receive a copy of your order confirmation, you can log in to your page on our website or send an email to bolcher@soemod.dk.<\/p>\n<p>For purchases at S\u00f8mods Bolcher, the amount will be deducted from the payment card on the day of shipping. We can never withdraw a larger amount than you have approved at the time of purchase.<\/p>\n<p>At soemods.com you can pay with:<br \/>\nDankort<br \/>\neDankort<br \/>\nVisa<br \/>\nMastercard<br \/>\nAmerica Express<\/p>\n<p>There is no fee for payment at soemods.com[\/et_pb_text][\/et_pb_column][\/et_pb_row][\/et_pb_section]<\/p>\n","protected":false},"excerpt":{"rendered":"<p>GeneralLegal name: S\u00f8mods Bolcher Organisation: Anpartsselskab VAT: DK-10546087 Address : N\u00f8rregade 36B, 1165 K\u00f8benhavn K Email: webshop@soemod.dk Phone: +45 33 12 60 46Shipping and deliveryOn orders from soemods.com, which are not collected in N\u00f8rregade 36B, an amount is required to cover delivery and handling costs. The amount will appear at the bottom of the invoice. [&hellip;]<\/p>\n","protected":false},"author":1,"featured_media":0,"parent":0,"menu_order":0,"comment_status":"closed","ping_status":"closed","template":"","meta":{"_acf_changed":false,"_et_pb_use_builder":"on","_et_pb_old_content":"","_et_gb_content_width":"","inline_featured_image":false,"footnotes":""},"class_list":["post-1998","page","type-page","status-publish","hentry"],"acf":[],"yoast_head":"<!-- This site is optimized with the Yoast SEO plugin v25.3.1 - https:\/\/yoast.com\/wordpress\/plugins\/seo\/ -->\n<title>Terms | S\u00f8mods Bolcher<\/title>\n<meta name=\"robots\" content=\"index, follow, max-snippet:-1, max-image-preview:large, max-video-preview:-1\" \/>\n<link rel=\"canonical\" href=\"https:\/\/soemods-bolcher.dk\/handelsbetingelser\/\" \/>\n<meta property=\"og:locale\" content=\"en_US\" \/>\n<meta property=\"og:type\" content=\"article\" \/>\n<meta property=\"og:title\" content=\"Terms | S\u00f8mods Bolcher\" \/>\n<meta property=\"og:description\" content=\"GeneralLegal name: S\u00f8mods Bolcher Organisation: Anpartsselskab VAT: DK-10546087 Address : N\u00f8rregade 36B, 1165 K\u00f8benhavn K Email: webshop@soemod.dk Phone: +45 33 12 60 46Shipping and deliveryOn orders from soemods.com, which are not collected in N\u00f8rregade 36B, an amount is required to cover delivery and handling costs. The amount will appear at the bottom of the invoice. [&hellip;]\" \/>\n<meta property=\"og:url\" content=\"https:\/\/soemods-bolcher.dk\/handelsbetingelser\/\" \/>\n<meta property=\"og:site_name\" content=\"S\u00f8mods Bolcher\" \/>\n<meta property=\"article:publisher\" content=\"https:\/\/www.facebook.com\/Soemodsbolcher\/\" \/>\n<meta property=\"article:modified_time\" content=\"2025-03-03T09:14:42+00:00\" \/>\n<meta property=\"og:image\" content=\"https:\/\/soemods-bolcher.dk\/wp-content\/uploads\/2025\/05\/Design-uden-navn-42.png\" \/>\n\t<meta property=\"og:image:width\" content=\"1440\" \/>\n\t<meta property=\"og:image:height\" content=\"794\" \/>\n\t<meta property=\"og:image:type\" content=\"image\/png\" \/>\n<meta name=\"twitter:card\" content=\"summary_large_image\" \/>\n<meta name=\"twitter:label1\" content=\"Est. reading time\" \/>\n\t<meta name=\"twitter:data1\" content=\"7 minutes\" \/>\n<script type=\"application\/ld+json\" class=\"yoast-schema-graph\">{\"@context\":\"https:\/\/schema.org\",\"@graph\":[{\"@type\":\"WebPage\",\"@id\":\"https:\/\/soemods-bolcher.dk\/handelsbetingelser\/\",\"url\":\"https:\/\/soemods-bolcher.dk\/handelsbetingelser\/\",\"name\":\"Terms | S\u00f8mods Bolcher\",\"isPartOf\":{\"@id\":\"https:\/\/soemods-bolcher.dk\/#website\"},\"datePublished\":\"2024-06-23T06:55:31+00:00\",\"dateModified\":\"2025-03-03T09:14:42+00:00\",\"breadcrumb\":{\"@id\":\"https:\/\/soemods-bolcher.dk\/handelsbetingelser\/#breadcrumb\"},\"inLanguage\":\"en-US\",\"potentialAction\":[{\"@type\":\"ReadAction\",\"target\":[\"https:\/\/soemods-bolcher.dk\/handelsbetingelser\/\"]}]},{\"@type\":\"BreadcrumbList\",\"@id\":\"https:\/\/soemods-bolcher.dk\/handelsbetingelser\/#breadcrumb\",\"itemListElement\":[{\"@type\":\"ListItem\",\"position\":1,\"name\":\"Hjem\",\"item\":\"https:\/\/soemods-bolcher.dk\/en\/\"},{\"@type\":\"ListItem\",\"position\":2,\"name\":\"Terms\"}]},{\"@type\":\"WebSite\",\"@id\":\"https:\/\/soemods-bolcher.dk\/#website\",\"url\":\"https:\/\/soemods-bolcher.dk\/\",\"name\":\"S\u00f8mods Bolcher\",\"description\":\"Kongelig Hofleverand\u00f8r - Bolcher i N\u00f8rregade\",\"publisher\":{\"@id\":\"https:\/\/soemods-bolcher.dk\/#organization\"},\"potentialAction\":[{\"@type\":\"SearchAction\",\"target\":{\"@type\":\"EntryPoint\",\"urlTemplate\":\"https:\/\/soemods-bolcher.dk\/?s={search_term_string}\"},\"query-input\":{\"@type\":\"PropertyValueSpecification\",\"valueRequired\":true,\"valueName\":\"search_term_string\"}}],\"inLanguage\":\"en-US\"},{\"@type\":\"Organization\",\"@id\":\"https:\/\/soemods-bolcher.dk\/#organization\",\"name\":\"S\u00f8mods Bolcher\",\"url\":\"https:\/\/soemods-bolcher.dk\/\",\"logo\":{\"@type\":\"ImageObject\",\"inLanguage\":\"en-US\",\"@id\":\"https:\/\/soemods-bolcher.dk\/#\/schema\/logo\/image\/\",\"url\":\"https:\/\/soemods-bolcher.dk\/wp-content\/uploads\/2024\/06\/Layer_1.svg\",\"contentUrl\":\"https:\/\/soemods-bolcher.dk\/wp-content\/uploads\/2024\/06\/Layer_1.svg\",\"width\":207,\"height\":69,\"caption\":\"S\u00f8mods Bolcher\"},\"image\":{\"@id\":\"https:\/\/soemods-bolcher.dk\/#\/schema\/logo\/image\/\"},\"sameAs\":[\"https:\/\/www.facebook.com\/Soemodsbolcher\/\",\"https:\/\/www.instagram.com\/soemodsbolcher\/?hl=da\"]}]}<\/script>\n<!-- \/ Yoast SEO plugin. -->","yoast_head_json":{"title":"Terms | S\u00f8mods Bolcher","robots":{"index":"index","follow":"follow","max-snippet":"max-snippet:-1","max-image-preview":"max-image-preview:large","max-video-preview":"max-video-preview:-1"},"canonical":"https:\/\/soemods-bolcher.dk\/handelsbetingelser\/","og_locale":"en_US","og_type":"article","og_title":"Terms | S\u00f8mods Bolcher","og_description":"GeneralLegal name: S\u00f8mods Bolcher Organisation: Anpartsselskab VAT: DK-10546087 Address : N\u00f8rregade 36B, 1165 K\u00f8benhavn K Email: webshop@soemod.dk Phone: +45 33 12 60 46Shipping and deliveryOn orders from soemods.com, which are not collected in N\u00f8rregade 36B, an amount is required to cover delivery and handling costs. The amount will appear at the bottom of the invoice. [&hellip;]","og_url":"https:\/\/soemods-bolcher.dk\/handelsbetingelser\/","og_site_name":"S\u00f8mods Bolcher","article_publisher":"https:\/\/www.facebook.com\/Soemodsbolcher\/","article_modified_time":"2025-03-03T09:14:42+00:00","og_image":[{"width":1440,"height":794,"url":"https:\/\/soemods-bolcher.dk\/wp-content\/uploads\/2025\/05\/Design-uden-navn-42.png","type":"image\/png"}],"twitter_card":"summary_large_image","twitter_misc":{"Est. reading time":"7 minutes"},"schema":{"@context":"https:\/\/schema.org","@graph":[{"@type":"WebPage","@id":"https:\/\/soemods-bolcher.dk\/handelsbetingelser\/","url":"https:\/\/soemods-bolcher.dk\/handelsbetingelser\/","name":"Terms | S\u00f8mods Bolcher","isPartOf":{"@id":"https:\/\/soemods-bolcher.dk\/#website"},"datePublished":"2024-06-23T06:55:31+00:00","dateModified":"2025-03-03T09:14:42+00:00","breadcrumb":{"@id":"https:\/\/soemods-bolcher.dk\/handelsbetingelser\/#breadcrumb"},"inLanguage":"en-US","potentialAction":[{"@type":"ReadAction","target":["https:\/\/soemods-bolcher.dk\/handelsbetingelser\/"]}]},{"@type":"BreadcrumbList","@id":"https:\/\/soemods-bolcher.dk\/handelsbetingelser\/#breadcrumb","itemListElement":[{"@type":"ListItem","position":1,"name":"Hjem","item":"https:\/\/soemods-bolcher.dk\/en\/"},{"@type":"ListItem","position":2,"name":"Terms"}]},{"@type":"WebSite","@id":"https:\/\/soemods-bolcher.dk\/#website","url":"https:\/\/soemods-bolcher.dk\/","name":"S\u00f8mods Bolcher","description":"Kongelig Hofleverand\u00f8r - Bolcher i N\u00f8rregade","publisher":{"@id":"https:\/\/soemods-bolcher.dk\/#organization"},"potentialAction":[{"@type":"SearchAction","target":{"@type":"EntryPoint","urlTemplate":"https:\/\/soemods-bolcher.dk\/?s={search_term_string}"},"query-input":{"@type":"PropertyValueSpecification","valueRequired":true,"valueName":"search_term_string"}}],"inLanguage":"en-US"},{"@type":"Organization","@id":"https:\/\/soemods-bolcher.dk\/#organization","name":"S\u00f8mods Bolcher","url":"https:\/\/soemods-bolcher.dk\/","logo":{"@type":"ImageObject","inLanguage":"en-US","@id":"https:\/\/soemods-bolcher.dk\/#\/schema\/logo\/image\/","url":"https:\/\/soemods-bolcher.dk\/wp-content\/uploads\/2024\/06\/Layer_1.svg","contentUrl":"https:\/\/soemods-bolcher.dk\/wp-content\/uploads\/2024\/06\/Layer_1.svg","width":207,"height":69,"caption":"S\u00f8mods Bolcher"},"image":{"@id":"https:\/\/soemods-bolcher.dk\/#\/schema\/logo\/image\/"},"sameAs":["https:\/\/www.facebook.com\/Soemodsbolcher\/","https:\/\/www.instagram.com\/soemodsbolcher\/?hl=da"]}]}},"_links":{"self":[{"href":"https:\/\/soemods-bolcher.dk\/en\/wp-json\/wp\/v2\/pages\/1998","targetHints":{"allow":["GET"]}}],"collection":[{"href":"https:\/\/soemods-bolcher.dk\/en\/wp-json\/wp\/v2\/pages"}],"about":[{"href":"https:\/\/soemods-bolcher.dk\/en\/wp-json\/wp\/v2\/types\/page"}],"author":[{"embeddable":true,"href":"https:\/\/soemods-bolcher.dk\/en\/wp-json\/wp\/v2\/users\/1"}],"replies":[{"embeddable":true,"href":"https:\/\/soemods-bolcher.dk\/en\/wp-json\/wp\/v2\/comments?post=1998"}],"version-history":[{"count":3,"href":"https:\/\/soemods-bolcher.dk\/en\/wp-json\/wp\/v2\/pages\/1998\/revisions"}],"predecessor-version":[{"id":2285,"href":"https:\/\/soemods-bolcher.dk\/en\/wp-json\/wp\/v2\/pages\/1998\/revisions\/2285"}],"wp:attachment":[{"href":"https:\/\/soemods-bolcher.dk\/en\/wp-json\/wp\/v2\/media?parent=1998"}],"curies":[{"name":"wp","href":"https:\/\/api.w.org\/{rel}","templated":true}]}}